{"id":1310,"date":"2019-06-16T17:11:27","date_gmt":"2019-06-16T20:11:27","guid":{"rendered":"https:\/\/isfd11-bue.infd.edu.ar\/sitio\/?page_id=1310"},"modified":"2021-06-29T19:32:54","modified_gmt":"2021-06-29T22:32:54","slug":"herramientas-digitales","status":"publish","type":"page","link":"https:\/\/isfd11-bue.infd.edu.ar\/sitio\/herramientas-digitales\/","title":{"rendered":"HERRAMIENTAS DIGITALES"},"content":{"rendered":"<p class=\"gmail-CDt4Ke gmail-zfr3Q\" dir=\"ltr\">Estimadas\/os<\/p>\n<div><\/div>\n<div>Las profesoras\u00a0 Vior Martina y Vior Natacha han creado un sitio\u00a0con una serie de materiales para adquirir algunas destrezas del mundo de las tecnolog\u00edas de la informaci\u00f3n y la comunicaci\u00f3n.<\/div>\n<div><\/div>\n<div><a href=\"https:\/\/sites.google.com\/view\/isfdn11\/inicio\"><span style=\"font-size: large;\"><strong><span style=\"color: #0000ff;\">https:\/\/sites.google.com\/view\/isfdn11\/inicio<\/span><\/strong><\/span><\/a><\/div>\n<div><\/div>\n<div>Esperamos les sea de utilidad<\/div>\n<div><\/div>\n<div>Saludos cordiales.<\/div>\n<div><\/div>\n<div>EQUIPO DIRECTIVO-ISFD 11<\/div>\n","protected":false},"excerpt":{"rendered":"<p>Estimadas\/os Las profesoras\u00a0 Vior Martina y Vior Natacha han creado un sitio\u00a0con una serie de materiales para adquirir algunas destrezas del mundo de las tecnolog\u00edas de la informaci\u00f3n y la comunicaci\u00f3n. https:\/\/sites.google.com\/view\/isfdn11\/inicio Esperamos les sea de utilidad Saludos cordiales. EQUIPO DIRECTIVO-ISFD 11<\/p>\n","protected":false},"author":2645,"featured_media":0,"parent":0,"menu_order":0,"comment_status":"closed","ping_status":"closed","template":"","meta":[],"acf":[],"_links":{"self":[{"href":"https:\/\/isfd11-bue.infd.edu.ar\/sitio\/wp-json\/wp\/v2\/pages\/1310"}],"collection":[{"href":"https:\/\/isfd11-bue.infd.edu.ar\/sitio\/wp-json\/wp\/v2\/pages"}],"about":[{"href":"https:\/\/isfd11-bue.infd.edu.ar\/sitio\/wp-json\/wp\/v2\/types\/page"}],"author":[{"embeddable":true,"href":"https:\/\/isfd11-bue.infd.edu.ar\/sitio\/wp-json\/wp\/v2\/users\/2645"}],"replies":[{"embeddable":true,"href":"https:\/\/isfd11-bue.infd.edu.ar\/sitio\/wp-json\/wp\/v2\/comments?post=1310"}],"version-history":[{"count":12,"href":"https:\/\/isfd11-bue.infd.edu.ar\/sitio\/wp-json\/wp\/v2\/pages\/1310\/revisions"}],"predecessor-version":[{"id":2068,"href":"https:\/\/isfd11-bue.infd.edu.ar\/sitio\/wp-json\/wp\/v2\/pages\/1310\/revisions\/2068"}],"wp:attachment":[{"href":"https:\/\/isfd11-bue.infd.edu.ar\/sitio\/wp-json\/wp\/v2\/media?parent=1310"}],"curies":[{"name":"wp","href":"https:\/\/api.w.org\/{rel}","templated":true}]}}