{"id":1693,"date":"2020-12-02T19:04:12","date_gmt":"2020-12-02T22:04:12","guid":{"rendered":"https:\/\/isfd11-bue.infd.edu.ar\/sitio\/?page_id=1693"},"modified":"2022-02-18T08:40:59","modified_gmt":"2022-02-18T11:40:59","slug":"inscripcion-2022-isfd-11","status":"publish","type":"page","link":"https:\/\/isfd11-bue.infd.edu.ar\/sitio\/inscripcion-2022-isfd-11\/","title":{"rendered":"INSCRIPCI\u00d3N PRIMER A\u00d1O 2022-ISFD 11"},"content":{"rendered":"<p>\u00a0<\/p>\n<p><strong>ESTIMADAS\/OS:<\/strong><\/p>\n<p><strong>EN PRIMER T\u00c9RMINO, AGRADECER POR CONFIAR Y DESEAR PERTENECER A NUESTRA COMUNIDAD EDUCATIVA.<\/strong><\/p>\n<p><span style=\"color: #ff0000;\"><strong>LA INSCRIPCI\u00d3N PARA TODAS LAS CARRERAS DE PRIMER A\u00d1O COMIENZA EL 1\u00b0 DE DICIEMBRE HASTA EL 22 DE DICIEMBRE 2021.<\/strong><\/span><\/p>\n<h4><span style=\"color: #ff0000;\"><strong>A PARTIR DEL 14 DE\u00a0 FEBRERO 2022 HABILITAREMOS LA INSCRIPCI\u00d3N PARA AQUELLAS CARRERAS EN LAS QUE A\u00daN EXISTAN VACANTES DISPONIBLES.<\/strong><\/span><\/h4>\n<p style=\"text-align: center;\"><strong>NUESTROS HORARIOS SON:<\/strong><\/p>\n<p style=\"text-align: center;\"><strong>TURNO MA\u00d1ANA: 7.45 A 12.00 HS<\/strong><\/p>\n<p style=\"text-align: center;\"><strong>TURNO TARDE: 13.30-17.30 HS<\/strong><\/p>\n<p style=\"text-align: center;\"><strong>TURNO VESPERTINO: 18.30-22 HS<\/strong><\/p>\n<p>\u00a0<\/p>\n<p>LAS CARRERAS QUE OFRECEMOS EN NUESTRO INSTITUTO SON LAS SIGUIENTES:\u00a0 El enlace lleva al Dise\u00f1o Curricular de cada Carrera:<\/p>\n<ul>\n<li><a href=\"https:\/\/isfd11-bue.infd.edu.ar\/sitio\/plan-de-estudios-2\/\" target=\"_blank\" rel=\"noopener\">PROFESORADO PARA EL NIVEL INICIAL<\/a> \u2013TURNO MA\u00d1ANA Y TURNO VESPERTINO<\/li>\n<li><a href=\"https:\/\/isfd11-bue.infd.edu.ar\/sitio\/plan-de-estudios\/\" target=\"_blank\" rel=\"noopener\">PROFESORADO PARA EL NIVEL PRIMARIO<\/a>&#8211; TURNO MA\u00d1ANA Y TURNO VESPERTINO<\/li>\n<li><a href=\"https:\/\/isfd11-bue.infd.edu.ar\/sitio\/plan-de-estudios-5\/\" target=\"_blank\" rel=\"noopener\">PROFESORADO DE INGL\u00c9S<\/a>&#8211; TURNO TARDE<\/li>\n<li><a href=\"https:\/\/isfd11-bue.infd.edu.ar\/sitio\/plan-de-estudios-4\/\" target=\"_blank\" rel=\"noopener\">PROFESORADO DE ECONOM\u00cdA<\/a>&#8211; TURNO VESPERTINO<\/li>\n<li><a href=\"https:\/\/isfd11-bue.infd.edu.ar\/sitio\/plan-de-estudios-6\/\" target=\"_blank\" rel=\"noopener\">PROFESORADO DE CS. POL\u00cdTICAS<\/a>&#8211; TURNO VESPERTINO<\/li>\n<li><a href=\"https:\/\/isfd11-bue.infd.edu.ar\/sitio\/plan-de-estudios-3\/\" target=\"_blank\" rel=\"noopener\">PROFESORADO DE MATEM\u00c1TICA<\/a>&#8211; TURNO VESPERTINO<\/li>\n<\/ul>\n<p><strong>1era ETAPA DE INSCRIPCI\u00d3N.<\/strong><\/p>\n<p><strong>Antes de iniciar las etapas de inscripci\u00f3n deber\u00e1 contar OBLIGATORIAMENTE con una cuenta de correo electr\u00f3nica de GMAIL, recomendamos que el usuario sea adecuado para una comunicaci\u00f3n en una instituci\u00f3n educativa y de formaci\u00f3n profesional docente.<\/strong><\/p>\n<p><strong><u>FORMULARIO DE INSCRIPCI\u00d3N ON-LINE.<\/u><\/strong><\/p>\n<p>Completar el FORMULARIO INSTITUCIONAL ON LINE POR CARRERA Y ENVIARLO.<\/p>\n<p>Deber\u00e1 adjuntar a este formulario solo la cara de frente del DNI, tenerlo previamente escaneado, el formulario no le permitir\u00e1 completarlo si no carga la foto de su DNI.<\/p>\n<p><strong>A continuaci\u00f3n le dejamos un <a href=\"https:\/\/youtu.be\/ccndtx8Vca0\" target=\"_blank\" rel=\"noopener\">video tutorial de c\u00f3mo hacerlo<\/a>.<\/strong><\/p>\n<h4 style=\"text-align: center;\"><span style=\"color: #0000ff;\">Seleccionar el FORMULARIO INSTITUCIONAL ON LINE.\u00a0 El enlace lo llevar\u00e1 al formulario. <span style=\"color: #ff0000;\">(estar\u00e1n habilitados a partir del 14 de febrero para aquellas carreras en las que exista vacantes disponibles)<\/span><\/span><\/h4>\n<p>\u00a0<\/p>\n<ul>\n<li style=\"text-align: left;\"><a href=\"https:\/\/forms.gle\/AHvX9PyPJYhLvYD39\" target=\"_blank\" rel=\"noopener\">PROFESORADO DE INICIAL TURNO MA\u00d1ANA<\/a><\/li>\n<li style=\"text-align: left;\"><a href=\"https:\/\/forms.gle\/aA93HehC95FMgzm67\" target=\"_blank\" rel=\"noopener\">PROFESORADO DE INICIAL TURNO VESPERTINO<\/a><\/li>\n<li style=\"text-align: left;\"><a href=\"https:\/\/forms.gle\/eQYe5z6wEL2cRfcR8\" target=\"_blank\" rel=\"noopener\">PROFESORADO DE PRIMARIA TURNO MA\u00d1ANA<\/a><\/li>\n<li style=\"text-align: left;\"><a href=\"https:\/\/forms.gle\/9zzfubGXYWDe45JG8\" target=\"_blank\" rel=\"noopener\">PROFESORADO DE PRIMARIA TURNO VESPERTINO<\/a><\/li>\n<li style=\"text-align: left;\"><a href=\"https:\/\/forms.gle\/cUNtrJ7JskDwwpDbA\" target=\"_blank\" rel=\"noopener\">PROFESORAD DE INGL\u00c9S TURNO TARDE<\/a><\/li>\n<li style=\"text-align: left;\"><a href=\"https:\/\/forms.gle\/TTg4yEVtxHpsyG7K8\" target=\"_blank\" rel=\"noopener\">PROFESORADO DE MATEM\u00c1TICA TURNO VESPERTINO<\/a><\/li>\n<li style=\"text-align: left;\"><a href=\"https:\/\/forms.gle\/aAEPq7U87dak7mhb6\" target=\"_blank\" rel=\"noopener\">PROFESORADO DE CS.POL\u00cdTICAS TURNO VESPERTINO<\/a><\/li>\n<li style=\"text-align: left;\"><a href=\"https:\/\/forms.gle\/UDC3eHfLQM5GUmu5A\" target=\"_blank\" rel=\"noopener\">PROFESORADO DE ECONOM\u00cdA TURNO VESPERTINO<\/a><\/li>\n<\/ul>\n<p>El env\u00edo de este formulario institucional, NO SIGNIFICA que est\u00e9 ya inscripto; s\u00f3lo tendr\u00e1 su vacante al terminar con la 2da ETAPA de la inscripci\u00f3n y hacer el CURSO de INICIO correspondiente.<\/p>\n<p><strong>2da ETAPA DE INSCRIPCI\u00d3N<\/strong><\/p>\n<p>Al momento de completar el FORMULARIO INSTITUCIONAL\u00a0 y enviarlo, usted recibir\u00e1 en el d\u00eda o a los pocos d\u00edas un correo del Instituto en que\u00a0 se le citar\u00e1\u00a0 a concurrir personalmente con toda la documentaci\u00f3n requerida.<\/p>\n<p>Aqu\u00ed compartimos con ustedes los correos institucionales por carrera y turno: \u00a0\u00a0 \u00a0\u00a0<a href=\"https:\/\/isfd11-bue.infd.edu.ar\/sitio\/vias-de-comunicacion\/\">Enlace de Correos institucionales<\/a><\/p>\n<p>DOCUMENTACI\u00d3N QUE DEBER\u00c1N PRESENTAR EN EL INSTITUTO -ORIGINAL Y FOTOCOPIA-\u00a0 TODO DENTRO DE UN FOLIO TIPO OFICIO (con Etiqueta en el que conste NOMBRE Y APELLIDO-CARRERA-DNI)<\/p>\n<p><a href=\"https:\/\/isfd11-bue.infd.edu.ar\/sitio\/wp-content\/uploads\/2021\/11\/FICHA-DE-INSCRIPCIoN-A1-2022.pdf\">FICHA-DE-INSCRIPCI\u00d3N 2022-\u00a0 (hacer click)<\/a><\/p>\n<p>Bajar la solicitud (dos copias), completar, firmar, y adherirle una foto en el recuadro a 1 (una) sola de las copias.<\/p>\n<ol start=\"2\">\n<li><strong><u> CERTIFICADO M\u00c9DICO APTO PSICO-F\u00cdSICO<\/u><\/strong> (En el certificado debe decir algo as\u00ed: <em>\u00abLa\/el \u2026\u2026\u2026\u2026\u2026\u2026\u2026\u2026, DNI \u2026\u2026\u2026\u2026. se encuentra apta\/o f\u00edsica y ps\u00edquicamente para iniciar estudios de carrera docente\u00bb<\/em>) FIRMA Y SELLO DEL M\u00c9DICO BIEN LEGIBLE Y FECHA DE EMISI\u00d3N.\u00a0 <strong>PUEDEN TRAERLA HASTA EL MES DE ABRIL 2022<\/strong><\/li>\n<li><strong><u> DNI<\/u><\/strong> Original y Fotocopia<\/li>\n<li><strong><u> TITULO SECUNDARIO<\/u><\/strong><\/li>\n<\/ol>\n<ul>\n<li>Si a\u00fan no tiene el t\u00edtulo, pedir un certificado de t\u00edtulo en tr\u00e1mite actualizado (vence cada 60 d\u00edas).\u00a0<\/li>\n<li>Si est\u00e1 cursando el \u00faltimo a\u00f1o de secundaria, hasta el 30 de Abril de 2022, solicitar Constancia General.\u00a0<\/li>\n<li>Pasada esa fecha, deber\u00e1 actualizarla con Constancia de T\u00edtulo en tr\u00e1mite.<\/li>\n<li>Si adeuda materias, deber\u00e1n figurar en la Constancia de T\u00edtulo en tr\u00e1mite, qu\u00e9 materias adeuda rendir.\u00a0 Qui\u00e9nes se inscriben\u00a0 adeudando alguna asignatura, conformar\u00e1n un listado de Inscripci\u00f3n Condicional, hasta 31 de Agosto 2022.<\/li>\n<li>Las\/os preceptoras\/es: visar\u00e1n toda la documentaci\u00f3n original.<\/li>\n<\/ul>\n<p><strong>CUOTA COOPERADORA ANUAL<\/strong><\/p>\n<p><strong>El monto Anual es de $ 2.000\u00a0 (2022) para todas las carreras, a pesar de ser un aporte voluntario, es fundamental y necesario para el buen funcionamiento de la Instituci\u00f3n.<\/strong>\u00a0 <strong>El pago puede realizarlo en su totalidad o en cuotas a lo largo del a\u00f1o.<\/strong><\/p>\n<p><strong>CURSO DE INGRESO INICIAL-2022<\/strong><\/p>\n<p>El Curso de Ingreso comienza el Lunes 04 de Abril al 13 de Abril.\u00a0 Ser\u00e1 PRESENCIAL Y OBLIGATORIO en el Instituto.\u00a0 En orden a continuar con los cuidados necesarios por el COVI-19, cada curso estar\u00e1 dividido en dos grupo y vendr\u00e1n a Instituto en d\u00edas alternados.<\/p>\n<p>Qui\u00e9nes se hayan inscripto, recibir\u00e1n mas detalles en sus respectivos correos electr\u00f3nicos hacia mediados de Marzo.<\/p>\n<h5 style=\"text-align: center;\"><span style=\"color: #ff0000;\"><b>SOLO PARA INGRESANTES A LA CARRERA DE INGL\u00c9S<\/b><\/span><\/h5>\n<p><strong>CURSO INTRODUCTORIO<\/strong><\/p>\n<p>MI\u00c9RCOLES 9\/03, 13:30hs: Taller de oralidad<\/p>\n<p>VIERNES 11\/03, 13:30hs: Taller de escritura<\/p>\n<p>MARTES 15\/03, 13:30hs: Taller de escritura<\/p>\n<p>JUEVES 17\/03, 13:30hs: Taller de oralidad<\/p>\n<p><a href=\"https:\/\/ingles-ingresoycares.blogspot.com\/?m=1\"><strong>BLOG PARA TRABAJO AUT\u00d3NOMO Y PREPARACI\u00d3N DE LOS EX\u00c1MENES\u00a0\u00a0<\/strong><\/a><\/p>\n<p><strong>EX\u00c1MENES DE NIVELACI\u00d3N\u00a0<\/strong><\/p>\n<p>ESCRITO, 13:30hs: MARTES 22\/03<\/p>\n<p>ORAL, 13:30hs: VIERNES 25\/03<\/p>\n<h4 style=\"text-align: right;\"><strong>\u00a0 \u00a0 \u00a0 \u00a0 \u00a0 \u00a0 \u00a0 \u00a0 \u00a0 \u00a0 \u00a0 \u00a0 \u00a0 \u00a0 \u00a0 \u00a0 \u00a0 \u00a0 \u00a0 \u00a0 \u00a0 \u00a0 \u00a0 \u00a0 \u00a0 \u00a0 \u00a0 \u00a0 \u00a0 \u00a0 \u00a0 \u00a0 \u00a0 \u00a0 \u00a0 \u00a0 \u00a0 \u00a0 \u00a0 \u00a0 \u00a0 \u00a0 \u00a0 \u00a0 \u00a0 \u00a0 \u00a0 \u00a0 \u00a0 \u00a0 \u00a0 \u00a0 \u00a0 \u00a0 \u00a0 \u00a0 \u00a0 \u00a0 \u00a0 \u00a0 <span style=\"color: #0000ff;\">\u00a0\u00a1\u00a1\u00a1BIENVENIDAS\/OS A NUESTRO QUERIDO INSTITUTO 11!!!<\/span><\/strong><\/h4>\n<p>PREGUNTAS:<\/p>\n<p><strong>\u00bfD\u00f3nde queda el Instituto?<\/strong>\u00a0 El instituto se encuentra en la calle Ituzaing\u00f3 1770. Lan\u00fas Este. A 7 cuadras de la estaci\u00f3n de Lan\u00fas. A 1 cuadra de la Av.9 de Julio.\u00a0<\/p>\n<p><strong>\u00bfQu\u00e9 validez tienen los t\u00edtulos que otorga el Instituto?\u00a0<\/strong> Se otorgan t\u00edtulos de validez Nacional. Nuestro Instituto es de Gesti\u00f3n P\u00fablica y gratuita de la Pcia. de Buenos Aires.<\/p>\n<p><strong>\u00bfCu\u00e1nto dura la carrera?<\/strong>\u00a0 Por Dise\u00f1o Curricular, las carreras duran 4 (cuatro) a\u00f1os, pueden extenderse un tiempo m\u00e1s.<\/p>\n<p><strong>\u00bfHay l\u00edmite de edad para inscribirse?<\/strong>\u00a0 No hay l\u00edmites de edad<\/p>\n<div id=\"sfc5ar181qsyju6nkmqs76kqk6ruwl1rrjx\">\u00a0<\/div>\n<p><script type=\"text\/javascript\" src=\"https:\/\/counter8.stat.ovh\/private\/counter.js?c=5ar181qsyju6nkmqs76kqk6ruwl1rrjx&amp;down=async\" async=\"\"><\/script><noscript><a href=\"https:\/\/www.contadorvisitasgratis.com\" title=\"contador de visitas gratis\"><img decoding=\"async\" src=\"https:\/\/counter8.stat.ovh\/private\/contadorvisitasgratis.php?c=5ar181qsyju6nkmqs76kqk6ruwl1rrjx\" border=\"0\" title=\"contador de visitas gratis\" alt=\"contador de visitas gratis\"><\/a><\/noscript><\/p>\n\n\n<p><\/p>\n","protected":false},"excerpt":{"rendered":"<p>\u00a0 ESTIMADAS\/OS: EN PRIMER T\u00c9RMINO, AGRADECER POR CONFIAR Y DESEAR PERTENECER A NUESTRA COMUNIDAD EDUCATIVA. LA INSCRIPCI\u00d3N PARA TODAS LAS CARRERAS DE PRIMER A\u00d1O COMIENZA EL 1\u00b0 DE DICIEMBRE HASTA EL 22 DE DICIEMBRE 2021. A PARTIR DEL 14 DE\u00a0 FEBRERO 2022 HABILITAREMOS LA INSCRIPCI\u00d3N PARA AQUELLAS CARRERAS EN LAS QUE A\u00daN EXISTAN VACANTES DISPONIBLES. &#8230; <a title=\"INSCRIPCI\u00d3N PRIMER A\u00d1O 2022-ISFD 11\" class=\"read-more\" href=\"https:\/\/isfd11-bue.infd.edu.ar\/sitio\/inscripcion-2022-isfd-11\/\" aria-label=\"More on INSCRIPCI\u00d3N PRIMER A\u00d1O 2022-ISFD 11\">[+]<\/a><\/p>\n","protected":false},"author":2645,"featured_media":0,"parent":0,"menu_order":7,"comment_status":"closed","ping_status":"closed","template":"","meta":[],"acf":[],"_links":{"self":[{"href":"https:\/\/isfd11-bue.infd.edu.ar\/sitio\/wp-json\/wp\/v2\/pages\/1693"}],"collection":[{"href":"https:\/\/isfd11-bue.infd.edu.ar\/sitio\/wp-json\/wp\/v2\/pages"}],"about":[{"href":"https:\/\/isfd11-bue.infd.edu.ar\/sitio\/wp-json\/wp\/v2\/types\/page"}],"author":[{"embeddable":true,"href":"https:\/\/isfd11-bue.infd.edu.ar\/sitio\/wp-json\/wp\/v2\/users\/2645"}],"replies":[{"embeddable":true,"href":"https:\/\/isfd11-bue.infd.edu.ar\/sitio\/wp-json\/wp\/v2\/comments?post=1693"}],"version-history":[{"count":45,"href":"https:\/\/isfd11-bue.infd.edu.ar\/sitio\/wp-json\/wp\/v2\/pages\/1693\/revisions"}],"predecessor-version":[{"id":2328,"href":"https:\/\/isfd11-bue.infd.edu.ar\/sitio\/wp-json\/wp\/v2\/pages\/1693\/revisions\/2328"}],"wp:attachment":[{"href":"https:\/\/isfd11-bue.infd.edu.ar\/sitio\/wp-json\/wp\/v2\/media?parent=1693"}],"curies":[{"name":"wp","href":"https:\/\/api.w.org\/{rel}","templated":true}]}}