{"id":1883,"date":"2025-03-12T11:11:13","date_gmt":"2025-03-12T14:11:13","guid":{"rendered":"https:\/\/isfd11-bue.infd.edu.ar\/sitio\/?page_id=1883"},"modified":"2026-03-11T10:03:00","modified_gmt":"2026-03-11T13:03:00","slug":"inscripciones-de-2do-a-4to-2026","status":"publish","type":"page","link":"https:\/\/isfd11-bue.infd.edu.ar\/sitio\/inscripcion-alumnos-regulares-de-2-a-4-ano\/inscripciones-de-2do-a-4to-2026\/","title":{"rendered":"INSCRIPCIONES DE 2\u00b0 a 4\u00b0 A\u00d1O &#8211; CICLO LECTIVO 2026"},"content":{"rendered":"<h5>Estimadas\/os estudiantes:<\/h5>\n<p><span style=\"color: #0000ff;\">ATENCI\u00d3N ESTUDIANTES DE MATEM\u00c1TICA &#8211; HORARIOS 1\u00ba A\u00d1O\u00a0<strong>2026<\/strong> <a href=\"https:\/\/docs.google.com\/spreadsheets\/d\/1bdTQC0SNM8WxH3OYh4AUEjI7RXZNitJGkApJv1zynwQ\/edit?usp=sharing\">AQU\u00cd<\/a><\/span><\/p>\n<h5 style=\"text-align: center;\"><span style=\"color: #ff0000;\">La INSCRIPCI\u00d3N DE 2do a 4to A\u00d1O de todas las carreras para el ciclo 2025 es del 25\/02 al 27\/02.\u00a0\u00a0<\/span><\/h5>\n<h3 style=\"text-align: center;\"><em><strong>ENCONTRAR\u00c1N LAS PLANILLAS DE INSCRIPCI\u00d3N HACIENDO CLICK SOBRE CADA CARRERA<\/strong><\/em><\/h3>\n<table width=\"803\">\n<tbody>\n<tr>\n<td width=\"271\"><a href=\"https:\/\/drive.google.com\/file\/d\/1bZ964ifY6X4N7_7cEcJRYyKVTfNREB9i\/view?usp=sharing\">PROFESORADO DE DE MATEM\u00c1TICA<\/a><\/td>\n<td width=\"271\"><a href=\"https:\/\/drive.google.com\/file\/d\/1BkE669LXesXHidqEc2VoLGU1f7wmKKtJ\/view?usp=sharing\">PROFESORADO DE EDUCACI\u00d3N PRIMARIA<\/a><\/td>\n<td width=\"262\"><a href=\"https:\/\/drive.google.com\/file\/d\/1PCqzAUrMrRVgsKKDhMVdE724LGJroQBD\/view?usp=sharing\">PROFESORADO DE ECONOM\u00cdA<\/a><\/td>\n<\/tr>\n<tr>\n<td width=\"271\"><a href=\"https:\/\/drive.google.com\/file\/d\/15Rhu_dyrHajpP2RMbVc_wViQijAkFn-V\/view?usp=sharing\">PROFESORADO DE INGL\u00c9S<\/a><\/td>\n<td width=\"271\"><a href=\"https:\/\/drive.google.com\/file\/d\/16kbXs6-jrG3-WJ7ZZmy1Q0B7n3sRaX3d\/view?usp=sharing\">PROFESORADO DE EDUCACI\u00d3N INICIAL<\/a><\/td>\n<td width=\"262\"><a href=\"https:\/\/drive.google.com\/file\/d\/11zSPD77jg2y2om5Oo9KPPzvwtMvsgcFY\/view?usp=sharing\">PROFESORADO DE CIENCIA POL\u00cdTICA<\/a><\/td>\n<\/tr>\n<\/tbody>\n<\/table>\n<p>\u00a0<\/p>\n<p><strong><span style=\"color: #ff0000;\">NO SE PUEDEN INSCRIBIR COMO LIBRES EN:\u00a0 PR\u00c1CTICA, TALLERES, EDI Y ATENEOS<\/span><\/strong>\u00a0 \u00a0\u00a0<\/p>\n<p>\u00a0<\/p>\n<p style=\"text-align: center;\">Cualquier situaci\u00f3n particular o duda, podr\u00e1n comunicarse con sus respectivas\/os jefes de \u00e1rea, referentes o preceptores de carrera.<\/p>\n<p>\u00a0<\/p>\n\n\n<p><\/p>\n","protected":false},"excerpt":{"rendered":"<p>Estimadas\/os estudiantes: ATENCI\u00d3N ESTUDIANTES DE MATEM\u00c1TICA &#8211; HORARIOS 1\u00ba A\u00d1O\u00a02026 AQU\u00cd La INSCRIPCI\u00d3N DE 2do a 4to A\u00d1O de todas las carreras para el ciclo 2025 es del 25\/02 al 27\/02.\u00a0\u00a0 ENCONTRAR\u00c1N LAS PLANILLAS DE INSCRIPCI\u00d3N HACIENDO CLICK SOBRE CADA CARRERA PROFESORADO DE DE MATEM\u00c1TICA PROFESORADO DE EDUCACI\u00d3N PRIMARIA PROFESORADO DE ECONOM\u00cdA PROFESORADO DE INGL\u00c9S &#8230; <a title=\"INSCRIPCIONES DE 2\u00b0 a 4\u00b0 A\u00d1O &#8211; CICLO LECTIVO 2026\" class=\"read-more\" href=\"https:\/\/isfd11-bue.infd.edu.ar\/sitio\/inscripcion-alumnos-regulares-de-2-a-4-ano\/inscripciones-de-2do-a-4to-2026\/\" aria-label=\"More on INSCRIPCIONES DE 2\u00b0 a 4\u00b0 A\u00d1O &#8211; CICLO LECTIVO 2026\">[+]<\/a><\/p>\n","protected":false},"author":5369,"featured_media":0,"parent":1055,"menu_order":0,"comment_status":"closed","ping_status":"closed","template":"","meta":[],"acf":[],"_links":{"self":[{"href":"https:\/\/isfd11-bue.infd.edu.ar\/sitio\/wp-json\/wp\/v2\/pages\/1883"}],"collection":[{"href":"https:\/\/isfd11-bue.infd.edu.ar\/sitio\/wp-json\/wp\/v2\/pages"}],"about":[{"href":"https:\/\/isfd11-bue.infd.edu.ar\/sitio\/wp-json\/wp\/v2\/types\/page"}],"author":[{"embeddable":true,"href":"https:\/\/isfd11-bue.infd.edu.ar\/sitio\/wp-json\/wp\/v2\/users\/5369"}],"replies":[{"embeddable":true,"href":"https:\/\/isfd11-bue.infd.edu.ar\/sitio\/wp-json\/wp\/v2\/comments?post=1883"}],"version-history":[{"count":57,"href":"https:\/\/isfd11-bue.infd.edu.ar\/sitio\/wp-json\/wp\/v2\/pages\/1883\/revisions"}],"predecessor-version":[{"id":6300,"href":"https:\/\/isfd11-bue.infd.edu.ar\/sitio\/wp-json\/wp\/v2\/pages\/1883\/revisions\/6300"}],"up":[{"embeddable":true,"href":"https:\/\/isfd11-bue.infd.edu.ar\/sitio\/wp-json\/wp\/v2\/pages\/1055"}],"wp:attachment":[{"href":"https:\/\/isfd11-bue.infd.edu.ar\/sitio\/wp-json\/wp\/v2\/media?parent=1883"}],"curies":[{"name":"wp","href":"https:\/\/api.w.org\/{rel}","templated":true}]}}