{"id":2041,"date":"2021-06-24T13:12:59","date_gmt":"2021-06-24T16:12:59","guid":{"rendered":"https:\/\/isfd11-bue.infd.edu.ar\/sitio\/?page_id=2041"},"modified":"2025-12-04T19:27:24","modified_gmt":"2025-12-04T22:27:24","slug":"inscripcion-1ro-2026","status":"publish","type":"page","link":"https:\/\/isfd11-bue.infd.edu.ar\/sitio\/inscripcion-1ro-2026\/","title":{"rendered":"INSCRIPCI\u00d3N-INFORMACI\u00d3N 2026"},"content":{"rendered":"\n<p class=\"has-text-align-center has-base-3-color has-text-color has-background has-large-font-size\" style=\"background-color:#27e7f5\"><strong>ATENCI\u00d3N INGRESANTES AL PROFESORADO DE INGL\u00c9S<\/strong><\/p>\n\n\n\n<p class=\"has-text-align-center has-background has-medium-font-size\" style=\"background-color:#bcfddc\">Se informa que el pr\u00f3ximo <strong>MI\u00c9RCOLES 17 DE DICIEMBRE<\/strong> a las 13:00 deber\u00e1n concurrir al Instituto a realizar el <strong>EXAMEN DE PROFICIENCIA <\/strong>para el ingreso a la carrera.<\/p>\n\n\n\n<p>El examen consta de dos componentes:<\/p>\n\n\n\n<ul>\n<li>Una redacci\u00f3n de entre 120 y 150 palabras sobre un tema general que se presentar\u00e1 en el momento del examen.<\/li>\n\n\n\n<li>Una breve entrevista oral de la que participar\u00e1n 2 (dos) candidatos por vez.<\/li>\n<\/ul>\n\n\n\n<p>En el siguiente link podr\u00e1n encontrar actividades de pr\u00e1ctica para el examen:<\/p>\n\n\n\n<p><a href=\"https:\/\/ingles-ingresoycares.blogspot.com\/2020\/12\/interesting-videos.html\">https:\/\/ingles-ingresoycares.blogspot.com\/2020\/12\/interesting-videos.html<\/a><\/p>\n\n\n\n<p><strong>IMPORTANTE:<\/strong> El examen <strong><em>no es eliminatorio<\/em><\/strong>. Se trata de una <strong><em>instancia necesaria<\/em><\/strong> para determinar su ingreso a 1\u00ba a\u00f1o o a CUFBA (Curso de Formaci\u00f3n B\u00e1sica), seg\u00fan las habilidades ling\u00fc\u00edsticas de cada aspirante. &nbsp;El mismo tiene como finalidad determinar los conocimientos de la lengua inglesa del candidato y las posibilidades que tiene de desenvolverse en una clase de 1\u00ba a\u00f1o, aplicando lo que sabe.<\/p>\n\n\n\n<p>Los resultados ser\u00e1n comunicados alrededor del 22 de diciembre v\u00eda correo electr\u00f3nico. No se indicar\u00e1 nota num\u00e9rica, sino INGRESO A CUFBA\/INGRESO A 1\u00ba A\u00d1O.<\/p>\n\n\n\n<p><strong>DOCUMENTACI\u00d3N:<\/strong> <strong>El d\u00eda del examen<\/strong> <strong>los\/as candidatos\/as deber\u00e1n concurrir con:<\/strong><\/p>\n\n\n\n<ul>\n<li>DNI. Original y fotocopia de frente y reverso.<\/li>\n\n\n\n<li>T\u00cdTULO SECUNDARIO O CERTIFICADO DE ESTUDIOS. Original y copia de ambos lados.<\/li>\n\n\n\n<li>PLANILLA DE INSCRIPCI\u00d3N DESCARGABLE DEL SIU GUARAN\u00cd (Descargar, imprimir y adjuntar foto carnet)<\/li>\n\n\n\n<li><a href=\"https:\/\/drive.google.com\/file\/d\/1Owicbe8Rucq6MINdVS6Ir9IHwHrOhIW7\/view?usp=sharing\">FICHA DE SALUD<\/a> (Descargar, imprimir y completar)<\/li>\n\n\n\n<li>FOLIO con la documentaci\u00f3n solicitada.<\/li>\n\n\n\n<li>Bono contribuci\u00f3n Cooperadora (se puede abonar el mismo d\u00eda)<\/li>\n<\/ul>\n\n\n\n<p class=\"has-background\" style=\"background-color:#9bf2da\">&nbsp;El <strong>PROFESORADO DE INGL\u00c9S<\/strong> se cursa solamente en el <strong>TURNO TARDE<\/strong> de lunes a viernes de 13:30 a 17:40.<\/p>\n\n\n\n<h2 class=\"wp-block-heading has-text-align-center has-base-3-color has-cool-to-warm-spectrum-gradient-background has-text-color has-background\"><strong>ATENCI\u00d3N INGRESANTES 2026<\/strong><\/h2>\n\n\n\n<p><\/p>\n\n\n\n<p class=\"has-accent-color has-text-color\">A partir del <strong>MI\u00c9RCOLES 3 DE DICIEMBRE<\/strong> ,y durante los d\u00edas subsiguientes, comenzar\u00e1n a recibir de manera INDIVIDUAL un <strong>CORREO ELECTR\u00d3NICO<\/strong> en el cual se les indicar\u00e1 la fecha en que deber\u00e1n presentar la <strong>DOCUMENTACI\u00d3N<\/strong> en formato papel en nuestro Instituto.<\/p>\n\n\n\n<p class=\"has-accent-color has-text-color\"><strong>IMPORTANTE:<\/strong>  No todos recibir\u00e1n el correo al mismo tiempo, por lo tanto se les recomienda revisar sus casillas a diario. <\/p>\n\n\n\n<p class=\"has-accent-color has-text-color\">En caso de no recibir ning\u00fan correo hasta el d\u00eda 15\/12, DEBER\u00c1N PRESENTARSE personalmente en el Instituto el d\u00eda 20\/12 con toda la documentaci\u00f3n.<\/p>\n\n\n\n<p><\/p>\n\n\n\n<p class=\"has-text-align-center has-base-3-color has-accent-background-color has-text-color has-background\"><strong>DOCUMENTACI\u00d3N PARA SER PRESENTADA EN FORMATO PAPEL (a partir del mes de diciembre)<\/strong><\/p>\n\n\n\n<ul>\n<li>DNI. Original y fotocopia de frente y reverso.<\/li>\n\n\n\n<li>T\u00cdTULO SECUNDARIO O CERTIFICADO DE ESTUDIOS. Original y copia de ambos lados.<\/li>\n\n\n\n<li>PLANILLA DE INSCRIPCI\u00d3N DESCARGABLE DEL SIU GUARAN\u00cd (Descargar, imprimir y adjuntar foto carnet)<\/li>\n\n\n\n<li>FICHA DE SALUD (Descargar, imprimir y completar)<\/li>\n\n\n\n<li>FOLIO con la documentaci\u00f3n solicitada.<\/li>\n\n\n\n<li>Contribuci\u00f3n anual COOPERADORA ($30.000)<\/li>\n\n\n\n<li><\/li>\n\n\n\n<li><strong>IMPORTANTE<\/strong>: Los\/as inscriptos recibir\u00e1n un correo electr\u00f3nico en el cual se le indicar\u00e1 en qu\u00e9 d\u00eda y horario deber\u00e1n presentar la documentaci\u00f3n. <\/li>\n<\/ul>\n\n\n\n<figure class=\"wp-block-image size-full\"><img decoding=\"async\" loading=\"lazy\" width=\"1017\" height=\"1280\" src=\"https:\/\/isfd11-bue.infd.edu.ar\/sitio\/wp-content\/uploads\/2025\/11\/WhatsApp-Image-2025-11-06-at-15.24.24-1.jpeg\" alt=\"\" class=\"wp-image-5998\" srcset=\"https:\/\/isfd11-bue.infd.edu.ar\/sitio\/wp-content\/uploads\/2025\/11\/WhatsApp-Image-2025-11-06-at-15.24.24-1.jpeg 1017w, https:\/\/isfd11-bue.infd.edu.ar\/sitio\/wp-content\/uploads\/2025\/11\/WhatsApp-Image-2025-11-06-at-15.24.24-1-795x1000.jpeg 795w, https:\/\/isfd11-bue.infd.edu.ar\/sitio\/wp-content\/uploads\/2025\/11\/WhatsApp-Image-2025-11-06-at-15.24.24-1-768x967.jpeg 768w\" sizes=\"(max-width: 1017px) 100vw, 1017px\" \/><\/figure>\n\n\n\n<figure class=\"wp-block-image size-full\"><img decoding=\"async\" loading=\"lazy\" width=\"1045\" height=\"1280\" src=\"https:\/\/isfd11-bue.infd.edu.ar\/sitio\/wp-content\/uploads\/2025\/11\/WhatsApp-Image-2025-11-06-at-15.24.24-2.jpeg\" alt=\"\" class=\"wp-image-5999\" srcset=\"https:\/\/isfd11-bue.infd.edu.ar\/sitio\/wp-content\/uploads\/2025\/11\/WhatsApp-Image-2025-11-06-at-15.24.24-2.jpeg 1045w, https:\/\/isfd11-bue.infd.edu.ar\/sitio\/wp-content\/uploads\/2025\/11\/WhatsApp-Image-2025-11-06-at-15.24.24-2-816x1000.jpeg 816w, https:\/\/isfd11-bue.infd.edu.ar\/sitio\/wp-content\/uploads\/2025\/11\/WhatsApp-Image-2025-11-06-at-15.24.24-2-768x941.jpeg 768w\" sizes=\"(max-width: 1045px) 100vw, 1045px\" \/><\/figure>\n\n\n\n<figure class=\"wp-block-image size-full\"><img decoding=\"async\" loading=\"lazy\" width=\"1032\" height=\"1280\" src=\"https:\/\/isfd11-bue.infd.edu.ar\/sitio\/wp-content\/uploads\/2025\/11\/WhatsApp-Image-2025-11-06-at-15.24.24.jpeg\" alt=\"\" class=\"wp-image-6000\" srcset=\"https:\/\/isfd11-bue.infd.edu.ar\/sitio\/wp-content\/uploads\/2025\/11\/WhatsApp-Image-2025-11-06-at-15.24.24.jpeg 1032w, https:\/\/isfd11-bue.infd.edu.ar\/sitio\/wp-content\/uploads\/2025\/11\/WhatsApp-Image-2025-11-06-at-15.24.24-806x1000.jpeg 806w, https:\/\/isfd11-bue.infd.edu.ar\/sitio\/wp-content\/uploads\/2025\/11\/WhatsApp-Image-2025-11-06-at-15.24.24-768x953.jpeg 768w\" sizes=\"(max-width: 1032px) 100vw, 1032px\" \/><\/figure>\n\n\n\n<figure class=\"wp-block-image size-full\"><img decoding=\"async\" loading=\"lazy\" width=\"1034\" height=\"1280\" src=\"https:\/\/isfd11-bue.infd.edu.ar\/sitio\/wp-content\/uploads\/2025\/11\/WhatsApp-Image-2025-11-06-at-15.24.25-1.jpeg\" alt=\"\" class=\"wp-image-6001\" srcset=\"https:\/\/isfd11-bue.infd.edu.ar\/sitio\/wp-content\/uploads\/2025\/11\/WhatsApp-Image-2025-11-06-at-15.24.25-1.jpeg 1034w, https:\/\/isfd11-bue.infd.edu.ar\/sitio\/wp-content\/uploads\/2025\/11\/WhatsApp-Image-2025-11-06-at-15.24.25-1-808x1000.jpeg 808w, https:\/\/isfd11-bue.infd.edu.ar\/sitio\/wp-content\/uploads\/2025\/11\/WhatsApp-Image-2025-11-06-at-15.24.25-1-768x951.jpeg 768w\" sizes=\"(max-width: 1034px) 100vw, 1034px\" \/><\/figure>\n\n\n\n<figure class=\"wp-block-image size-full\"><img decoding=\"async\" loading=\"lazy\" width=\"1021\" height=\"1280\" src=\"https:\/\/isfd11-bue.infd.edu.ar\/sitio\/wp-content\/uploads\/2025\/11\/WhatsApp-Image-2025-11-06-at-15.24.25-2.jpeg\" alt=\"\" class=\"wp-image-6002\" srcset=\"https:\/\/isfd11-bue.infd.edu.ar\/sitio\/wp-content\/uploads\/2025\/11\/WhatsApp-Image-2025-11-06-at-15.24.25-2.jpeg 1021w, https:\/\/isfd11-bue.infd.edu.ar\/sitio\/wp-content\/uploads\/2025\/11\/WhatsApp-Image-2025-11-06-at-15.24.25-2-798x1000.jpeg 798w, https:\/\/isfd11-bue.infd.edu.ar\/sitio\/wp-content\/uploads\/2025\/11\/WhatsApp-Image-2025-11-06-at-15.24.25-2-768x963.jpeg 768w\" sizes=\"(max-width: 1021px) 100vw, 1021px\" \/><\/figure>\n\n\n\n<p class=\"has-accent-color has-text-color\"><strong>Estimados y estimadas ingresantes<\/strong>:<\/p>\n\n\n\n<p class=\"has-accent-color has-text-color\">Es una gran alegr\u00eda para toda la Comunidad del Once darles la bienvenida a nuestros\/as futuros docentes en formaci\u00f3n. Esperamos verlos\/as en nuestras charlas informativas el d\u00eda lunes y poder resolver todas sus dudas respecto de nuestra oferta acad\u00e9mica 2026.<\/p>\n\n\n\n<p class=\"has-accent-color has-text-color\">\u00a1Los y las esperamos!<\/p>\n\n\n\n<p class=\"has-accent-color has-text-color\">  <\/p>\n\n\n\n<p class=\"has-text-align-center has-accent-color has-text-color\"><strong><em> Equipo Directivo ISFD N\u00b0 11<\/em><\/strong><\/p>\n\n\n\n<figure class=\"wp-block-gallery has-nested-images columns-default is-cropped wp-block-gallery-1 is-layout-flex\">\n<figure class=\"wp-block-image size-full\"><img decoding=\"async\" loading=\"lazy\" width=\"904\" height=\"1280\" data-id=\"5950\"  src=\"https:\/\/isfd11-bue.infd.edu.ar\/sitio\/wp-content\/uploads\/2025\/10\/charlas-info.jpeg\" alt=\"\" class=\"wp-image-5950\" srcset=\"https:\/\/isfd11-bue.infd.edu.ar\/sitio\/wp-content\/uploads\/2025\/10\/charlas-info.jpeg 904w, https:\/\/isfd11-bue.infd.edu.ar\/sitio\/wp-content\/uploads\/2025\/10\/charlas-info-706x1000.jpeg 706w, https:\/\/isfd11-bue.infd.edu.ar\/sitio\/wp-content\/uploads\/2025\/10\/charlas-info-768x1087.jpeg 768w\" sizes=\"(max-width: 904px) 100vw, 904px\" \/><\/figure>\n<\/figure>\n\n\n\n<p class=\"has-text-align-center\"><\/p>\n\n\n\n<figure class=\"wp-block-image size-full\"><img decoding=\"async\" loading=\"lazy\" width=\"1290\" height=\"1575\" src=\"https:\/\/isfd11-bue.infd.edu.ar\/sitio\/wp-content\/uploads\/2025\/10\/WhatsApp-Image-2025-10-30-at-13.44.10.jpeg\" alt=\"\" class=\"wp-image-5953\" srcset=\"https:\/\/isfd11-bue.infd.edu.ar\/sitio\/wp-content\/uploads\/2025\/10\/WhatsApp-Image-2025-10-30-at-13.44.10.jpeg 1290w, https:\/\/isfd11-bue.infd.edu.ar\/sitio\/wp-content\/uploads\/2025\/10\/WhatsApp-Image-2025-10-30-at-13.44.10-819x1000.jpeg 819w, https:\/\/isfd11-bue.infd.edu.ar\/sitio\/wp-content\/uploads\/2025\/10\/WhatsApp-Image-2025-10-30-at-13.44.10-768x938.jpeg 768w, https:\/\/isfd11-bue.infd.edu.ar\/sitio\/wp-content\/uploads\/2025\/10\/WhatsApp-Image-2025-10-30-at-13.44.10-1258x1536.jpeg 1258w\" sizes=\"(max-width: 1290px) 100vw, 1290px\" \/><\/figure>\n\n\n\n<p class=\"has-pale-ocean-gradient-background has-text-color has-background\" style=\"color:#963c3c\">                                                           <strong><em>En nuestro Instituto TE PODR\u00c1S INSCRIBIR para la<\/em><\/strong><em><strong>s siguientes carreras:<\/strong><\/em><\/p>\n\n\n\n<figure class=\"wp-block-image size-full\"><img decoding=\"async\" loading=\"lazy\" width=\"1024\" height=\"1280\" src=\"https:\/\/isfd11-bue.infd.edu.ar\/sitio\/wp-content\/uploads\/2025\/10\/pre-insc.jpeg\" alt=\"\" class=\"wp-image-5924\" srcset=\"https:\/\/isfd11-bue.infd.edu.ar\/sitio\/wp-content\/uploads\/2025\/10\/pre-insc.jpeg 1024w, https:\/\/isfd11-bue.infd.edu.ar\/sitio\/wp-content\/uploads\/2025\/10\/pre-insc-800x1000.jpeg 800w, https:\/\/isfd11-bue.infd.edu.ar\/sitio\/wp-content\/uploads\/2025\/10\/pre-insc-768x960.jpeg 768w\" sizes=\"(max-width: 1024px) 100vw, 1024px\" \/><\/figure>\n\n\n\n<p><\/p>\n\n\n\n<p class=\"has-text-align-center has-pale-ocean-gradient-background has-background\"><strong>Requisitos para  la Inscripci\u00f3n<\/strong><\/p>\n\n\n\n<ol>\n<li>Deber\u00e1 realizar la pre-inscripci\u00f3n de forma on line haciendo click en enlace corrrespondiente (<a href=\"https:\/\/preinscripcion.guaranipba.siu.edu.ar\/\">SIU GUARAN\u00cd<\/a>) Ver tutorial <a href=\"https:\/\/youtu.be\/1sd8rDHb0nk?si=OgDplC9ECnyEzVv6\">AQU\u00cd<\/a>.<\/li>\n\n\n\n<li>A partir del 1ro de Diciembre deber\u00e1 presentar personalmente la documentaci\u00f3n solicitada en la sede de nuestro Instituto. <strong><em>Importante:<\/em><\/strong>   <strong>La inscripci\u00f3n on line no garantiza la vacante. Hasta tanto no se no se presente la documentaci\u00f3n solicitada en formato papel, no se confirmar\u00e1 la vacante.<\/strong><\/li>\n<\/ol>\n\n\n\n<p class=\"has-text-align-center has-base-3-color has-pale-ocean-gradient-background has-text-color has-background\"><\/p>\n\n\n\n<p class=\"has-text-align-center has-base-background-color has-text-color has-background\" style=\"color:#39bc18\"><strong><em> IMPORTANTE:<\/em><\/strong> LOS FORMULARIOS SE ABRIR\u00c1N EL 3\/11\/2025.<\/p>\n\n\n\n<p class=\"has-white-color has-text-color\"><\/p>\n\n\n\n<p>2. <strong>DOCUMENTACI\u00d3N A PRESENTAR EN EL INSTITUTO<\/strong> (en formato papel)<\/p>\n\n\n\n<ul>\n<li>Fotocopia de <strong>Titulo secundario<\/strong> (traer el original)<\/li>\n\n\n\n<li>Si no tiene a la fecha el Titulo Secundario: <strong>Constancia de Titulo secundario en tr\u00e1mite<\/strong>, <strong>Constancia general o constancia de alumno regular, aclarando si adeudan materias<\/strong>, para ser presentada ante el I.S.F.D N\u00b0 11 (original)<\/li>\n\n\n\n<li>Fotocopia <strong>DNI&nbsp;<\/strong> frente y reverso. (Traer el original)<\/li>\n\n\n\n<li><strong>Planilla de inscripci\u00f3n<\/strong> <strong>DESCARGABLE DEL SIU GUARAN\u00cd<\/strong>. (<strong>DESCARGAR, IMPRIMIR Y ADJUNTAR FOTO CARNET<\/strong>) <\/li>\n\n\n\n<li><strong><a href=\"https:\/\/drive.google.com\/file\/d\/1Owicbe8Rucq6MINdVS6Ir9IHwHrOhIW7\/view?usp=sharing\">FICHA DE SALUD<\/a><\/strong> (Descargar, imprimir y completar)<\/li>\n\n\n\n<li><strong>Folio<\/strong> con la documentaci\u00f3n solicitada.<\/li>\n\n\n\n<li><strong>Contribuci\u00f3n Cooperadora Anual<\/strong> ($30.000 anuales)<\/li>\n<\/ul>\n\n\n\n<ul>\n<li><strong><u>Importante<\/u>: Las\/os ingresantes deben inscribirse en el turno que desean cursar la carrera<\/strong>.<\/li>\n<\/ul>\n\n\n\n<p class=\"has-text-align-center has-very-light-gray-to-cyan-bluish-gray-gradient-background has-background\"><strong><u>Fecha de pre-inscripci\u00f3n ONLINE:<\/u> por carrera, desde el 3\/11\/2025 <\/strong> <\/p>\n\n\n\n<p><mark style=\"background-color:rgba(0, 0, 0, 0)\" class=\"has-inline-color has-vivid-red-color\"><strong>IMPORTANTE:<\/strong> QUIENES REALICEN LA INSCRIPCI\u00d3N ON LINE DEBER\u00c1N TRAER LA DOCUMENTACI\u00d3N AL INSTITUTO, EN FORMATO PAPEL, A PARTIR DE<strong>  DE DICIEMBRE<\/strong>.<\/mark><\/p>\n\n\n\n<p><strong>Horario y lugar de inscripci\u00f3n:<\/strong><\/p>\n\n\n\n<p>Turno Ma\u00f1ana de 9:00 a 11:00<\/p>\n\n\n\n<p>Turno Tarde de 14:30 a 16:30<\/p>\n\n\n\n<p>Turno Vespertino de 18:30 a 20:30<\/p>\n\n\n\n<p><strong><em><u>Ituzaing\u00f3 1770<\/u>, Lan\u00fas Este<\/em><\/strong><\/p>\n\n\n\n<p> <\/p>\n\n\n\n<p> <\/p>\n","protected":false},"excerpt":{"rendered":"<p>ATENCI\u00d3N INGRESANTES AL PROFESORADO DE INGL\u00c9S Se informa que el pr\u00f3ximo MI\u00c9RCOLES 17 DE DICIEMBRE a las 13:00 deber\u00e1n concurrir al Instituto a realizar el EXAMEN DE PROFICIENCIA para el ingreso a la carrera. El examen consta de dos componentes: En el siguiente link podr\u00e1n encontrar actividades de pr\u00e1ctica para el examen: https:\/\/ingles-ingresoycares.blogspot.com\/2020\/12\/interesting-videos.html IMPORTANTE: El &#8230; <a title=\"INSCRIPCI\u00d3N-INFORMACI\u00d3N 2026\" class=\"read-more\" href=\"https:\/\/isfd11-bue.infd.edu.ar\/sitio\/inscripcion-1ro-2026\/\" aria-label=\"More on INSCRIPCI\u00d3N-INFORMACI\u00d3N 2026\">[+]<\/a><\/p>\n","protected":false},"author":5369,"featured_media":0,"parent":0,"menu_order":0,"comment_status":"closed","ping_status":"closed","template":"","meta":[],"acf":[],"_links":{"self":[{"href":"https:\/\/isfd11-bue.infd.edu.ar\/sitio\/wp-json\/wp\/v2\/pages\/2041"}],"collection":[{"href":"https:\/\/isfd11-bue.infd.edu.ar\/sitio\/wp-json\/wp\/v2\/pages"}],"about":[{"href":"https:\/\/isfd11-bue.infd.edu.ar\/sitio\/wp-json\/wp\/v2\/types\/page"}],"author":[{"embeddable":true,"href":"https:\/\/isfd11-bue.infd.edu.ar\/sitio\/wp-json\/wp\/v2\/users\/5369"}],"replies":[{"embeddable":true,"href":"https:\/\/isfd11-bue.infd.edu.ar\/sitio\/wp-json\/wp\/v2\/comments?post=2041"}],"version-history":[{"count":73,"href":"https:\/\/isfd11-bue.infd.edu.ar\/sitio\/wp-json\/wp\/v2\/pages\/2041\/revisions"}],"predecessor-version":[{"id":6178,"href":"https:\/\/isfd11-bue.infd.edu.ar\/sitio\/wp-json\/wp\/v2\/pages\/2041\/revisions\/6178"}],"wp:attachment":[{"href":"https:\/\/isfd11-bue.infd.edu.ar\/sitio\/wp-json\/wp\/v2\/media?parent=2041"}],"curies":[{"name":"wp","href":"https:\/\/api.w.org\/{rel}","templated":true}]}}