{"id":318,"date":"2016-10-31T14:20:44","date_gmt":"2016-10-31T17:20:44","guid":{"rendered":"https:\/\/isfd11-bue.infd.edu.ar\/sitio\/?page_id=318"},"modified":"2025-03-12T12:04:35","modified_gmt":"2025-03-12T15:04:35","slug":"formularios-2","status":"publish","type":"page","link":"https:\/\/isfd11-bue.infd.edu.ar\/sitio\/formularios-2\/","title":{"rendered":"FORMULARIOS PARA DESCARGAR"},"content":{"rendered":"\n<p>Estimadas\/os:  si necesitan alg\u00fan certificado, lo pueden bajar, completar y acercar al Instituto para ser firmado y sellado oportunamente.<\/p>\n\n\n\n<p class=\"has-accent-color has-text-color\">SOLICITUD DE ACREDITACI\u00d3N DE \u00daLTIMA MATERIA. <a href=\"https:\/\/drive.google.com\/file\/d\/1mlWGvdQRnz1-_vM2uadvaba-wvVxkjZX\/view?usp=sharing\">DESCARGA<\/a><\/p>\n\n\n\n<p class=\"has-accent-color has-text-color\">SOLICITUD DE MESA EXTRAORDINARIA TURNO ABRIL.  <a href=\"https:\/\/drive.google.com\/file\/d\/1sp_mmkcq7GV48hdjGQlPn-2HAlb6FQUK\/view?usp=sharing\">DESCARGA<\/a><\/p>\n\n\n\n<p class=\"has-accent-color has-text-color\">CONSTANCIA PARA INSCRIPCI\u00d3N DE RECURSANTES.<a href=\"https:\/\/drive.google.com\/file\/d\/1ueJ5MnoccohpALpYFdNwIZ5QdTkMzcuu\/view?usp=sharing\"> DESCARGA<\/a><\/p>\n\n\n\n<div class=\"wp-block-file\"><a id=\"wp-block-file--media-8897a276-907d-47d3-aafe-d079d0c103a7\" href=\"https:\/\/isfd11-bue.infd.edu.ar\/sitio\/wp-content\/uploads\/2021\/11\/CONSTANCIA-DE-ASISTENCIA-A-MESA-DE-EXAMEN-FORMULARIO-A8.pdf\">CONSTANCIA-DE-ASISTENCIA-A-MESA-DE-EXAMEN-FORMULARIO-A8<\/a><a href=\"https:\/\/isfd11-bue.infd.edu.ar\/sitio\/wp-content\/uploads\/2021\/11\/CONSTANCIA-DE-ASISTENCIA-A-MESA-DE-EXAMEN-FORMULARIO-A8.pdf\" class=\"wp-block-file__button wp-element-button\" download aria-describedby=\"wp-block-file--media-8897a276-907d-47d3-aafe-d079d0c103a7\">Descarga<\/a><\/div>\n\n\n\n<div class=\"wp-block-file\"><a id=\"wp-block-file--media-aeedb2ee-6803-44f8-9045-7f701e648c92\" href=\"https:\/\/isfd11-bue.infd.edu.ar\/sitio\/wp-content\/uploads\/2021\/11\/CONSTANCIA-ALUMNO-REGULAR-FORMULARIO-A7.pdf\">CONSTANCIA-ALUMNO-REGULAR-FORMULARIO-A7<\/a><a href=\"https:\/\/isfd11-bue.infd.edu.ar\/sitio\/wp-content\/uploads\/2021\/11\/CONSTANCIA-ALUMNO-REGULAR-FORMULARIO-A7.pdf\" class=\"wp-block-file__button wp-element-button\" download aria-describedby=\"wp-block-file--media-aeedb2ee-6803-44f8-9045-7f701e648c92\">Descarga<\/a><\/div>\n\n\n\n<p><\/p>\n\n\n\n<p><a href=\"https:\/\/isfd11-bue.infd.edu.ar\/sitio\/wp-content\/uploads\/2023\/05\/Porcentaje-de-materias-1-2.pdf\">CONSTANCIA DE PORCENTAJE DE MATERIAS APROBADAS-A9b<\/a><\/p>\n\n\n\n<p><\/p>\n\n\n\n<div class=\"wp-block-file\"><a id=\"wp-block-file--media-3b8aa8c6-dbd6-4dd7-99ea-369efc423bcf\" href=\"https:\/\/isfd11-bue.infd.edu.ar\/sitio\/wp-content\/uploads\/2021\/11\/CERTIFICADO-TITULO-EN-TRAMITE-FORMULARIO-A12.pdf\">CERTIFICADO-TITULO-EN-TRAMITE-FORMULARIO-A12<\/a><a href=\"https:\/\/isfd11-bue.infd.edu.ar\/sitio\/wp-content\/uploads\/2021\/11\/CERTIFICADO-TITULO-EN-TRAMITE-FORMULARIO-A12.pdf\" class=\"wp-block-file__button wp-element-button\" download aria-describedby=\"wp-block-file--media-3b8aa8c6-dbd6-4dd7-99ea-369efc423bcf\">Descarga<\/a><\/div>\n\n\n\n<div class=\"wp-block-file\"><a id=\"wp-block-file--media-92e670ad-635f-4665-9e90-6b9eed4fcffd\" href=\"https:\/\/isfd11-bue.infd.edu.ar\/sitio\/wp-content\/uploads\/2021\/11\/CONSTANCIA-DE-OBSERVACIONES-PRACTICA-RESIDENCIA-FORMULARIO-A11.pdf\">CONSTANCIA-DE-OBSERVACIONES-PRACTICA-RESIDENCIA-FORMULARIO-A11<\/a><a href=\"https:\/\/isfd11-bue.infd.edu.ar\/sitio\/wp-content\/uploads\/2021\/11\/CONSTANCIA-DE-OBSERVACIONES-PRACTICA-RESIDENCIA-FORMULARIO-A11.pdf\" class=\"wp-block-file__button wp-element-button\" download aria-describedby=\"wp-block-file--media-92e670ad-635f-4665-9e90-6b9eed4fcffd\">Descarga<\/a><\/div>\n\n\n\n<div class=\"wp-block-file\"><a id=\"wp-block-file--media-48d90d92-51a1-40eb-899b-42ab46656b6e\" href=\"https:\/\/isfd11-bue.infd.edu.ar\/sitio\/wp-content\/uploads\/2021\/11\/CONSTANCIA-EQUIVALENCIA-POR-ASIGNATURA-FORMULARIO-A14a.pdf\">CONSTANCIA-EQUIVALENCIA-POR-ASIGNATURA-FORMULARIO-A14a<\/a><a href=\"https:\/\/isfd11-bue.infd.edu.ar\/sitio\/wp-content\/uploads\/2021\/11\/CONSTANCIA-EQUIVALENCIA-POR-ASIGNATURA-FORMULARIO-A14a.pdf\" class=\"wp-block-file__button wp-element-button\" download aria-describedby=\"wp-block-file--media-48d90d92-51a1-40eb-899b-42ab46656b6e\">Descarga<\/a><\/div>\n\n\n\n<div class=\"wp-block-file\"><a id=\"wp-block-file--media-d29344be-f7d5-4519-b60e-e7b5dec0f9c9\" href=\"https:\/\/isfd11-bue.infd.edu.ar\/sitio\/wp-content\/uploads\/2021\/11\/CONSTANCIA-EQUIVALENCIA-RESUMEN-FORMULARIO-A14.pdf\">CONSTANCIA-EQUIVALENCIA-RESUMEN-FORMULARIO-A14<\/a><a href=\"https:\/\/isfd11-bue.infd.edu.ar\/sitio\/wp-content\/uploads\/2021\/11\/CONSTANCIA-EQUIVALENCIA-RESUMEN-FORMULARIO-A14.pdf\" class=\"wp-block-file__button wp-element-button\" download aria-describedby=\"wp-block-file--media-d29344be-f7d5-4519-b60e-e7b5dec0f9c9\">Descarga<\/a><\/div>\n\n\n\n<div class=\"wp-block-file\"><a id=\"wp-block-file--media-3bbd377b-e5f5-47be-a2eb-4c8c05072e6a\" href=\"https:\/\/isfd11-bue.infd.edu.ar\/sitio\/wp-content\/uploads\/2021\/12\/CONSTANCIA-CURSANTE-TRAYECTO-FORMATIVO-FORMULARIO-A21.pdf\">CONSTANCIA-CURSANTE-TRAYECTO-FORMATIVO-FORMULARIO-A21<\/a><a href=\"https:\/\/isfd11-bue.infd.edu.ar\/sitio\/wp-content\/uploads\/2021\/12\/CONSTANCIA-CURSANTE-TRAYECTO-FORMATIVO-FORMULARIO-A21.pdf\" class=\"wp-block-file__button wp-element-button\" download aria-describedby=\"wp-block-file--media-3bbd377b-e5f5-47be-a2eb-4c8c05072e6a\">Descarga<\/a><\/div>\n\n\n\n<div class=\"wp-block-file\"><a id=\"wp-block-file--media-1138107b-b0f3-41cf-84f5-f6e31f5859a7\" href=\"https:\/\/isfd11-bue.infd.edu.ar\/sitio\/wp-content\/uploads\/2022\/03\/declaracion_jurada-1.doc\">DECLARACI\u00d3N JURADA-DOCENTES- Formulario D1<\/a><a href=\"https:\/\/isfd11-bue.infd.edu.ar\/sitio\/wp-content\/uploads\/2022\/03\/declaracion_jurada-1.doc\" class=\"wp-block-file__button wp-element-button\" download aria-describedby=\"wp-block-file--media-1138107b-b0f3-41cf-84f5-f6e31f5859a7\">Descarga<\/a><\/div>\n\n\n\n<div class=\"wp-block-file\"><a id=\"wp-block-file--media-fff86aac-315e-487d-aa3c-3374944804d2\" href=\"https:\/\/isfd11-bue.infd.edu.ar\/sitio\/wp-content\/uploads\/2022\/05\/FORMULARIO-A10.pdf\">CERTIFICADO DE MATERIAS APROBADAS- Formulario A10<\/a><a href=\"https:\/\/isfd11-bue.infd.edu.ar\/sitio\/wp-content\/uploads\/2022\/05\/FORMULARIO-A10.pdf\" class=\"wp-block-file__button wp-element-button\" download aria-describedby=\"wp-block-file--media-fff86aac-315e-487d-aa3c-3374944804d2\">Descarga<\/a><\/div>\n","protected":false},"excerpt":{"rendered":"<p>Estimadas\/os: si necesitan alg\u00fan certificado, lo pueden bajar, completar y acercar al Instituto para ser firmado y sellado oportunamente. SOLICITUD DE ACREDITACI\u00d3N DE \u00daLTIMA MATERIA. DESCARGA SOLICITUD DE MESA EXTRAORDINARIA TURNO ABRIL. DESCARGA CONSTANCIA PARA INSCRIPCI\u00d3N DE RECURSANTES. DESCARGA CONSTANCIA DE PORCENTAJE DE MATERIAS APROBADAS-A9b<\/p>\n","protected":false},"author":1,"featured_media":0,"parent":0,"menu_order":0,"comment_status":"closed","ping_status":"closed","template":"","meta":[],"acf":[],"_links":{"self":[{"href":"https:\/\/isfd11-bue.infd.edu.ar\/sitio\/wp-json\/wp\/v2\/pages\/318"}],"collection":[{"href":"https:\/\/isfd11-bue.infd.edu.ar\/sitio\/wp-json\/wp\/v2\/pages"}],"about":[{"href":"https:\/\/isfd11-bue.infd.edu.ar\/sitio\/wp-json\/wp\/v2\/types\/page"}],"author":[{"embeddable":true,"href":"https:\/\/isfd11-bue.infd.edu.ar\/sitio\/wp-json\/wp\/v2\/users\/1"}],"replies":[{"embeddable":true,"href":"https:\/\/isfd11-bue.infd.edu.ar\/sitio\/wp-json\/wp\/v2\/comments?post=318"}],"version-history":[{"count":25,"href":"https:\/\/isfd11-bue.infd.edu.ar\/sitio\/wp-json\/wp\/v2\/pages\/318\/revisions"}],"predecessor-version":[{"id":5403,"href":"https:\/\/isfd11-bue.infd.edu.ar\/sitio\/wp-json\/wp\/v2\/pages\/318\/revisions\/5403"}],"wp:attachment":[{"href":"https:\/\/isfd11-bue.infd.edu.ar\/sitio\/wp-json\/wp\/v2\/media?parent=318"}],"curies":[{"name":"wp","href":"https:\/\/api.w.org\/{rel}","templated":true}]}}