{"id":5306,"date":"2025-02-24T14:16:41","date_gmt":"2025-02-24T17:16:41","guid":{"rendered":"https:\/\/isfd11-bue.infd.edu.ar\/sitio\/?page_id=5306"},"modified":"2025-03-20T10:20:11","modified_gmt":"2025-03-20T13:20:11","slug":"regimen-academico-marco","status":"publish","type":"page","link":"https:\/\/isfd11-bue.infd.edu.ar\/sitio\/regimen-academico-marco\/","title":{"rendered":"R\u00c9GIMEN ACAD\u00c9MICO MARCO"},"content":{"rendered":"\n<p><\/p>\n\n\n\n<p class=\"has-base-3-color has-light-green-cyan-to-vivid-green-cyan-gradient-background has-text-color has-background\"><strong>Haciendo click <a href=\"https:\/\/drive.google.com\/file\/d\/15JOOtS6i-d0TXYacobOIHuOgzxwO3n0E\/view?usp=sharing\">AQU\u00cd<\/a> podr\u00e1 acceder al texto de la Resoluci\u00f3n 4196\/24, Nuevo R\u00e9gimen Acad\u00e9mico Marco.<\/strong><\/p>\n\n\n\n<p><\/p>\n\n\n\n<p class=\"has-base-3-color has-luminous-vivid-amber-to-luminous-vivid-orange-gradient-background has-text-color has-background\"><strong>Haciendo click <a href=\"https:\/\/drive.google.com\/file\/d\/1MkNuil0jqa_OssOkFYlNWNV3rY5MVqub\/view?usp=sharing\">AQU\u00cd<\/a> podr\u00e1 acceder al texto de la resoluci\u00f3n que modifica el r\u00e9gimen de correlatividades 2023 de todas las carreras.<\/strong><\/p>\n","protected":false},"excerpt":{"rendered":"<p>Haciendo click AQU\u00cd podr\u00e1 acceder al texto de la Resoluci\u00f3n 4196\/24, Nuevo R\u00e9gimen Acad\u00e9mico Marco. Haciendo click AQU\u00cd podr\u00e1 acceder al texto de la resoluci\u00f3n que modifica el r\u00e9gimen de correlatividades 2023 de todas las carreras.<\/p>\n","protected":false},"author":5369,"featured_media":0,"parent":0,"menu_order":0,"comment_status":"closed","ping_status":"closed","template":"","meta":[],"acf":[],"_links":{"self":[{"href":"https:\/\/isfd11-bue.infd.edu.ar\/sitio\/wp-json\/wp\/v2\/pages\/5306"}],"collection":[{"href":"https:\/\/isfd11-bue.infd.edu.ar\/sitio\/wp-json\/wp\/v2\/pages"}],"about":[{"href":"https:\/\/isfd11-bue.infd.edu.ar\/sitio\/wp-json\/wp\/v2\/types\/page"}],"author":[{"embeddable":true,"href":"https:\/\/isfd11-bue.infd.edu.ar\/sitio\/wp-json\/wp\/v2\/users\/5369"}],"replies":[{"embeddable":true,"href":"https:\/\/isfd11-bue.infd.edu.ar\/sitio\/wp-json\/wp\/v2\/comments?post=5306"}],"version-history":[{"count":3,"href":"https:\/\/isfd11-bue.infd.edu.ar\/sitio\/wp-json\/wp\/v2\/pages\/5306\/revisions"}],"predecessor-version":[{"id":5323,"href":"https:\/\/isfd11-bue.infd.edu.ar\/sitio\/wp-json\/wp\/v2\/pages\/5306\/revisions\/5323"}],"wp:attachment":[{"href":"https:\/\/isfd11-bue.infd.edu.ar\/sitio\/wp-json\/wp\/v2\/media?parent=5306"}],"curies":[{"name":"wp","href":"https:\/\/api.w.org\/{rel}","templated":true}]}}