{"id":5545,"date":"2025-05-27T17:09:33","date_gmt":"2025-05-27T20:09:33","guid":{"rendered":"https:\/\/isfd11-bue.infd.edu.ar\/sitio\/?page_id=5545"},"modified":"2025-05-27T18:22:07","modified_gmt":"2025-05-27T21:22:07","slug":"cabildo-abierto","status":"publish","type":"page","link":"https:\/\/isfd11-bue.infd.edu.ar\/sitio\/cabildo-abierto\/","title":{"rendered":"CABILDO ABIERTO"},"content":{"rendered":"\n<p>Estimados\/as estudiantes:<\/p>\n\n\n\n<p><\/p>\n\n\n\n<p>En el marco del pr\u00f3ximo Cabildo Abierto que se llevar\u00e1 a cabo el pr\u00f3ximo viernes 6 de junio en el ISFD 100 de Avellaneda, compartimos informaci\u00f3n sobre los talleres a los que se podr\u00e1n inscribir.<\/p>\n\n\n\n<p><a href=\"https:\/\/drive.google.com\/file\/d\/1cvelG3JCx7m0Ts8G3cpn84lcOlRmzSMG\/view?usp=sharing\">FLYER<\/a> invitaci\u00f3n al Cabildo Abierto <\/p>\n\n\n\n<p><a href=\"https:\/\/drive.google.com\/file\/d\/17R_-m4iLt1dOKm4wtFz4vwX9Q2l4xH5D\/view?usp=sharing\">ORGANIZACI\u00d3N GENERAL Y HORARIOS<\/a><\/p>\n\n\n\n<p>INFORMACI\u00d3N <a href=\"https:\/\/drive.google.com\/file\/d\/1I2lwVz-WS27_Va52afbifGqiqhAMtXI5\/view?usp=sharing\">TALLERES<\/a> 1 a 5<\/p>\n\n\n\n<p>INFORMACI\u00d3N <a href=\"https:\/\/drive.google.com\/file\/d\/1DuQOADavTngK2bcKKyNtWEceK1FT10Lc\/view?usp=sharing\">TALLERES<\/a> 6 a 10<\/p>\n\n\n\n<p>INFORMACI\u00d3N <a href=\"https:\/\/drive.google.com\/file\/d\/1XXcBnruwGy-ivS96NbEJ019JZr2ydgQJ\/view?usp=sharing\">TALLERES<\/a> 11 a 14<\/p>\n\n\n\n<p><a href=\"https:\/\/drive.google.com\/file\/d\/1jJABCeXwkJtCkdvXJPv7qTYVbpv9yUi-\/view?usp=sharing\">ENLACES PARA INSCRIPCI\u00d3N A TALLERES<\/a><\/p>\n\n\n\n<p><\/p>\n\n\n\n<p><\/p>\n\n\n\n<p><\/p>\n","protected":false},"excerpt":{"rendered":"<p>Estimados\/as estudiantes: En el marco del pr\u00f3ximo Cabildo Abierto que se llevar\u00e1 a cabo el pr\u00f3ximo viernes 6 de junio en el ISFD 100 de Avellaneda, compartimos informaci\u00f3n sobre los talleres a los que se podr\u00e1n inscribir. FLYER invitaci\u00f3n al Cabildo Abierto ORGANIZACI\u00d3N GENERAL Y HORARIOS INFORMACI\u00d3N TALLERES 1 a 5 INFORMACI\u00d3N TALLERES 6 a &#8230; <a title=\"CABILDO ABIERTO\" class=\"read-more\" href=\"https:\/\/isfd11-bue.infd.edu.ar\/sitio\/cabildo-abierto\/\" aria-label=\"More on CABILDO ABIERTO\">[+]<\/a><\/p>\n","protected":false},"author":5369,"featured_media":0,"parent":0,"menu_order":0,"comment_status":"closed","ping_status":"closed","template":"","meta":[],"acf":[],"_links":{"self":[{"href":"https:\/\/isfd11-bue.infd.edu.ar\/sitio\/wp-json\/wp\/v2\/pages\/5545"}],"collection":[{"href":"https:\/\/isfd11-bue.infd.edu.ar\/sitio\/wp-json\/wp\/v2\/pages"}],"about":[{"href":"https:\/\/isfd11-bue.infd.edu.ar\/sitio\/wp-json\/wp\/v2\/types\/page"}],"author":[{"embeddable":true,"href":"https:\/\/isfd11-bue.infd.edu.ar\/sitio\/wp-json\/wp\/v2\/users\/5369"}],"replies":[{"embeddable":true,"href":"https:\/\/isfd11-bue.infd.edu.ar\/sitio\/wp-json\/wp\/v2\/comments?post=5545"}],"version-history":[{"count":4,"href":"https:\/\/isfd11-bue.infd.edu.ar\/sitio\/wp-json\/wp\/v2\/pages\/5545\/revisions"}],"predecessor-version":[{"id":5552,"href":"https:\/\/isfd11-bue.infd.edu.ar\/sitio\/wp-json\/wp\/v2\/pages\/5545\/revisions\/5552"}],"wp:attachment":[{"href":"https:\/\/isfd11-bue.infd.edu.ar\/sitio\/wp-json\/wp\/v2\/media?parent=5545"}],"curies":[{"name":"wp","href":"https:\/\/api.w.org\/{rel}","templated":true}]}}