{"id":849,"date":"2018-06-29T18:59:29","date_gmt":"2018-06-29T21:59:29","guid":{"rendered":"https:\/\/isfd11-bue.infd.edu.ar\/sitio\/profesorado-en-educacion-primaria\/"},"modified":"2024-10-31T15:20:55","modified_gmt":"2024-10-31T18:20:55","slug":"profesorado-en-educacion-primaria","status":"publish","type":"page","link":"https:\/\/isfd11-bue.infd.edu.ar\/sitio\/profesorado-en-educacion-primaria\/","title":{"rendered":"Profesorado en Educaci\u00f3n Primaria"},"content":{"rendered":"<p>JEFA DE AREA:<\/p>\n<p>Silvana Laura Rosconi<\/p>\n<p>E MAIL CONTACTO:<\/p>\n<p><a href=\"mailto:laurarosconi@gmail.com\">laurarosconi@gmail.com<\/a><\/p>\n<p><strong>PRESENTACION DE LA CARRERA:<\/strong><\/p>\n<p><em>La Educaci\u00f3n Primaria en la Provincia de Buenos Aires tiene entre sus objetivos prioritarios el\u00a0\u00a0garantizar el derecho a la educaci\u00f3n, asegurando la alfabetizaci\u00f3n de sus alumnos\/as para permitirles\u00a0\u00a0la inserci\u00f3n de manera progresiva en el mundo de la cultura escrita.<\/em><\/p>\n<p><em>Por otro lado se busca que los alumnos\/as que transitan por la escolaridad primaria puedan\u00a0\u00a0acercarse a la cultura y relacionarse con la ciencia desde un enfoque que contemple diversidad,\u00a0\u00a0inclusi\u00f3n e integraci\u00f3n de todos\/as en la escuela.<\/em><\/p>\n<p><em>\u201cDesde este marco la profesi\u00f3n docente se diferencia de otras profesiones porque pone a los\u00a0\u00a0adultos\/as que la ejercen a trabajar con otras generaciones y eso exige hacer compatible la\u00a0\u00a0experiencia de la igualdad humana con el respeto por las asimetr\u00edas de las responsabilidades de edad\u00a0\u00a0y de posici\u00f3n del ni\u00f1o\/a y el \/la docente en el contrato escolar\u201d (Gagliano Rafael)<\/em><\/p>\n<p><em>As\u00ed desde el ISFD N\u00b0 11,\u00a0 se promueve la carrera de Educaci\u00f3n Primaria con el prop\u00f3sito de\u00a0\u00a0construir horizontes formativos que les permitan a los futuros docentes recuperar el sentido de la\u00a0\u00a0docencia en el contexto actual y re-posicionar al docente en la comunidad en la que desarrollar\u00e1 su\u00a0\u00a0tarea laboral, reconociendo contextos de multiculturalidad para desafiar estereotipos, valorando las\u00a0\u00a0cualidades de la propia cultura, desarrollando actitudes y pr\u00e1cticas de solidaridad con los otros.<\/em><\/p>\n<p><strong>PERFIL DEL EGRESADO<\/strong><\/p>\n<p>Se busca formar\u00a0 docentes para el Nivel Primario que sean personas comprometidas, mediadoras interculturales, animadoras de una comunidad educativa, garantes de la Ley y organizadoras de una vida democr\u00e1tica, intelectual y conductor cultural.<\/p>\n<p><strong>\u00a0<\/strong><\/p>\n<p><strong>\u201cLa formaci\u00f3n docente tiene la finalidad de preparar profesionales capaces de ense\u00f1ar, generar y transmitir los conocimientos y valores necesarios para la formaci\u00f3n integral de las personas, el desarrollo nacional y la construcci\u00f3n de una sociedad m\u00e1s justa. Promover\u00e1 la construcci\u00f3n de una identidad docente basada en la autonom\u00eda profesional, el v\u00ednculo con la cultura y la sociedad contempor\u00e1nea, el trabajo en equipo, el compromiso con la igualdad y la confianza en las posibilidades de aprendizaje de los\/as alumnos\/as\u201d (Ley de Educaci\u00f3n 26.206 Art. 71)<\/strong><\/p>\n<p><strong>\u00a0<\/strong><\/p>\n<p><strong>\u00a0<\/strong><\/p>\n<p><strong>\u00a0<\/strong><\/p>\n<p><strong>PLAN DE ESTUDIOS<\/strong><\/p>\n<p>La carrera de\u00a0<strong><em>Profesorado de Educaci\u00f3n Primaria\u00a0<\/em><\/strong>tiene una duraci\u00f3n de cuatro a\u00f1os.<\/p>\n<ul>\n<li>La\u00a0cursada\u00a0se realiza en el turno ma\u00f1ana de Lunes a Viernes de 8 hs a 12 hs\u00a0y en turno vespertino de 18.30 hs a 22 hs<\/li>\n<li>La\u00a0modalidad\u00a0de la cursada es presencial. El ciclo lectivo 2025 se desarrollar\u00e1 de acuerdo a las directivas de la Direcci\u00f3n de Educaci\u00f3n Superior de la Provincia de Buenos Aires.<\/li>\n<li>Las\/os estudiantes egresan con el\u00a0t\u00edtulo\u00a0de\u00a0<strong>PROFESOR\/A DE EDUCACI\u00d3N PRIMARIA<\/strong>. Pueden desempe\u00f1arse en instituciones educativas de Educaci\u00f3n Primaria tanto de gesti\u00f3n estatal como de gesti\u00f3n privada. \u00a0El t\u00edtulo tiene validez Nacional.<\/li>\n<\/ul>\n<p><strong><em>Resoluci\u00f3n N\u00b0 4154\/07<\/em><\/strong><\/p>\n<p><strong><u>PLAN DE ESTUDIOS<\/u><\/strong><\/p>\n<p><a href=\"http:\/\/servicios.abc.gov.ar\/lainstitucion\/organismos\/consejogeneral\/disenioscurriculares\/documentosdescarga\/dcurricularsuperior.pdf\"><strong>http:\/\/servicios.abc.gov.ar\/lainstitucion\/organismos\/consejogeneral\/disenioscurriculares\/documentosdescarga\/dcurricularsuperior.pdf<\/strong><\/a><\/p>\n<p><strong><u>CORRELATIVIDADES<\/u><\/strong><\/p>\n<p><a href=\"https:\/\/drive.google.com\/file\/d\/1jZ48Gyg2MKUc7E7l7Z9VF3IwlM0L_9NZ\/view?usp=sharing\">https:\/\/drive.google.com\/file\/d\/1jZ48Gyg2MKUc7E7l7Z9VF3IwlM0L_9NZ\/view?usp=sharing<\/a><\/p>\n<p>1* A\u00d1O<\/p>\n<p>CAMPO DE LA ACTUALIZACI\u00d3N FORMATIVA:<\/p>\n<ul>\n<li>Taller de lectura, escritura y oralidad.<\/li>\n<li>Taller de pensamiento l\u00f3gico-matem\u00e1tico<\/li>\n<li>Taller de Definici\u00f3n institucional: \u00a0Teatro<\/li>\n<li>Taller de Definici\u00f3n Institucional: ESI<\/li>\n<\/ul>\n<p>CAMPO DE LA SUBJETIVIDAD Y LA CULTURA:<\/p>\n<ul>\n<li>Psicolog\u00eda del desarrollo y aprendizaje I<\/li>\n<\/ul>\n<p>CAMPO DE LOS SABERES A ENSE\u00d1AR:<\/p>\n<ul>\n<li>Corporeidad y motricidad<\/li>\n<li>Arte y Educaci\u00f3n.<\/li>\n<li><\/li>\n<\/ul>\n<p>CAMPO DE LA FUNDAMENTACI\u00d3N:<\/p>\n<ul>\n<li>Filosof\u00eda<\/li>\n<li>Did\u00e1ctica General<\/li>\n<li>Pedagog\u00eda<\/li>\n<li>An\u00e1lisis del mundo contempor\u00e1neo<\/li>\n<\/ul>\n<p>CAMPO DE LA PR\u00c1CTICA DOCENTE:<\/p>\n<ul>\n<li>Pr\u00e1ctica en terreno: Experiencia social en espacios y organizaciones de la comunidad.<\/li>\n<li>Taller Integrador Interdisciplinario: Ciudad Educadora<\/li>\n<li>Herramientas: Educaci\u00f3n social y estrategias de Educaci\u00f3n Popular.<\/li>\n<\/ul>\n<p>2* A\u00d1O<\/p>\n<p>CAMPO DE LA SUBJETIVIDAD Y LA CULTURA:<\/p>\n<ul>\n<li>Psicolog\u00eda del desarrollo y aprendizaje II<\/li>\n<li>Psicolog\u00eda Social e Institucional<\/li>\n<li>Cultura, Comunicaci\u00f3n y Educaci\u00f3n.<\/li>\n<\/ul>\n<p>CAMPO DE LOS SABERES A ENSE\u00d1AR:<\/p>\n<ul>\n<li>Educaci\u00f3n Art\u00edstica.<\/li>\n<li>Did\u00e1ctica de Pr\u00e1cticas de lenguaje y la literatura.<\/li>\n<li>Did\u00e1ctica de las Ciencias Sociales.<\/li>\n<li>Did\u00e1ctica de las Ciencias Naturales.<\/li>\n<li>Did\u00e1ctica de la Matem\u00e1tica.<\/li>\n<\/ul>\n<p>CAMPO DE LA FUNDAMENTACI\u00d3N:<\/p>\n<ul>\n<li>Teor\u00eda Socio-pol\u00edtica y Educaci\u00f3n.<\/li>\n<li>Did\u00e1ctica y curriculum de Nivel Primario.<\/li>\n<\/ul>\n<p>CAMPO DE LA PR\u00c1CTICA DOCENTE:<\/p>\n<ul>\n<li>Pr\u00e1ctica en terreno: En Instituciones educativas.<\/li>\n<li>Taller Integrador Interdisciplinario: Espacio escolar y realidad educativa.<\/li>\n<li>Herramientas: Aproximaci\u00f3n y an\u00e1lisis cualitativo institucional.<\/li>\n<\/ul>\n<p>3* A\u00d1O<\/p>\n<p>CAMPO DE LA SUBJETIVIDAD Y LA CULTURA:<\/p>\n<ul>\n<li>Configuraciones del sujeto educativo de Primaria.<\/li>\n<li>Medios audiovisuales, Tics y educaci\u00f3n.<\/li>\n<\/ul>\n<p>CAMPO DE LOS SABERES A ENSE\u00d1AR:<\/p>\n<ul>\n<li>Educaci\u00f3n f\u00edsica escolar.<\/li>\n<li>Did\u00e1ctica de Pr\u00e1cticas de lenguaje y la literatura II.<\/li>\n<li>Did\u00e1ctica de las Ciencias Sociales II.<\/li>\n<li>Did\u00e1ctica de las Ciencias Naturales II.<\/li>\n<li>Did\u00e1ctica de la Matem\u00e1tica II.<\/li>\n<\/ul>\n<p>CAMPO DE LA FUNDAMENTACI\u00d3N:<\/p>\n<ul>\n<li>Historia y prospectiva de la educaci\u00f3n.<\/li>\n<li>Pol\u00edtica, legislaci\u00f3n y administraci\u00f3n del trabajo escolar.<\/li>\n<\/ul>\n<p>CAMPO DE LA PR\u00c1CTICA DOCENTE:<\/p>\n<ul>\n<li>Pr\u00e1ctica en terreno: En el aula, en el nivel de formaci\u00f3n.<\/li>\n<li>Taller Integrador Interdisciplinario: Relaci\u00f3n educativa<\/li>\n<li>Herramientas: Investigaci\u00f3n en y para la acci\u00f3n educativa.<\/li>\n<\/ul>\n<p>:<\/p>\n<p>CAMPO DE LA SUBJETIVIDAD Y LA CULTURA:<\/p>\n<ul>\n<li>Pedagog\u00eda cr\u00edtica de las diferencias<\/li>\n<\/ul>\n<p>CAMPO DE LOS SABERES A ENSE\u00d1AR:<\/p>\n<ul>\n<li>Ateneo de pr\u00e1cticas del lenguaje y literatura.<\/li>\n<li>Ateneo de Matem\u00e1tica<\/li>\n<li>Ateneo de Ciencias Naturales.<\/li>\n<li>Ateneo de Ciencias Sociales<\/li>\n<\/ul>\n<p>CAMPO DE LA FUNDAMENTACI\u00d3N:<\/p>\n<ul>\n<li>Reflexi\u00f3n filos\u00f3fica de la educaci\u00f3n.<\/li>\n<li>Dimensi\u00f3n \u00e9tico-pol\u00edtica de la praxis docente.<\/li>\n<\/ul>\n<p>CAMPO DE LA PR\u00c1CTICA DOCENTE:<\/p>\n<ul>\n<li>Pr\u00e1ctica en terreno: En el aula, en el nivel de formaci\u00f3n.<\/li>\n<li>Taller Integrador Interdisciplinario: Posicionamiento docente.<\/li>\n<\/ul>\n<p><strong>\u00a0ACLARACION: El Campo de la Pr\u00e1ctica Docente se cursa en contraturno)<\/strong><\/p>\n<p class=\"MsoNormal\" style=\"margin: 0cm 0cm 0pt; text-align: justify;\"><span style=\"color: #0000ff; font-family: Times New Roman; font-size: large;\">\u00a0<\/span><\/p>\n","protected":false},"excerpt":{"rendered":"<p>JEFA DE AREA: Silvana Laura Rosconi E MAIL CONTACTO: laurarosconi@gmail.com PRESENTACION DE LA CARRERA: La Educaci\u00f3n Primaria en la Provincia de Buenos Aires tiene entre sus objetivos prioritarios el\u00a0\u00a0garantizar el derecho a la educaci\u00f3n, asegurando la alfabetizaci\u00f3n de sus alumnos\/as para permitirles\u00a0\u00a0la inserci\u00f3n de manera progresiva en el mundo de la cultura escrita. Por otro &#8230; <a title=\"Profesorado en Educaci\u00f3n Primaria\" class=\"read-more\" href=\"https:\/\/isfd11-bue.infd.edu.ar\/sitio\/profesorado-en-educacion-primaria\/\" aria-label=\"More on Profesorado en Educaci\u00f3n Primaria\">[+]<\/a><\/p>\n","protected":false},"author":2645,"featured_media":0,"parent":0,"menu_order":0,"comment_status":"closed","ping_status":"closed","template":"","meta":[],"acf":[],"_links":{"self":[{"href":"https:\/\/isfd11-bue.infd.edu.ar\/sitio\/wp-json\/wp\/v2\/pages\/849"}],"collection":[{"href":"https:\/\/isfd11-bue.infd.edu.ar\/sitio\/wp-json\/wp\/v2\/pages"}],"about":[{"href":"https:\/\/isfd11-bue.infd.edu.ar\/sitio\/wp-json\/wp\/v2\/types\/page"}],"author":[{"embeddable":true,"href":"https:\/\/isfd11-bue.infd.edu.ar\/sitio\/wp-json\/wp\/v2\/users\/2645"}],"replies":[{"embeddable":true,"href":"https:\/\/isfd11-bue.infd.edu.ar\/sitio\/wp-json\/wp\/v2\/comments?post=849"}],"version-history":[{"count":2,"href":"https:\/\/isfd11-bue.infd.edu.ar\/sitio\/wp-json\/wp\/v2\/pages\/849\/revisions"}],"predecessor-version":[{"id":4960,"href":"https:\/\/isfd11-bue.infd.edu.ar\/sitio\/wp-json\/wp\/v2\/pages\/849\/revisions\/4960"}],"wp:attachment":[{"href":"https:\/\/isfd11-bue.infd.edu.ar\/sitio\/wp-json\/wp\/v2\/media?parent=849"}],"curies":[{"name":"wp","href":"https:\/\/api.w.org\/{rel}","templated":true}]}}