{"id":851,"date":"2018-06-29T18:59:30","date_gmt":"2018-06-29T21:59:30","guid":{"rendered":"https:\/\/isfd11-bue.infd.edu.ar\/sitio\/profesorado-en-educacion-inicial\/"},"modified":"2024-10-24T09:06:11","modified_gmt":"2024-10-24T12:06:11","slug":"profesorado-en-educacion-inicial","status":"publish","type":"page","link":"https:\/\/isfd11-bue.infd.edu.ar\/sitio\/profesorado-en-educacion-inicial\/","title":{"rendered":"Profesorado en Educaci\u00f3n Inicial"},"content":{"rendered":"<p><strong><em>JEFA DE \u00c1REA:<\/em> Prof. Flavia Bianucci<\/strong><\/p>\n<p><em><strong>MAIL DE CONTACTO <\/strong><\/em>\u00a0<a href=\"mailto:jefaturaInicialdel11@gmail.com\">jefaturaInicialdel11@gmail.com<\/a><\/p>\n<p><em><strong>PRESENTACI\u00d3N DE LA CARRERA<\/strong><\/em><\/p>\n<p><strong><em>La actualidad demanda la constituci\u00f3n de subjetividades<\/em><\/strong><em> pa<\/em><em>ra<\/em><strong><em> vivir en una sociedad en la que los saberes, su distribuci\u00f3n y circulaci\u00f3n cambian constantemente, dibuj\u00e1ndose y desdibuj\u00e1ndose, donde las percepciones, las representaciones sociales y las pr\u00e1cticas cotidianas se ven tambi\u00e9n transformadas constantemente, y en donde el conocimiento adquiere un valor estrat\u00e9gico. Es aqu\u00ed que la formaci\u00f3n docente de futurxs profesorxs del nivel inicial adquiere una particular significaci\u00f3n en t\u00e9rminos identitarios, una formaci\u00f3n atravesada por el respeto a las diversidades, a la interculturalidad, al v\u00ednculo con el ambiente social y natural, teniendo como posicionamiento estructural el trabajo constante con la Educaci\u00f3n sexual integral desde el primer a\u00f1o de cursada y el respeto de los Derechos de las infancias<\/em><\/strong><\/p>\n<p><em><strong>PERFIL DEL\/LA EGRESADO\/A<\/strong><\/em><\/p>\n<p><strong><em>Lxs egresadxs del PROFESORADO DE NIVEL INICIAL ser\u00e1n docentes respetuosos de todos los\u00a0 lxs ni\u00f1os que habiten las aulas desde una perspectiva interseccional y de derechos humanos, teniendo un conocimiento profundo de los contenidos a ense\u00f1ar, considerando el juego como uno de los principales.<\/em><\/strong><\/p>\n<p><strong><em>Tal como se puede leer en el Dise\u00f1o Curricular del nivel Inicial 2022<\/em><\/strong>: \u201cLa educaci\u00f3n inicial es el lugar y el tiempo para la ense\u00f1anza y el cuidado. Ense\u00f1ar y transmitir bagajes de conocimiento sensible y significativo a ni\u00f1as y ni\u00f1os de edades tempranas en di\u00e1logo con la \u00e9poca, poner a disposici\u00f3n el mundo, los mundos, sin mercantilizar los procesos educativos \u00a0le otorgan a la tarea educativa en el nivel una responsabilidad p\u00fablica inconmensurable\u201d (Masschelein y Simmons, 2014). <strong><em>Este es entonces, nuestro horizonte como formdorxs de formdorxs. \u00a0<\/em><\/strong><\/p>\n<p><strong>PLAN DE ESTUDIOS<\/strong><\/p>\n<p><a href=\"https:\/\/abc.gob.ar\/secretarias\/sites\/default\/files\/2021-05\/Dise%C3%B1o%20Curricular%20Profesorado%20de%20Educaci%C3%B3n%20Inicial%20y%20primaria.pdf\">https:\/\/abc.gob.ar\/secretarias\/sites\/default\/files\/2021-05\/Dise%C3%B1o%20Curricular%20Profesorado%20de%20Educaci%C3%B3n%20Inicial%20y%20primaria.pdf<\/a><\/p>\n<p>CORRELATIVIDADES<\/p>\n<p><a href=\"https:\/\/isfd11-bue.infd.edu.ar\/sitio\/wp-content\/uploads\/2023\/12\/INICIAL.pdf\">https:\/\/isfd11-bue.infd.edu.ar\/sitio\/wp-content\/uploads\/2023\/12\/INICIAL.pdf<\/a><\/p>\n<p class=\"MsoNormal\" style=\"margin: 0cm 0cm 0pt; text-align: justify;\">\n","protected":false},"excerpt":{"rendered":"<p>JEFA DE \u00c1REA: Prof. Flavia Bianucci MAIL DE CONTACTO \u00a0jefaturaInicialdel11@gmail.com PRESENTACI\u00d3N DE LA CARRERA La actualidad demanda la constituci\u00f3n de subjetividades para vivir en una sociedad en la que los saberes, su distribuci\u00f3n y circulaci\u00f3n cambian constantemente, dibuj\u00e1ndose y desdibuj\u00e1ndose, donde las percepciones, las representaciones sociales y las pr\u00e1cticas cotidianas se ven tambi\u00e9n transformadas constantemente, &#8230; <a title=\"Profesorado en Educaci\u00f3n Inicial\" class=\"read-more\" href=\"https:\/\/isfd11-bue.infd.edu.ar\/sitio\/profesorado-en-educacion-inicial\/\" aria-label=\"More on Profesorado en Educaci\u00f3n Inicial\">[+]<\/a><\/p>\n","protected":false},"author":5369,"featured_media":0,"parent":0,"menu_order":0,"comment_status":"closed","ping_status":"closed","template":"","meta":[],"acf":[],"_links":{"self":[{"href":"https:\/\/isfd11-bue.infd.edu.ar\/sitio\/wp-json\/wp\/v2\/pages\/851"}],"collection":[{"href":"https:\/\/isfd11-bue.infd.edu.ar\/sitio\/wp-json\/wp\/v2\/pages"}],"about":[{"href":"https:\/\/isfd11-bue.infd.edu.ar\/sitio\/wp-json\/wp\/v2\/types\/page"}],"author":[{"embeddable":true,"href":"https:\/\/isfd11-bue.infd.edu.ar\/sitio\/wp-json\/wp\/v2\/users\/5369"}],"replies":[{"embeddable":true,"href":"https:\/\/isfd11-bue.infd.edu.ar\/sitio\/wp-json\/wp\/v2\/comments?post=851"}],"version-history":[{"count":1,"href":"https:\/\/isfd11-bue.infd.edu.ar\/sitio\/wp-json\/wp\/v2\/pages\/851\/revisions"}],"predecessor-version":[{"id":4936,"href":"https:\/\/isfd11-bue.infd.edu.ar\/sitio\/wp-json\/wp\/v2\/pages\/851\/revisions\/4936"}],"wp:attachment":[{"href":"https:\/\/isfd11-bue.infd.edu.ar\/sitio\/wp-json\/wp\/v2\/media?parent=851"}],"curies":[{"name":"wp","href":"https:\/\/api.w.org\/{rel}","templated":true}]}}