{"id":857,"date":"2018-06-29T18:59:32","date_gmt":"2018-06-29T21:59:32","guid":{"rendered":"https:\/\/isfd11-bue.infd.edu.ar\/sitio\/extension\/"},"modified":"2026-03-26T15:26:05","modified_gmt":"2026-03-26T18:26:05","slug":"tramo-pedagogico","status":"publish","type":"page","link":"https:\/\/isfd11-bue.infd.edu.ar\/sitio\/tramo-pedagogico\/","title":{"rendered":"TRAMO DE FORMACI\u00d3N PEDAG\u00d3GICA"},"content":{"rendered":"\n<p class=\"has-text-align-center has-base-3-color has-light-green-cyan-to-vivid-green-cyan-gradient-background has-text-color has-background\"><strong>26 de marzo de 2026<\/strong><\/p>\n\n\n\n<p class=\"has-base-3-color has-cool-to-warm-spectrum-gradient-background has-text-color has-background\"><strong>ATENCI\u00d3N: EL SEGUNDO CUATRIMESTRE DEL TRAMO DE FORMACI\u00d3N PEDAG\u00d3GICA COMENZAR\u00c1 EL PR\u00d3XIMO 18 DE ABRIL. PR\u00d3XIMAMENTE COMPARTIREMOS CALENDARIO DE CLASES<\/strong><\/p>\n\n\n\n<p><\/p>\n\n\n\n<p><\/p>\n\n\n\n<p class=\"has-medium-font-size\"><strong>6 de agosto de 2025<\/strong><\/p>\n\n\n\n<p class=\"has-text-align-center has-base-3-color has-vivid-cyan-blue-to-vivid-purple-gradient-background has-text-color has-background has-medium-font-size\"><strong>Se informa a los\/as inscriptos que la cursada del PRIMER CUATRIMESTRE comenzar\u00e1 el pr\u00f3ximo VIERNES 22 DE AGOSTO.<\/strong><\/p>\n\n\n\n<p class=\"has-accent-color has-text-color\">Quienes hayan completado la inscripci\u00f3n recibir\u00e1n el cronograma de clases por correo. Por favor, revisar casillas regulares y spam. En caso de no recibir la informaci\u00f3n escribir a isfd11tramo2025@gmail.com<\/p>\n\n\n\n<p><\/p>\n\n\n\n<p><strong>5 de agosto de 2025<\/strong><\/p>\n\n\n\n<p class=\"has-text-align-center has-base-3-color has-luminous-dusk-gradient-background has-text-color has-background has-small-font-size\">\u00a1<strong>ATENCI\u00d3N<\/strong>! PROXIMAMENTE INFORMAREMOS FECHA DE COMINEZO DE CURSADA 2025 POR ESTE MEDIO Y VIA MAIL A LOS\/AS INSCRIPTOS\/AS. <\/p>\n\n\n\n<p><\/p>\n\n\n\n<h2 class=\"wp-block-heading has-text-align-center has-pale-ocean-gradient-background has-background has-contrast-color has-text-color\" style=\"background:linear-gradient(135deg,rgb(237,110,188) 0%,rgb(152,150,240) 100%)\">CIERRE DE PRE INSCRIPCI\u00d3N ONLINE: 4 DE JULIO                                         FORMULARIO <a href=\"https:\/\/docs.google.com\/forms\/d\/e\/1FAIpQLSeDdvtcs6AGj0nn0xncMJdpwL4VfpQiNNrSik1sYVFeqNM3xw\/viewform?usp=sharing&amp;ouid=105458743406834840013\">AQU<\/a>\u00cd<\/h2>\n\n\n\n<p class=\"has-base-3-color has-cool-to-warm-spectrum-gradient-background has-text-color has-background has-large-font-size\"><strong>INSCRIPCI\u00d3N PRESENCIAL DEL 7 AL 17 DE JULIO EN   ITUZAING\u00d3 1770 DE LUNES A VIERNES DE 8:00 A 20:00<\/strong><\/p>\n\n\n\n<p class=\"has-blush-light-purple-gradient-background has-background\">DOCUMENTACI\u00d3N A PRESENTAR PARA LA INSCRIPCI\u00d3N PRESENCIAL:<\/p>\n\n\n\n<p class=\"has-text-align-left\">FICHA DE INSCRIPCI\u00d3N COMPLETA. DESCARGAR <strong><a href=\"https:\/\/drive.google.com\/file\/d\/1yVVKvQR4QPxngGmXA6LevG2ozQxLGHdY\/view?usp=sharing\">AQU\u00cd<\/a><\/strong>.<\/p>\n\n\n\n<p>FICHA DE SALUD COMPLETA. DESCARGAR <strong><a href=\"https:\/\/drive.google.com\/file\/d\/1fUtXVyPvuTq10SrA-bzuKT1zmKarfT2X\/view?usp=sharing\">AQU\u00cd<\/a><\/strong>.<\/p>\n\n\n\n<p class=\"has-text-align-left\">DOCUMENTO DE IDENTIDAD<\/p>\n\n\n\n<p class=\"has-text-align-left\">2 (DOS) FOTOS 4X4 ACTUALES <\/p>\n\n\n\n<p>T\u00cdTULO DE GRADO \/ T\u00cdTULO T\u00c9CNICO (SECUNDARIO O SUPERIOR)<\/p>\n\n\n\n<p>CERTIFICADO DE TRABAJO ACTUAL O DE DESEMPE\u00d1O DE LOS \u00daLTIMOS 5 (CINCO) A\u00d1OS<\/p>\n\n\n\n<p>CUP\u00d3N DE PAGO COOPERADORA<\/p>\n\n\n\n<p class=\"has-luminous-vivid-amber-to-luminous-vivid-orange-gradient-background has-background\">\u00bfC\u00d3MO PRESENTAR LA DOCUMENTACI\u00d3N?<\/p>\n\n\n\n<p>TODA LA DOCUMENTACI\u00d3N DEBER\u00c1 PRESENTARSE EN FORMATO PAPEL, EN FOLIO TAMA\u00d1O OFICIO.<\/p>\n\n\n\n<p>SE SOLICITAR\u00c1 VISTA DE LOS ORIGINALES Y SE ENTREGAR\u00c1 <strong>UNA FOTOCOPIA<\/strong> DE CADA EJEMPLAR DE LA DOCUMENTACI\u00d3N (FRENTE Y DORSO DE TODAS LAS P\u00c1GINAS). NO SER\u00c1 POSIBLE LA INSCRIPCI\u00d3N SIN LA PRESENTACI\u00d3N DE LOS ORIGINALES.<\/p>\n\n\n\n<p class=\"has-luminous-vivid-amber-to-luminous-vivid-orange-gradient-background has-background\">\u00bfCU\u00c1NTO DEBO ABONAR DE COOPERADORA?<\/p>\n\n\n\n<p>El importe de cooperadora y el modo de pago se informar\u00e1n al momento de la inscripci\u00f3n.<\/p>\n\n\n\n<p class=\"has-luminous-vivid-amber-to-luminous-vivid-orange-gradient-background has-background\">\u00bfQUI\u00c9NES PUEDEN INSCRIBIRSE?<\/p>\n\n\n\n<ul>\n<li>&nbsp; &nbsp; &nbsp; Quienes posean t\u00edtulo de Educaci\u00f3n Superior o Secundario T\u00e9cnico y que se est\u00e9n desempe\u00f1ando en el Sistema Educativo jurisdiccional.<\/li>\n\n\n\n<li>&nbsp; &nbsp; &nbsp; &nbsp;Quienes se hayan desempe\u00f1ado al menos 1 (un) ciclo lectivo en el Sistema Educativo jurisdiccional en los \u00faltimos 5 (cinco) a\u00f1os.<\/li>\n\n\n\n<li>Haga click&nbsp;<a href=\"https:\/\/drive.google.com\/file\/d\/1jzQGn2kyNjDKHeKGuRFUQ-LVNK-bwjDQ\/view?usp=sharing\">AQU\u00cd&nbsp;<\/a>para visualizar el&nbsp;<strong>PLAN DE ESTUDIOS<\/strong>.<\/li>\n<\/ul>\n\n\n\n<p class=\"has-text-align-center has-base-3-color has-text-color has-background\" style=\"background-color:#d789ce\"><strong>COMIENZO DE CURSADA: AGOSTO 2025<\/strong><\/p>\n\n\n\n<p><\/p>\n\n\n\n<p><\/p>\n","protected":false},"excerpt":{"rendered":"<p>26 de marzo de 2026 ATENCI\u00d3N: EL SEGUNDO CUATRIMESTRE DEL TRAMO DE FORMACI\u00d3N PEDAG\u00d3GICA COMENZAR\u00c1 EL PR\u00d3XIMO 18 DE ABRIL. PR\u00d3XIMAMENTE COMPARTIREMOS CALENDARIO DE CLASES 6 de agosto de 2025 Se informa a los\/as inscriptos que la cursada del PRIMER CUATRIMESTRE comenzar\u00e1 el pr\u00f3ximo VIERNES 22 DE AGOSTO. Quienes hayan completado la inscripci\u00f3n recibir\u00e1n el &#8230; <a title=\"TRAMO DE FORMACI\u00d3N PEDAG\u00d3GICA\" class=\"read-more\" href=\"https:\/\/isfd11-bue.infd.edu.ar\/sitio\/tramo-pedagogico\/\" aria-label=\"More on TRAMO DE FORMACI\u00d3N PEDAG\u00d3GICA\">[+]<\/a><\/p>\n","protected":false},"author":5369,"featured_media":0,"parent":0,"menu_order":0,"comment_status":"closed","ping_status":"closed","template":"","meta":[],"acf":[],"_links":{"self":[{"href":"https:\/\/isfd11-bue.infd.edu.ar\/sitio\/wp-json\/wp\/v2\/pages\/857"}],"collection":[{"href":"https:\/\/isfd11-bue.infd.edu.ar\/sitio\/wp-json\/wp\/v2\/pages"}],"about":[{"href":"https:\/\/isfd11-bue.infd.edu.ar\/sitio\/wp-json\/wp\/v2\/types\/page"}],"author":[{"embeddable":true,"href":"https:\/\/isfd11-bue.infd.edu.ar\/sitio\/wp-json\/wp\/v2\/users\/5369"}],"replies":[{"embeddable":true,"href":"https:\/\/isfd11-bue.infd.edu.ar\/sitio\/wp-json\/wp\/v2\/comments?post=857"}],"version-history":[{"count":44,"href":"https:\/\/isfd11-bue.infd.edu.ar\/sitio\/wp-json\/wp\/v2\/pages\/857\/revisions"}],"predecessor-version":[{"id":6323,"href":"https:\/\/isfd11-bue.infd.edu.ar\/sitio\/wp-json\/wp\/v2\/pages\/857\/revisions\/6323"}],"wp:attachment":[{"href":"https:\/\/isfd11-bue.infd.edu.ar\/sitio\/wp-json\/wp\/v2\/media?parent=857"}],"curies":[{"name":"wp","href":"https:\/\/api.w.org\/{rel}","templated":true}]}}