{"id":867,"date":"2018-06-29T18:59:36","date_gmt":"2018-06-29T21:59:36","guid":{"rendered":"https:\/\/isfd11-bue.infd.edu.ar\/sitio\/biblioteca\/"},"modified":"2025-12-11T10:58:22","modified_gmt":"2025-12-11T13:58:22","slug":"biblioteca","status":"publish","type":"page","link":"https:\/\/isfd11-bue.infd.edu.ar\/sitio\/biblioteca\/","title":{"rendered":"Biblioteca"},"content":{"rendered":"<h5 style=\"text-align: center;\">Nuestras bibliotecarias<\/h5>\n<h5 style=\"text-align: center;\"><span style=\"color: #ff0000;\">Carolina Ayala y Del Rizzo Ana Mar\u00eda<\/span><\/h5>\n<p><img decoding=\"async\" loading=\"lazy\" class=\" wp-image-6192 aligncenter\" src=\"https:\/\/isfd11-bue.infd.edu.ar\/sitio\/wp-content\/uploads\/2025\/12\/biblio.jpeg\" alt=\"\" width=\"404\" height=\"404\" srcset=\"https:\/\/isfd11-bue.infd.edu.ar\/sitio\/wp-content\/uploads\/2025\/12\/biblio.jpeg 748w, https:\/\/isfd11-bue.infd.edu.ar\/sitio\/wp-content\/uploads\/2025\/12\/biblio-500x500.jpeg 500w\" sizes=\"(max-width: 404px) 100vw, 404px\" \/><\/p>\n<h4 class=\"Titulo2\" style=\"padding-left: 30px; text-align: left;\"><span style=\"color: #3366ff;\"><strong><span style=\"font-family: 'book antiqua', palatino; font-size: 12pt;\" data-mce-mark=\"1\"><span style=\"font-family: 'book antiqua', palatino;\" data-mce-mark=\"1\">Las\/os directivas\/os, docentes y bibliotecarias del Instituto aspiramos a que la Biblioteca sea una herramienta de actualizaci\u00f3n y un instrumento que posibilite la formaci\u00f3n de usuarios aut\u00f3nomos durante el transcurso de la carrera docente. <\/span><\/span><\/strong><\/span><\/h4>\n<h4 class=\"Titulo2\" style=\"padding-left: 30px; text-align: left;\"><span style=\"color: #3366ff;\"><strong><span style=\"font-family: 'book antiqua', palatino; font-size: 12pt;\" data-mce-mark=\"1\"><span style=\"font-family: 'book antiqua', palatino;\" data-mce-mark=\"1\">Pretendemos que la consideren un \u00e1mbito de reflexi\u00f3n e intercambio, atento a las necesidades de su comunidad educativa.<\/span><\/span><\/strong><\/span><\/h4>\n<h4 class=\"Titulo2\" style=\"padding-left: 30px; text-align: left;\"><span style=\"color: #3366ff;\"><strong><span style=\"font-size: 12pt;\"><span style=\"font-family: 'book antiqua', palatino;\" data-mce-mark=\"1\">Para lograrlo, necesitamos tu participaci\u00f3n<\/span><span style=\"font-family: 'book antiqua', palatino;\" data-mce-mark=\"1\">!!!<\/span><\/span><\/strong><\/span><\/h4>\n<p><span style=\"color: #ff6600;\"><strong>SERVICIOS: <\/strong><\/span><\/p>\n<ul>\n<li>PR\u00c9STAMOS: Domicilio-Sala -Aula<\/li>\n<li>SALA DE LECTURA<\/li>\n<li>SERVICIO DE REFERENCIA<\/li>\n<li>ENTREGA DE PROGRAMAS: PRESENCIAL Y VIRTUAL<\/li>\n<\/ul>\n<p>PRESTAMOS: En Sala de Lectura o Aula, solo presentando DNI.<\/p>\n<p><span style=\"color: #ff6600;\"><strong>ASOCIACI\u00d3N:<\/strong> <\/span>\u00bfC\u00f3mo podemos llevarnos libros en pr\u00e9stamo a domicilio?<\/p>\n<p>Debes presentarte en Biblioteca con el recibo de pago de cooperadora (parcial o total) y all\u00ed completamos tu ficha de socia\/o; a partir de eso ya podes retirar un libro y llev\u00e1rtelos a tu casa.<\/p>\n<p>Los pr\u00e9stamos a domicilio son por tres d\u00edas, luego se solicita devolver o renovar de forma presencial o por email.<\/p>\n<h3 style=\"text-align: center;\"><span style=\"color: #ff0000;\"><strong>CODIGO PARA ACCESO A LA BIBLIOTECA VIRTUAL DEL INSTITUTO<\/strong><\/span><\/h3>\n<h2 style=\"text-align: center;\"><img decoding=\"async\" loading=\"lazy\" class=\"aligncenter  wp-image-4624\" src=\"https:\/\/isfd11-bue.infd.edu.ar\/sitio\/wp-content\/uploads\/2024\/05\/WhatsApp-Image-2024-05-03-at-11.57.51.jpeg\" alt=\"\" width=\"223\" height=\"223\" srcset=\"https:\/\/isfd11-bue.infd.edu.ar\/sitio\/wp-content\/uploads\/2024\/05\/WhatsApp-Image-2024-05-03-at-11.57.51.jpeg 1280w, https:\/\/isfd11-bue.infd.edu.ar\/sitio\/wp-content\/uploads\/2024\/05\/WhatsApp-Image-2024-05-03-at-11.57.51-1000x998.jpeg 1000w, https:\/\/isfd11-bue.infd.edu.ar\/sitio\/wp-content\/uploads\/2024\/05\/WhatsApp-Image-2024-05-03-at-11.57.51-500x500.jpeg 500w, https:\/\/isfd11-bue.infd.edu.ar\/sitio\/wp-content\/uploads\/2024\/05\/WhatsApp-Image-2024-05-03-at-11.57.51-768x767.jpeg 768w\" sizes=\"(max-width: 223px) 100vw, 223px\" \/><\/h2>\n<h2><\/h2>\n<p><strong>O AL SIGUIENTE ENLACE:<\/strong><\/p>\n<h2 style=\"text-align: center;\"><a href=\"https:\/\/sites.google.com\/view\/bibliotecadigital-isfd11-lanus\/inicio?authuser=0\">https:\/\/sites.google.com\/view\/bibliotecadigital-isfd11-lanus\/inicio?authuser=0<\/a><\/h2>\n<h2 style=\"text-align: center;\"><\/h2>\n<h3><a href=\"https:\/\/isfd11-bue.infd.edu.ar\/sitio\/wp-content\/uploads\/2021\/04\/power-acompa\u00f1amiento-alumnos.pptx\">Gu\u00eda acompa\u00f1amiento estudiantes<\/a><\/h3>\n<h2 class=\"Titulo2\" style=\"text-align: left;\"><span style=\"color: #ff00ff; font-family: 'book antiqua', palatino;\" data-mce-mark=\"1\"><span style=\"color: #888888;\"><strong><span style=\"font-size: 12pt;\"><span style=\"font-family: 'book antiqua', palatino;\">\u00a0\u00a0\u00a0\u00a0\u00a0\u00a0\u00a0\u00a0\u00a0\u00a0\u00a0\u00a0\u00a0\u00a0\u00a0\u00a0\u00a0\u00a0\u00a0\u00a0\u00a0\u00a0\u00a0\u00a0\u00a0\u00a0\u00a0\u00a0\u00a0\u00a0\u00a0\u00a0\u00a0\u00a0\u00a0\u00a0\u00a0\u00a0\u00a0\u00a0\u00a0\u00a0\u00a0\u00a0\u00a0\u00a0\u00a0\u00a0\u00a0\u00a0\u00a0\u00a0\u00a0\u00a0\u00a0\u00a0\u00a0\u00a0\u00a0\u00a0\u00a0\u00a0\u00a0\u00a0\u00a0\u00a0\u00a0\u00a0\u00a0<\/span>\u00a0\u00a0\u00a0\u00a0\u00a0\u00a0\u00a0\u00a0\u00a0\u00a0\u00a0\u00a0<\/span><\/strong><\/span>\u00a0\u00a0\u00a0\u00a0\u00a0\u00a0\u00a0\u00a0<\/span><\/h2>\n<h2 class=\"Titulo2\" style=\"text-align: justify;\"><span style=\"color: #888888; font-family: 'book antiqua', palatino;\" data-mce-mark=\"1\">Nota: Cat\u00e1logo en formaci\u00f3n.<\/span><\/h2>\n","protected":false},"excerpt":{"rendered":"<p>Nuestras bibliotecarias Carolina Ayala y Del Rizzo Ana Mar\u00eda Las\/os directivas\/os, docentes y bibliotecarias del Instituto aspiramos a que la Biblioteca sea una herramienta de actualizaci\u00f3n y un instrumento que posibilite la formaci\u00f3n de usuarios aut\u00f3nomos durante el transcurso de la carrera docente. Pretendemos que la consideren un \u00e1mbito de reflexi\u00f3n e intercambio, atento a &#8230; <a title=\"Biblioteca\" class=\"read-more\" href=\"https:\/\/isfd11-bue.infd.edu.ar\/sitio\/biblioteca\/\" aria-label=\"More on Biblioteca\">[+]<\/a><\/p>\n","protected":false},"author":2645,"featured_media":0,"parent":0,"menu_order":0,"comment_status":"closed","ping_status":"closed","template":"","meta":[],"acf":[],"_links":{"self":[{"href":"https:\/\/isfd11-bue.infd.edu.ar\/sitio\/wp-json\/wp\/v2\/pages\/867"}],"collection":[{"href":"https:\/\/isfd11-bue.infd.edu.ar\/sitio\/wp-json\/wp\/v2\/pages"}],"about":[{"href":"https:\/\/isfd11-bue.infd.edu.ar\/sitio\/wp-json\/wp\/v2\/types\/page"}],"author":[{"embeddable":true,"href":"https:\/\/isfd11-bue.infd.edu.ar\/sitio\/wp-json\/wp\/v2\/users\/2645"}],"replies":[{"embeddable":true,"href":"https:\/\/isfd11-bue.infd.edu.ar\/sitio\/wp-json\/wp\/v2\/comments?post=867"}],"version-history":[{"count":10,"href":"https:\/\/isfd11-bue.infd.edu.ar\/sitio\/wp-json\/wp\/v2\/pages\/867\/revisions"}],"predecessor-version":[{"id":6193,"href":"https:\/\/isfd11-bue.infd.edu.ar\/sitio\/wp-json\/wp\/v2\/pages\/867\/revisions\/6193"}],"wp:attachment":[{"href":"https:\/\/isfd11-bue.infd.edu.ar\/sitio\/wp-json\/wp\/v2\/media?parent=867"}],"curies":[{"name":"wp","href":"https:\/\/api.w.org\/{rel}","templated":true}]}}