{"id":883,"date":"2018-06-29T18:59:38","date_gmt":"2018-06-29T21:59:38","guid":{"rendered":"https:\/\/isfd11-bue.infd.edu.ar\/sitio\/datos-institucionales\/"},"modified":"2025-02-18T17:05:43","modified_gmt":"2025-02-18T20:05:43","slug":"datos-institucionales","status":"publish","type":"page","link":"https:\/\/isfd11-bue.infd.edu.ar\/sitio\/datos-institucionales\/","title":{"rendered":"Datos institucionales"},"content":{"rendered":"<h4 style=\"text-align: center;\"><span style=\"color: #008000;\"><strong style=\"font-family: Verdana; font-size: 12pt; text-align: center;\">Instituto Superior de Formaci\u00f3n Docente N\u00ba 11\u00a0<\/strong><\/span><\/h4>\n<p><a href=\"https:\/\/isfd11-bue.infd.edu.ar\/sitio\/datos-institucionales\/isfd-11-2019\/#main\" rel=\"attachment wp-att-1344\"><img decoding=\"async\" loading=\"lazy\" class=\"alignleft wp-image-1344\" src=\"https:\/\/isfd11-bue.infd.edu.ar\/sitio\/wp-content\/uploads\/2019\/08\/ISFD-11-2019-750x1000.jpg\" alt=\"\" width=\"313\" height=\"417\" srcset=\"https:\/\/isfd11-bue.infd.edu.ar\/sitio\/wp-content\/uploads\/2019\/08\/ISFD-11-2019-750x1000.jpg 750w, https:\/\/isfd11-bue.infd.edu.ar\/sitio\/wp-content\/uploads\/2019\/08\/ISFD-11-2019-768x1024.jpg 768w, https:\/\/isfd11-bue.infd.edu.ar\/sitio\/wp-content\/uploads\/2019\/08\/ISFD-11-2019-1425x1900.jpg 1425w\" sizes=\"(max-width: 313px) 100vw, 313px\" \/><\/a><\/p>\n<p><strong>Horarios: Lunes-Viernes de 7.45 a 22.00 (T. Ma\u00f1ana-T. Tarde &#8211; T. Vespertino)<\/strong><\/p>\n<p><strong>Direcci\u00f3n: Ituzaing\u00f3 1770-Lan\u00fas Este<\/strong><\/p>\n<p><strong>Tel\u00e9fono: 11 4241-9671<\/strong><\/p>\n<p style=\"text-align: center;\"><span style=\"color: #000000; font-size: 12pt;\"><span style=\"color: #000000;\"><strong>\u00a0 \u00a0 \u00a0 \u00a0 \u00a0 \u00a0 \u00a0 \u00a0 \u00a0 \u00a0 \u00a0 \u00a0 \u00a0 \u00a0 \u00a0 \u00a0 \u00a0 \u00a0 \u00a0 \u00a0 \u00a0 \u00a0 \u00a0 \u00a0 \u00a0 \u00a0 \u00a0 \u00a0 \u00a0 \u00a0 \u00a0 \u00a0 \u00a0 \u00a0 \u00a0 \u00a0 <\/strong><\/span><\/span><\/p>\n<p style=\"text-align: center;\"><span style=\"color: #000000; font-size: 12pt;\"><span style=\"color: #000000;\"><strong>\u00a0 \u00a0 \u00a0E-mail de consultas:<a href=\"mailto:isfd11lanus@gmail.com\"> isfd11lanus@gmail.com<\/a>\u00a0<\/strong><\/span><\/span><\/p>\n<p><span style=\"color: #000000; font-size: 12pt;\"><strong>\u00a0 \u00a0 \u00a0 \u00a0 \u00a0 \u00a0 \u00a0 \u00a0 \u00a0 \u00a0 \u00a0 \u00a0 \u00a0 \u00a0 \u00a0 \u00a0 \u00a0 \u00a0 \u00a0 \u00a0 \u00a0 \u00a0 \u00a0 \u00a0 \u00a0\u00a0<\/strong><\/span><\/p>\n<p><span style=\"color: #0000ff;\">\u00a0<\/span><\/p>\n<p style=\"text-align: center;\"><span style=\"color: #0000ff;\"><img decoding=\"async\" class=\"aligncenter\" title=\"\" src=\"https:\/\/isfd11-bue.infd.edu.ar\/sitio\/wp-content\/uploads\/2018\/06\/Logo5.gif\" alt=\"\" border=\"0\" \/><\/span><\/p>\n","protected":false},"excerpt":{"rendered":"<p>Instituto Superior de Formaci\u00f3n Docente N\u00ba 11\u00a0 Horarios: Lunes-Viernes de 7.45 a 22.00 (T. Ma\u00f1ana-T. Tarde &#8211; T. Vespertino) Direcci\u00f3n: Ituzaing\u00f3 1770-Lan\u00fas Este Tel\u00e9fono: 11 4241-9671 \u00a0 \u00a0 \u00a0 \u00a0 \u00a0 \u00a0 \u00a0 \u00a0 \u00a0 \u00a0 \u00a0 \u00a0 \u00a0 \u00a0 \u00a0 \u00a0 \u00a0 \u00a0 \u00a0 \u00a0 \u00a0 \u00a0 \u00a0 \u00a0 \u00a0 \u00a0 \u00a0 \u00a0 \u00a0 &#8230; <a title=\"Datos institucionales\" class=\"read-more\" href=\"https:\/\/isfd11-bue.infd.edu.ar\/sitio\/datos-institucionales\/\" aria-label=\"More on Datos institucionales\">[+]<\/a><\/p>\n","protected":false},"author":1787,"featured_media":0,"parent":0,"menu_order":0,"comment_status":"closed","ping_status":"closed","template":"","meta":[],"acf":[],"_links":{"self":[{"href":"https:\/\/isfd11-bue.infd.edu.ar\/sitio\/wp-json\/wp\/v2\/pages\/883"}],"collection":[{"href":"https:\/\/isfd11-bue.infd.edu.ar\/sitio\/wp-json\/wp\/v2\/pages"}],"about":[{"href":"https:\/\/isfd11-bue.infd.edu.ar\/sitio\/wp-json\/wp\/v2\/types\/page"}],"author":[{"embeddable":true,"href":"https:\/\/isfd11-bue.infd.edu.ar\/sitio\/wp-json\/wp\/v2\/users\/1787"}],"replies":[{"embeddable":true,"href":"https:\/\/isfd11-bue.infd.edu.ar\/sitio\/wp-json\/wp\/v2\/comments?post=883"}],"version-history":[{"count":8,"href":"https:\/\/isfd11-bue.infd.edu.ar\/sitio\/wp-json\/wp\/v2\/pages\/883\/revisions"}],"predecessor-version":[{"id":5299,"href":"https:\/\/isfd11-bue.infd.edu.ar\/sitio\/wp-json\/wp\/v2\/pages\/883\/revisions\/5299"}],"wp:attachment":[{"href":"https:\/\/isfd11-bue.infd.edu.ar\/sitio\/wp-json\/wp\/v2\/media?parent=883"}],"curies":[{"name":"wp","href":"https:\/\/api.w.org\/{rel}","templated":true}]}}