{"id":889,"date":"2018-06-29T18:59:40","date_gmt":"2018-06-29T21:59:40","guid":{"rendered":"https:\/\/isfd11-bue.infd.edu.ar\/sitio\/plan-de-estudios-2\/"},"modified":"2020-12-04T13:32:32","modified_gmt":"2020-12-04T16:32:32","slug":"plan-de-estudios-2","status":"publish","type":"page","link":"https:\/\/isfd11-bue.infd.edu.ar\/sitio\/plan-de-estudios-2\/","title":{"rendered":"Plan de estudios del Prof. E Inicial"},"content":{"rendered":"<h2 style=\"text-align: right;\"><a href=\"http:\/\/servicios.abc.gov.ar\/lainstitucion\/organismos\/consejogeneral\/disenioscurriculares\/documentosdescarga\/dcurricularsuperior.pdf\" target=\"_blank\" rel=\"noopener\">DISE\u00d1O CURRICULAR<\/a><\/h2>\n<div align=\"center\">\n<table class=\"Titulo_resaltado\" border=\"2\" width=\"100%\" align=\"center\">\n<tbody>\n<tr>\n<td>\n<p align=\"center\">\u00a0<span style=\"font-family: Arial; font-size: small;\">PROFESORADO DE EDUCACI\u00d3N INICIAL R.M. 4154\/07<\/span><\/p>\n<\/td>\n<\/tr>\n<\/tbody>\n<\/table>\n<\/div>\n<p>&nbsp;<\/p>\n<h2><span style=\"font-size: small;\">PRIMER A\u00d1O<\/span><\/h2>\n<table class=\"Borde_rojo\" border=\"2\" width=\"100%\" cellspacing=\"0\" cellpadding=\"0\">\n<tbody>\n<tr>\n<td style=\"width: 373px;\" colspan=\"2\" valign=\"top\">\n<h5 align=\"center\"><span style=\"font-size: xx-small;\">ASIGNATURA<br \/>\n<\/span><\/h5>\n<\/td>\n<td style=\"width: 85px;\" valign=\"top\"><span style=\"font-size: xx-small;\"><strong>M\u00d3DULOS<br \/>\n<\/strong><\/span><\/td>\n<\/tr>\n<tr>\n<td style=\"width: 118px;\" rowspan=\"3\" valign=\"top\">\n<h5><span style=\"font-size: xx-small;\">CAMPO DE ACTUALIZACI\u00d3N FORMATIVA<br \/>\n<\/span><\/h5>\n<\/td>\n<td style=\"width: 255px;\" valign=\"top\">\n<h5><span style=\"font-size: xx-small;\">TALLER\u00a0 DE LECTURA, ESCRITURA Y ORALIDAD<br \/>\n<\/span><\/h5>\n<\/td>\n<td style=\"width: 85px;\" valign=\"top\">\n<p align=\"center\"><span style=\"font-size: xx-small;\"><strong>2<br \/>\n<\/strong><\/span><\/p>\n<\/td>\n<\/tr>\n<tr>\n<td style=\"width: 255px;\" valign=\"top\">\n<h5><span style=\"font-size: xx-small;\">TALLER DE PENSAMIENTO L\u00d3GICO MATEM\u00c1TICO<br \/>\n<\/span><\/h5>\n<\/td>\n<td style=\"width: 85px;\" valign=\"top\">\n<p align=\"center\"><span style=\"font-size: xx-small;\">2<br \/>\n<\/span><\/p>\n<\/td>\n<\/tr>\n<tr>\n<td style=\"width: 255px;\" valign=\"top\">\n<h5><span style=\"font-size: xx-small;\">TALLER DE DEFINICI\u00d3N INSTITUCIONAL<br \/>\n<\/span><\/h5>\n<\/td>\n<td style=\"width: 85px;\" valign=\"top\">\n<p align=\"center\"><span style=\"font-size: xx-small;\"><strong>2<br \/>\n<\/strong><\/span><\/p>\n<\/td>\n<\/tr>\n<tr>\n<td style=\"width: 118px;\" rowspan=\"4\" valign=\"top\">\n<h5><span style=\"font-size: xx-small;\">CAMPO DE LA FUNDAMENTACI\u00d3N<br \/>\n<\/span><\/h5>\n<\/td>\n<td style=\"width: 255px;\" valign=\"top\">\n<h5><span style=\"font-size: xx-small;\">FILOSOF\u00cdA<br \/>\n<\/span><\/h5>\n<\/td>\n<td style=\"width: 85px;\" valign=\"top\">\n<p align=\"center\"><span style=\"font-size: xx-small;\"><strong>2<br \/>\n<\/strong><\/span><\/p>\n<\/td>\n<\/tr>\n<tr>\n<td style=\"width: 255px;\" valign=\"top\">\n<h5><span style=\"font-size: xx-small;\">DID\u00c1CTICA GENERAL<br \/>\n<\/span><\/h5>\n<\/td>\n<td style=\"width: 85px;\" valign=\"top\">\n<p align=\"center\"><span style=\"font-size: xx-small;\"><strong>2<br \/>\n<\/strong><\/span><\/p>\n<\/td>\n<\/tr>\n<tr>\n<td style=\"width: 255px;\" valign=\"top\">\n<h5><span style=\"font-size: xx-small;\">PEDAGOG\u00cdA<br \/>\n<\/span><\/h5>\n<\/td>\n<td style=\"width: 85px;\" valign=\"top\">\n<p align=\"center\"><span style=\"font-size: xx-small;\"><strong>2<br \/>\n<\/strong><\/span><\/p>\n<\/td>\n<\/tr>\n<tr>\n<td style=\"width: 255px;\" valign=\"top\">\n<h5><span style=\"font-size: xx-small;\">AN\u00c1LISIS\u00a0 DEL MUNDO CONTEMPOR\u00c1NEO<br \/>\n<\/span><\/h5>\n<\/td>\n<td style=\"width: 85px;\" valign=\"top\">\n<p align=\"center\"><span style=\"font-size: xx-small;\"><strong>1<br \/>\n<\/strong><\/span><\/p>\n<\/td>\n<\/tr>\n<tr>\n<td style=\"width: 118px;\" rowspan=\"2\" valign=\"top\">\n<h5><span style=\"font-size: xx-small;\">CAMPO DE LA SUBJETIVIDAD Y LAS CULTURAS<br \/>\n<\/span><\/h5>\n<\/td>\n<td style=\"width: 255px;\" valign=\"top\">\n<h5><span style=\"font-size: xx-small;\">PSICOLOG\u00cdA DEL DESARROLLO Y\u00a0 EL APRENDIZAJE I<br \/>\n<\/span><\/h5>\n<\/td>\n<td style=\"width: 85px;\" valign=\"top\">\n<p align=\"center\"><span style=\"font-size: xx-small;\"><strong>2<br \/>\n<\/strong><\/span><\/p>\n<\/td>\n<\/tr>\n<tr>\n<td style=\"width: 255px;\" valign=\"top\">\n<h5><span style=\"font-size: xx-small;\">EDUCACI\u00d3N TEMPRANA<br \/>\n<\/span><\/h5>\n<\/td>\n<td style=\"width: 85px;\" valign=\"top\">\n<p align=\"center\"><span style=\"font-size: xx-small;\"><strong>2<br \/>\n<\/strong><\/span><\/p>\n<\/td>\n<\/tr>\n<tr>\n<td style=\"width: 118px;\" valign=\"top\">\n<h5><span style=\"font-size: xx-small;\">CAMPO DE LOS SABERES A ENSE\u00d1AR<br \/>\n<\/span><\/h5>\n<\/td>\n<td style=\"width: 255px;\" valign=\"top\">\n<h5><span style=\"font-size: xx-small;\">CORPOREIDAD Y MOTRICIDAD<br \/>\n<\/span><\/h5>\n<\/td>\n<td style=\"width: 85px;\" valign=\"top\">\n<p align=\"center\"><span style=\"font-size: xx-small;\"><strong>1<br \/>\n<\/strong><\/span><\/p>\n<\/td>\n<\/tr>\n<tr>\n<td style=\"width: 118px;\" rowspan=\"3\" valign=\"top\">\n<h5><span style=\"font-size: xx-small;\">CAMPO\u00a0 DE LA PR\u00c1CTICA DOCENTE<br \/>\n<\/span><\/h5>\n<\/td>\n<td style=\"width: 255px;\" valign=\"top\">\n<h5><span style=\"font-size: xx-small;\">PR\u00c1CTICA EN TERRENO: EXPERIENCIA SOCIAL EN ESPACIOS Y ORGANIZACIONES DE LA COMUNIDAD<br \/>\n<\/span><\/h5>\n<\/td>\n<td style=\"width: 85px;\" rowspan=\"3\" valign=\"top\">\n<p align=\"center\"><span style=\"font-size: xx-small;\"><strong>3<br \/>\n<\/strong><\/span><\/p>\n<\/td>\n<\/tr>\n<tr>\n<td style=\"width: 255px;\" valign=\"top\">\n<h5><span style=\"font-size: xx-small;\">TALLER INTEGRADOR INTERDISCIPLINARIO: CIUDAD EDUCADORA<br \/>\n<\/span><\/h5>\n<\/td>\n<\/tr>\n<tr>\n<td style=\"width: 255px;\" valign=\"top\"><span style=\"font-size: xx-small;\"><strong>HERRAMIENTAS: TALLER DE EDUCACI\u00d3N SOCIAL Y ESTRATEGIAS DE EDUCACI\u00d3N POPULAR<\/strong><\/span><\/td>\n<\/tr>\n<tr>\n<td style=\"width: 373px;\" colspan=\"2\" valign=\"top\">\n<h5><span style=\"font-size: xx-small;\">TALLER INTEGRADOR<br \/>\n<\/span><\/h5>\n<\/td>\n<td style=\"width: 85px;\" valign=\"top\">\n<p align=\"center\"><span style=\"font-size: xx-small;\"><strong>1<br \/>\n<\/strong><\/span><\/p>\n<\/td>\n<\/tr>\n<tr>\n<td style=\"width: 373px;\" colspan=\"2\" valign=\"top\">\n<h5><span style=\"font-size: xx-small;\">APTITUD FONOAUDIOL\u00d3GICA<br \/>\n<\/span><\/h5>\n<\/td>\n<td style=\"width: 85px;\" valign=\"top\">\n<p align=\"center\"><span style=\"font-size: xx-small;\"><strong>2<\/strong><br \/>\n<\/span><\/p>\n<\/td>\n<\/tr>\n<tr>\n<td style=\"width: 373px;\" colspan=\"2\" valign=\"top\">\n<h5><span style=\"font-size: xx-small;\">EQUIPO INSTITUCIONAL PARA ACOMPA\u00d1AMIENTO DE IMPLEMENTACI\u00d3N (R.M. 141\/08)<br \/>\n<\/span><\/h5>\n<\/td>\n<td style=\"width: 85px;\" valign=\"top\">\n<p align=\"center\"><span style=\"font-size: xx-small;\"><strong>4<\/strong><br \/>\n<\/span><\/p>\n<\/td>\n<\/tr>\n<\/tbody>\n<\/table>\n<p>&nbsp;<\/p>\n<h1 align=\"left\"><span style=\"font-size: xx-small;\"><span style=\"font-size: small;\">SEGUNDO A\u00d1O<\/span> <\/span><\/h1>\n<p>&nbsp;<\/p>\n<table class=\"Borde_rojo\" border=\"2\" width=\"100%\" cellspacing=\"0\" cellpadding=\"0\">\n<tbody>\n<tr>\n<td style=\"width: 373px;\" colspan=\"2\" valign=\"top\">\n<h5 align=\"center\"><span style=\"font-size: xx-small;\">ASIGNATURA<br \/>\n<\/span><\/h5>\n<\/td>\n<td style=\"width: 85px;\" valign=\"top\">\n<p align=\"center\"><span style=\"font-size: xx-small;\">M\u00d3DULOS<br \/>\n<\/span><\/p>\n<\/td>\n<\/tr>\n<tr>\n<td style=\"width: 118px;\" rowspan=\"2\" valign=\"top\">\n<h5><span style=\"font-size: xx-small;\">CAMPO DE LA FUNDAMENTACI\u00d3N<br \/>\n<\/span><\/h5>\n<\/td>\n<td style=\"width: 255px;\" valign=\"top\">\n<h5><span style=\"font-size: xx-small;\">TEOR\u00cdAS SOCIOPOL\u00cdTICAS Y EDUCACI\u00d3N<br \/>\n<\/span><\/h5>\n<\/td>\n<td style=\"width: 85px;\" valign=\"top\">\n<p align=\"center\"><span style=\"font-size: xx-small;\">2<br \/>\n<\/span><\/p>\n<\/td>\n<\/tr>\n<tr>\n<td style=\"width: 255px;\" valign=\"top\">\n<h5><span style=\"font-size: xx-small;\">DID\u00c1CTICA\u00a0 Y CURRICULUM DE NIVEL INICIAL<br \/>\n<\/span><\/h5>\n<\/td>\n<td style=\"width: 85px;\" valign=\"top\">\n<p align=\"center\"><span style=\"font-size: xx-small;\">2<br \/>\n<\/span><\/p>\n<\/td>\n<\/tr>\n<tr>\n<td style=\"width: 118px;\" rowspan=\"3\" valign=\"top\">\n<h5><span style=\"font-size: xx-small;\">CAMPO DE LA SUBJETIVIDAD Y LAS CULTURAS<br \/>\n<\/span><\/h5>\n<\/td>\n<td style=\"width: 255px;\" valign=\"top\">\n<h5><span style=\"font-size: xx-small;\">PSICOLOG\u00cdA DEL DESARROLLO Y\u00a0 EL APRENDIZAJE II<br \/>\n<\/span><\/h5>\n<\/td>\n<td style=\"width: 85px;\" valign=\"top\">\n<p align=\"center\"><span style=\"font-size: xx-small;\">2<br \/>\n<\/span><\/p>\n<\/td>\n<\/tr>\n<tr>\n<td style=\"width: 255px;\" valign=\"top\">\n<h5><span style=\"font-size: xx-small;\">PSICOLOG\u00cdA SOCIAL E INSTITUCIONAL<br \/>\n<\/span><\/h5>\n<\/td>\n<td style=\"width: 85px;\" valign=\"top\">\n<p align=\"center\"><span style=\"font-size: xx-small;\">1<br \/>\n<\/span><\/p>\n<\/td>\n<\/tr>\n<tr>\n<td style=\"width: 255px;\" valign=\"top\">\n<h5><span style=\"font-size: xx-small;\">CULTURA, COMUNICACI\u00d3N Y EDUCACI\u00d3N<br \/>\n<\/span><\/h5>\n<\/td>\n<td style=\"width: 85px;\" valign=\"top\">\n<p align=\"center\"><span style=\"font-size: xx-small;\">1<br \/>\n<\/span><\/p>\n<\/td>\n<\/tr>\n<tr>\n<td style=\"width: 118px;\" rowspan=\"5\" valign=\"top\">\n<h5><span style=\"font-size: xx-small;\">CAMPO DE LOS SABERES A ENSE\u00d1AR<br \/>\n<\/span><\/h5>\n<\/td>\n<td style=\"width: 255px;\" valign=\"top\">\n<h3><span style=\"font-family: Arial; font-size: xx-small;\"><span style=\"font-family: Verdana;\">EDUCACI\u00d3N PL\u00c1STICA<\/span><br \/>\n<\/span><\/h3>\n<\/td>\n<td style=\"width: 85px;\" valign=\"top\">\n<p align=\"center\"><span style=\"font-size: xx-small;\">2<br \/>\n<\/span><\/p>\n<\/td>\n<\/tr>\n<tr>\n<td style=\"width: 255px;\" valign=\"top\"><span style=\"font-size: xx-small;\">DID\u00c1CTICA DE PR\u00c1CTICAS DEL LENGUAJE Y LA LITERATURA<br \/>\n<\/span><\/td>\n<td style=\"width: 85px;\" valign=\"top\">\n<p align=\"center\"><span style=\"font-size: xx-small;\">2<br \/>\n<\/span><\/p>\n<\/td>\n<\/tr>\n<tr>\n<td style=\"width: 255px;\" valign=\"top\"><span style=\"font-size: xx-small;\">DID\u00c1CTICA DE LAS CIENCIAS SOCIALES<br \/>\n<\/span><\/td>\n<td style=\"width: 85px;\" valign=\"top\">\n<p align=\"center\"><span style=\"font-size: xx-small;\">2<br \/>\n<\/span><\/p>\n<\/td>\n<\/tr>\n<tr>\n<td style=\"width: 255px;\" valign=\"top\">\n<p align=\"left\"><span style=\"font-size: xx-small;\">DID\u00c1CTICA DE LAS CIENCIAS NATURALES<br \/>\n<\/span><\/p>\n<\/td>\n<td style=\"width: 85px;\" valign=\"top\">\n<p align=\"center\"><span style=\"font-size: xx-small;\">2<br \/>\n<\/span><\/p>\n<\/td>\n<\/tr>\n<tr>\n<td style=\"width: 255px;\" valign=\"top\">\n<p align=\"left\"><span style=\"font-size: xx-small;\">DID\u00c1CTICA DE LA MATEM\u00c1TICA<br \/>\n<\/span><\/p>\n<\/td>\n<td style=\"width: 85px;\" valign=\"top\">\n<p align=\"center\"><span style=\"font-size: xx-small;\">2<br \/>\n<\/span><\/p>\n<\/td>\n<\/tr>\n<tr>\n<td style=\"width: 118px;\" rowspan=\"3\" valign=\"top\">\n<h5><span style=\"font-size: xx-small;\">CAMPO\u00a0 DE LA PR\u00c1CTICA DOCENTE<br \/>\n<\/span><\/h5>\n<\/td>\n<td style=\"width: 255px;\" valign=\"top\">\n<h5><span style=\"font-size: xx-small;\">PR\u00c1CTICA EN TERRENO: EN INSTITUCIONES EDUCATIVAS (DISTINTOS \u00c1MBITOS: URBANO, SUBURBANO, RURAL)<br \/>\n<\/span><\/h5>\n<\/td>\n<td style=\"width: 85px;\" valign=\"top\">\n<p align=\"center\"><span style=\"font-size: xx-small;\">2<br \/>\n<\/span><\/p>\n<\/td>\n<\/tr>\n<tr>\n<td style=\"width: 255px;\" valign=\"top\">\n<h5><span style=\"font-size: xx-small;\">TALLER INTEGRADOR INTERDISCIPLINARIO: ESPACIO ESCOLAR Y REALIDAD EDUCATIVA<br \/>\n<\/span><\/h5>\n<\/td>\n<td style=\"width: 85px;\" valign=\"top\">\n<p align=\"center\"><span style=\"font-size: xx-small;\">1<br \/>\n<\/span><\/p>\n<\/td>\n<\/tr>\n<tr>\n<td style=\"width: 255px;\" valign=\"top\"><span style=\"font-size: xx-small;\">HERRAMIENTAS: APROXIMACI\u00d3N Y AN\u00c1LISIS CUALITATIVO INSTITUCIONAL<\/span><\/td>\n<td style=\"width: 85px;\" valign=\"top\">\n<p align=\"center\"><span style=\"font-size: xx-small;\">1<br \/>\n<\/span><\/p>\n<\/td>\n<\/tr>\n<tr>\n<td style=\"width: 373px;\" colspan=\"2\" valign=\"top\">\n<h5><span style=\"font-size: xx-small;\">TALLER INTEGRADOR<br \/>\n<\/span><\/h5>\n<\/td>\n<td style=\"width: 85px;\" valign=\"top\">\n<p align=\"center\"><span style=\"font-size: xx-small;\">1<br \/>\n<\/span><\/p>\n<\/td>\n<\/tr>\n<\/tbody>\n<\/table>\n<h2><span style=\"font-size: small;\">TERCER A\u00d1O <\/span><\/h2>\n<table class=\"Borde_rojo\" border=\"2\" width=\"100%\" cellspacing=\"0\" cellpadding=\"0\">\n<tbody>\n<tr>\n<td style=\"width: 373px;\" colspan=\"2\" valign=\"top\">\n<h5 align=\"center\"><span style=\"font-size: xx-small;\">ASIGNATURA<br \/>\n<\/span><\/h5>\n<\/td>\n<td style=\"width: 85px;\" valign=\"top\">\n<p align=\"center\"><span style=\"font-size: xx-small;\"><strong>M\u00d3DULOS<br \/>\n<\/strong><\/span><\/p>\n<\/td>\n<\/tr>\n<tr>\n<td style=\"width: 118px;\" rowspan=\"2\" valign=\"top\">\n<h5><span style=\"font-size: xx-small;\">CAMPO DE LA FUNDAMENTACI\u00d3N<br \/>\n<\/span><\/h5>\n<\/td>\n<td style=\"width: 255px;\" valign=\"top\">\n<h5><span style=\"font-size: xx-small;\">HISTORIA Y PROSPECTIVA DE LA EDUCACI\u00d3N<br \/>\n<\/span><\/h5>\n<\/td>\n<td style=\"width: 85px;\" valign=\"top\">\n<p align=\"center\"><span style=\"font-size: xx-small;\"><strong>2<br \/>\n<\/strong><\/span><\/p>\n<\/td>\n<\/tr>\n<tr>\n<td style=\"width: 255px;\" valign=\"top\">\n<h5><span style=\"font-size: xx-small;\">POL\u00cdTICAS, LEGISLACI\u00d3N Y ADMINISTRACI\u00d3N DEL TRABAJO ESCOLAR<br \/>\n<\/span><\/h5>\n<\/td>\n<td style=\"width: 85px;\" valign=\"top\">\n<p align=\"center\"><span style=\"font-size: xx-small;\"><strong>2<br \/>\n<\/strong><\/span><\/p>\n<\/td>\n<\/tr>\n<tr>\n<td style=\"width: 118px;\" rowspan=\"2\" valign=\"top\">\n<h5><span style=\"font-size: xx-small;\">CAMPO DE LA SUBJETIVIDAD Y LAS CULTURAS<br \/>\n<\/span><\/h5>\n<\/td>\n<td style=\"width: 255px;\" valign=\"top\">\n<h3><span style=\"font-family: Arial; font-size: xx-small;\"><span style=\"font-family: Verdana;\">JUEGO Y DESAROLLO INFANTIL<\/span><br \/>\n<\/span><\/h3>\n<\/td>\n<td style=\"width: 85px;\" valign=\"top\">\n<p align=\"center\"><span style=\"font-size: xx-small;\"><strong>2<br \/>\n<\/strong><\/span><\/p>\n<\/td>\n<\/tr>\n<tr>\n<td style=\"width: 255px;\" valign=\"top\"><span style=\"font-size: xx-small;\"><strong>MEDIOS AUDIOVISUALES, TIC\u2019S Y EDUCACI\u00d3N<br \/>\n<\/strong><\/span><\/td>\n<td style=\"width: 85px;\" valign=\"top\">\n<p align=\"center\"><span style=\"font-size: xx-small;\"><strong>1<br \/>\n<\/strong><\/span><\/p>\n<\/td>\n<\/tr>\n<tr>\n<td style=\"width: 118px;\" rowspan=\"7\" valign=\"top\">\n<h5><span style=\"font-size: xx-small;\">CAMPO DE LOS SABERES A ENSE\u00d1AR<br \/>\n<\/span><\/h5>\n<\/td>\n<td style=\"width: 255px;\" valign=\"top\">\n<h3><span style=\"font-family: Arial; font-size: xx-small;\"><span style=\"font-family: Verdana;\">EDUCACI\u00d3N MUSICAL<\/span><br \/>\n<\/span><\/h3>\n<\/td>\n<td style=\"width: 85px;\" valign=\"top\">\n<p align=\"center\"><span style=\"font-size: xx-small;\"><strong>2<\/strong><br \/>\n<\/span><\/p>\n<\/td>\n<\/tr>\n<tr>\n<td style=\"width: 255px;\" valign=\"top\"><span style=\"font-size: xx-small;\"><strong>EDUCACI\u00d3N F\u00cdSICA ESCOLAR<\/strong><br \/>\n<\/span><\/td>\n<td style=\"width: 85px;\" valign=\"top\">\n<p align=\"center\"><span style=\"font-size: xx-small;\"><strong>2<\/strong><br \/>\n<\/span><\/p>\n<\/td>\n<\/tr>\n<tr>\n<td style=\"width: 255px;\" valign=\"top\"><span style=\"font-size: xx-small;\"><strong>TALLER DE LITERATURA INFANTIL<br \/>\n<\/strong><\/span><\/td>\n<td style=\"width: 85px;\" valign=\"top\">\n<p align=\"center\"><span style=\"font-size: xx-small;\"><strong>1<\/strong><br \/>\n<\/span><\/p>\n<\/td>\n<\/tr>\n<tr>\n<td style=\"width: 255px;\" valign=\"top\">\n<p align=\"left\"><span style=\"font-size: xx-small;\"><strong>TALLER DE CIENCIAS SOCIALES<br \/>\n<\/strong><\/span><\/p>\n<\/td>\n<td style=\"width: 85px;\" valign=\"top\">\n<p align=\"center\"><span style=\"font-size: xx-small;\"><strong>1<\/strong><br \/>\n<\/span><\/p>\n<\/td>\n<\/tr>\n<tr>\n<td style=\"width: 255px;\" valign=\"top\"><span style=\"font-size: xx-small;\"><strong>TALLER DE CIENCIAS NATURALES<\/strong><br \/>\n<\/span><\/td>\n<td style=\"width: 85px;\" valign=\"top\">\n<p align=\"center\"><span style=\"font-size: xx-small;\"><strong>1<\/strong><br \/>\n<\/span><\/p>\n<\/td>\n<\/tr>\n<tr>\n<td style=\"width: 255px;\" valign=\"top\"><span style=\"font-size: xx-small;\"><strong>TALLER DE LA MATEM\u00c1TICA<\/strong><br \/>\n<\/span><\/td>\n<td style=\"width: 85px;\" valign=\"top\">\n<p align=\"center\"><span style=\"font-size: xx-small;\"><strong>1<\/strong><br \/>\n<\/span><\/p>\n<\/td>\n<\/tr>\n<tr>\n<td style=\"width: 255px;\" valign=\"top\">\n<p align=\"left\"><span style=\"font-size: xx-small;\"><strong>PRODUCCI\u00d3N DE MATERIALES Y OBJETOS L\u00daDICOS<br \/>\n<\/strong><\/span><\/p>\n<\/td>\n<td style=\"width: 85px;\" valign=\"top\">\n<p align=\"center\"><span style=\"font-size: xx-small;\"><strong>1<\/strong><br \/>\n<\/span><\/p>\n<\/td>\n<\/tr>\n<tr>\n<td style=\"width: 118px;\" rowspan=\"3\" valign=\"top\">\n<h5><span style=\"font-size: xx-small;\">CAMPO\u00a0 DE LA PR\u00c1CTICA DOCENTE<br \/>\n<\/span><\/h5>\n<\/td>\n<td style=\"width: 255px;\" valign=\"top\">\n<h5><span style=\"font-size: xx-small;\">PR\u00c1CTICA EN TERRENO: EN EL AULA, EN EL NIVEL DE FORMACI\u00d3N<br \/>\n<\/span><\/h5>\n<\/td>\n<td style=\"width: 85px;\" valign=\"top\">\n<p align=\"center\"><span style=\"font-size: xx-small;\"><strong>4<\/strong><br \/>\n<\/span><\/p>\n<\/td>\n<\/tr>\n<tr>\n<td style=\"width: 255px;\" valign=\"top\">\n<h5><span style=\"font-size: xx-small;\">TALLER INTEGRADOR INTERDISCIPLINARIO: RELACI\u00d3N EDUCATIVA<br \/>\n<\/span><\/h5>\n<\/td>\n<td style=\"width: 85px;\" valign=\"top\">\n<p align=\"center\"><span style=\"font-size: xx-small;\"><strong>1<\/strong><br \/>\n<\/span><\/p>\n<\/td>\n<\/tr>\n<tr>\n<td style=\"width: 255px;\" valign=\"top\"><span style=\"font-size: xx-small;\"><strong>HERRAMIENTAS: INVESTIGACI\u00d3N EN Y PARA LA ACCI\u00d3N EDUCATIVA<\/strong><\/span><\/td>\n<td style=\"width: 85px;\" valign=\"top\">\n<p align=\"center\"><span style=\"font-size: xx-small;\"><strong>1<\/strong><br \/>\n<\/span><\/p>\n<\/td>\n<\/tr>\n<tr>\n<td style=\"width: 373px;\" colspan=\"2\" valign=\"top\">\n<h5><span style=\"font-size: xx-small;\">TALLER INTEGRADOR<br \/>\n<\/span><\/h5>\n<\/td>\n<td style=\"width: 85px;\" valign=\"top\">\n<p align=\"center\"><span style=\"font-size: xx-small;\"><strong>1<\/strong><br \/>\n<\/span><\/p>\n<\/td>\n<\/tr>\n<\/tbody>\n<\/table>\n<h2><span style=\"font-size: xx-small;\"><span style=\"font-size: small;\">CUARTO A\u00d1O<\/span> <\/span><\/h2>\n<table class=\"Borde_rojo\" border=\"2\" width=\"100%\" cellspacing=\"0\" cellpadding=\"0\">\n<tbody>\n<tr>\n<td style=\"width: 373px;\" colspan=\"2\" valign=\"top\">\n<h5 align=\"center\"><span style=\"font-size: xx-small;\">ASIGNATURA<br \/>\n<\/span><\/h5>\n<\/td>\n<td style=\"width: 85px;\" valign=\"top\">\n<p align=\"center\"><span style=\"font-size: xx-small;\"><strong>M\u00d3DULOS<br \/>\n<\/strong><\/span><\/p>\n<\/td>\n<\/tr>\n<tr>\n<td style=\"width: 118px;\" rowspan=\"2\" valign=\"top\">\n<h5><span style=\"font-size: xx-small;\">CAMPO DE LA FUNDAMENTACI\u00d3N<br \/>\n<\/span><\/h5>\n<\/td>\n<td style=\"width: 255px;\" valign=\"top\">\n<h5 align=\"left\"><span style=\"font-size: xx-small;\">REFLEXI\u00d3N FILOS\u00d3FICA DE LA EDUCACI\u00d3N<br \/>\n<\/span><\/h5>\n<\/td>\n<td style=\"width: 85px;\" valign=\"top\">\n<p align=\"center\"><span style=\"font-size: xx-small;\"><strong>1<br \/>\n<\/strong><\/span><\/p>\n<\/td>\n<\/tr>\n<tr>\n<td style=\"width: 255px;\" valign=\"top\">\n<h5 align=\"left\"><span style=\"font-size: xx-small;\">DIMENSI\u00d3N \u00c9TICO-POL\u00cdTICA DE LA PRAXIS\u00a0 DOCENTE<br \/>\n<\/span><\/h5>\n<\/td>\n<td style=\"width: 85px;\" valign=\"top\">\n<p align=\"center\"><span style=\"font-size: xx-small;\"><strong>1<\/strong><br \/>\n<\/span><\/p>\n<\/td>\n<\/tr>\n<tr>\n<td style=\"width: 118px;\" valign=\"top\">\n<h5><span style=\"font-size: xx-small;\">TRAYECTOS FORMATIVOS OPCIONALES<br \/>\n<\/span><\/h5>\n<\/td>\n<td style=\"width: 255px;\" valign=\"top\">\n<h3><span style=\"font-family: Arial; font-size: xx-small;\"><span style=\"font-family: Verdana;\">ESPACIOS DE DEFINICI\u00d3N INSTITUCIONAL<\/span><br \/>\n<\/span><\/h3>\n<\/td>\n<td style=\"width: 85px;\" valign=\"top\">\n<p align=\"center\"><span style=\"font-size: xx-small;\"><strong>5<br \/>\n<\/strong><\/span><\/p>\n<\/td>\n<\/tr>\n<tr>\n<td style=\"width: 118px;\" valign=\"top\">\n<h5><span style=\"font-size: xx-small;\">CAMPO DE LA\u00a0 SUBJETIVIDAD Y LAS CULTURAS<br \/>\n<\/span><\/h5>\n<\/td>\n<td style=\"width: 255px;\" valign=\"top\">\n<h5><span style=\"font-size: xx-small;\">EDUCACI\u00d3N EN Y PARA LA SALUD<br \/>\n<\/span><\/h5>\n<\/td>\n<td style=\"width: 85px;\" valign=\"top\">\n<p align=\"center\"><span style=\"font-size: xx-small;\"><strong>1<\/strong><br \/>\n<\/span><\/p>\n<\/td>\n<\/tr>\n<tr>\n<td style=\"width: 118px;\" rowspan=\"4\" valign=\"top\">\n<h5><span style=\"font-size: xx-small;\">CAMPO DE LOS SABERES A ENSE\u00d1AR<br \/>\n<\/span><\/h5>\n<\/td>\n<td style=\"width: 255px;\" valign=\"top\">\n<h3><span style=\"font-family: Arial; font-size: xx-small;\"><span style=\"font-family: Verdana;\">ATENEO DE PR\u00c1CTICAS DEL LENGUAJE Y LA LITERATURA<\/span><br \/>\n<\/span><\/h3>\n<\/td>\n<td style=\"width: 85px;\" valign=\"top\">\n<p align=\"center\"><span style=\"font-size: xx-small;\"><strong>2<\/strong><br \/>\n<\/span><\/p>\n<\/td>\n<\/tr>\n<tr>\n<td style=\"width: 255px;\" valign=\"top\"><span style=\"font-size: xx-small;\"><strong>ATENEO DE MATEM\u00c1TICA<\/strong><br \/>\n<\/span><\/td>\n<td style=\"width: 85px;\" valign=\"top\">\n<p align=\"center\"><span style=\"font-size: xx-small;\"><strong>2<\/strong><br \/>\n<\/span><\/p>\n<\/td>\n<\/tr>\n<tr>\n<td style=\"width: 255px;\" valign=\"top\"><span style=\"font-size: xx-small;\"><strong>ATENEO DE NATURALEZA Y SOCIEDAD<\/strong><br \/>\n<\/span><\/td>\n<td style=\"width: 85px;\" valign=\"top\">\n<p align=\"center\"><span style=\"font-size: xx-small;\"><strong>2<\/strong><br \/>\n<\/span><\/p>\n<\/td>\n<\/tr>\n<tr>\n<td style=\"width: 255px;\" valign=\"top\"><span style=\"font-size: xx-small;\"><strong>ATENEO DE NUEVAS EXPRESIONES EST\u00c9TICAS<\/strong><\/span><\/td>\n<td style=\"width: 85px;\" valign=\"top\">\n<p align=\"center\"><span style=\"font-size: xx-small;\"><strong>2<\/strong><br \/>\n<\/span><\/p>\n<\/td>\n<\/tr>\n<tr>\n<td style=\"width: 118px;\" rowspan=\"2\" valign=\"top\">\n<h5><span style=\"font-size: xx-small;\">CAMPO\u00a0 DE LA PR\u00c1CTICA DOCENTE<br \/>\n<\/span><\/h5>\n<\/td>\n<td style=\"width: 255px;\" valign=\"top\">\n<h5><span style=\"font-size: xx-small;\">PR\u00c1CTICA EN TERRENO: EN EL AULA, EN EL NIVEL DE FORMACI\u00d3N<br \/>\n<\/span><\/h5>\n<\/td>\n<td style=\"width: 85px;\" valign=\"top\">\n<p align=\"center\"><span style=\"font-size: xx-small;\"><strong>8<\/strong><br \/>\n<\/span><\/p>\n<\/td>\n<\/tr>\n<tr>\n<td style=\"width: 255px;\" valign=\"top\">\n<h5><span style=\"font-size: xx-small;\">TALLER INTEGRADOR INTERDISCIPLINARIO: POSICIONAMIENTO DOCENTE<br \/>\n<\/span><\/h5>\n<\/td>\n<td style=\"width: 85px;\" valign=\"top\">\n<p align=\"center\"><span style=\"font-size: xx-small;\"><strong>1<br \/>\n<\/strong><\/span><\/p>\n<\/td>\n<\/tr>\n<tr>\n<td style=\"width: 373px;\" colspan=\"2\" valign=\"top\">\n<h5><span style=\"font-size: xx-small;\">TALLER INTEGRADOR<br \/>\n<\/span><\/h5>\n<\/td>\n<td style=\"width: 85px;\" valign=\"top\">\n<p align=\"center\"><span style=\"font-size: xx-small;\"><strong>1<\/strong><br \/>\n<\/span><\/p>\n<\/td>\n<\/tr>\n<\/tbody>\n<\/table>\n<p><span style=\"font-family: Times New Roman; font-size: xx-small;\"><br \/>\n<\/span><\/p>\n","protected":false},"excerpt":{"rendered":"<p>DISE\u00d1O CURRICULAR \u00a0PROFESORADO DE EDUCACI\u00d3N INICIAL R.M. 4154\/07 &nbsp; PRIMER A\u00d1O ASIGNATURA M\u00d3DULOS CAMPO DE ACTUALIZACI\u00d3N FORMATIVA TALLER\u00a0 DE LECTURA, ESCRITURA Y ORALIDAD 2 TALLER DE PENSAMIENTO L\u00d3GICO MATEM\u00c1TICO 2 TALLER DE DEFINICI\u00d3N INSTITUCIONAL 2 CAMPO DE LA FUNDAMENTACI\u00d3N FILOSOF\u00cdA 2 DID\u00c1CTICA GENERAL 2 PEDAGOG\u00cdA 2 AN\u00c1LISIS\u00a0 DEL MUNDO CONTEMPOR\u00c1NEO 1 CAMPO DE LA SUBJETIVIDAD &#8230; <a title=\"Plan de estudios del Prof. E Inicial\" class=\"read-more\" href=\"https:\/\/isfd11-bue.infd.edu.ar\/sitio\/plan-de-estudios-2\/\" aria-label=\"More on Plan de estudios del Prof. E Inicial\">[+]<\/a><\/p>\n","protected":false},"author":2645,"featured_media":0,"parent":0,"menu_order":0,"comment_status":"closed","ping_status":"closed","template":"","meta":[],"acf":[],"_links":{"self":[{"href":"https:\/\/isfd11-bue.infd.edu.ar\/sitio\/wp-json\/wp\/v2\/pages\/889"}],"collection":[{"href":"https:\/\/isfd11-bue.infd.edu.ar\/sitio\/wp-json\/wp\/v2\/pages"}],"about":[{"href":"https:\/\/isfd11-bue.infd.edu.ar\/sitio\/wp-json\/wp\/v2\/types\/page"}],"author":[{"embeddable":true,"href":"https:\/\/isfd11-bue.infd.edu.ar\/sitio\/wp-json\/wp\/v2\/users\/2645"}],"replies":[{"embeddable":true,"href":"https:\/\/isfd11-bue.infd.edu.ar\/sitio\/wp-json\/wp\/v2\/comments?post=889"}],"version-history":[{"count":2,"href":"https:\/\/isfd11-bue.infd.edu.ar\/sitio\/wp-json\/wp\/v2\/pages\/889\/revisions"}],"predecessor-version":[{"id":1733,"href":"https:\/\/isfd11-bue.infd.edu.ar\/sitio\/wp-json\/wp\/v2\/pages\/889\/revisions\/1733"}],"wp:attachment":[{"href":"https:\/\/isfd11-bue.infd.edu.ar\/sitio\/wp-json\/wp\/v2\/media?parent=889"}],"curies":[{"name":"wp","href":"https:\/\/api.w.org\/{rel}","templated":true}]}}