{"id":895,"date":"2018-06-29T18:59:42","date_gmt":"2018-06-29T21:59:42","guid":{"rendered":"https:\/\/isfd11-bue.infd.edu.ar\/sitio\/historia\/"},"modified":"2022-04-14T07:16:49","modified_gmt":"2022-04-14T10:16:49","slug":"historia","status":"publish","type":"page","link":"https:\/\/isfd11-bue.infd.edu.ar\/sitio\/historia\/","title":{"rendered":"Historia"},"content":{"rendered":"<p style=\"text-align: center;\"><span style=\"color: #008000; font-family: arial, helvetica, sans-serif; font-size: medium;\"><strong>Organizaci\u00f3n, Normativas, Funciones y Roles.<\/strong><\/span><\/p>\n<p><span style=\"font-size: small;\">El Instituto Superior de Formaci\u00f3n Docente N\u00ba 11 fue creado con el nombre de Escuela Normal Superior el 21 de septiembre de 1967. <\/span><\/p>\n<p><span style=\"font-size: small;\">Comenz\u00f3 a funcionar el 8\/04\/68. Obedeci\u00f3 a la necesidad de la Provincia de Buenos Aires de contar con Instituciones formadoras de maestras\/os. Recordar que hasta ese entonces la formaci\u00f3n de maestras\/os estaba a cargo de las Escuelas Normales Nacionales que funcionaban en todo el territorio nacional. El plan de estudios era de nivel secundario con cinco a\u00f1os de duraci\u00f3n total. La Provincia de Buenos Aires crea estas Escuelas Normales Superiores con la diferencia que el nivel pasa a ser terciario no universitario.<\/span><\/p>\n<p><span style=\"font-size: small;\">Los primeros Normales Superiores Provinciales se crean en: Lan\u00fas, Jun\u00edn, Mar del Plata, Bah\u00eda Blanca y Moreno. <\/span><\/p>\n<p><span style=\"font-size: small;\">Se ingresaba a la carrera con el t\u00edtulo de Maestro Normal Nacional y al cabo de tres a\u00f1os de estudios se obten\u00eda el t\u00edtulo de Maestro Normal Superior, con puntaje especial y en el \u00faltimo a\u00f1o como residente becado a cargo de un grado de la escuela primaria.<\/span><\/p>\n<p><span style=\"font-size: small;\">Comenz\u00f3 a funcionar en las instalaciones de la actual EPB N\u00ba 6, agreg\u00e1ndose en 1970 el curso de <\/span><span style=\"font-size: small;\">Capacitaci\u00f3n Directiva, en 1973 la carrera de Maestra Jardinera, en 1976 se anexa el ex -instituto Juan Luis Vives con la carrera de Asistente Social y en 1980 se crea el Profesorado en T\u00e9cnicas Contables y Administrativas.<\/span><\/p>\n<p><span style=\"font-size: small;\">En 1980 se procede a la zonificaci\u00f3n del edificio de la Calle Ituzaing\u00f3 1762, quedando en el mismo la EPB N\u00ba 6 y el Jard\u00edn de Infantes N\u00ba 2 y en Ituzaing\u00f3 1770 el I.S.F.D.N\u00ba11 junto a la EEM n\u00b0 3.\u00a0 En la actualidad y ante la gran demanda de matr\u00edcula, el Instituto traslada el turno vespertino a la EES n\u00b08 \u00abLuis Piedrabuena\u00bb en Arias 1902, Lan\u00fas Este, zona en la que se proyecta la edificaci\u00f3n de un Edificio propio para el Instituto.<\/span><\/p>\n<p><span style=\"font-size: small;\">A inicios del nuevo milenio, se crean los profesorados de Ciencia Pol\u00edtica, Matem\u00e1tica e Ingl\u00e9s, sumando a las ya existentes de Nivel Primario, Inicial y Econom\u00eda.<\/span><\/p>\n<p><span style=\"font-size: small;\">A la fecha se han registrado m\u00e1s de 50\u00a0 promociones, muchas\/os de los egresadas\/os ocupando cargos de direcci\u00f3n y supervisi\u00f3n.<\/span><\/p>\n<p><span style=\"font-size: small;\">Los Institutos Superiores se rigen por lo dispuesto por el Reglamento General para Institutos Superiores, dependiendo directamente de la Direcci\u00f3n de Educaci\u00f3n Superior de la Provincia de Buenos Aires.\u00a0<\/span><span style=\"font-size: small;\">La supervisi\u00f3n docente est\u00e1 a cargo de un Inspector de \u00e1rea.<\/span><\/p>\n","protected":false},"excerpt":{"rendered":"<p>Organizaci\u00f3n, Normativas, Funciones y Roles. El Instituto Superior de Formaci\u00f3n Docente N\u00ba 11 fue creado con el nombre de Escuela Normal Superior el 21 de septiembre de 1967. Comenz\u00f3 a funcionar el 8\/04\/68. Obedeci\u00f3 a la necesidad de la Provincia de Buenos Aires de contar con Instituciones formadoras de maestras\/os. Recordar que hasta ese entonces &#8230; <a title=\"Historia\" class=\"read-more\" href=\"https:\/\/isfd11-bue.infd.edu.ar\/sitio\/historia\/\" aria-label=\"More on Historia\">[+]<\/a><\/p>\n","protected":false},"author":2645,"featured_media":0,"parent":0,"menu_order":0,"comment_status":"closed","ping_status":"closed","template":"","meta":[],"acf":[],"_links":{"self":[{"href":"https:\/\/isfd11-bue.infd.edu.ar\/sitio\/wp-json\/wp\/v2\/pages\/895"}],"collection":[{"href":"https:\/\/isfd11-bue.infd.edu.ar\/sitio\/wp-json\/wp\/v2\/pages"}],"about":[{"href":"https:\/\/isfd11-bue.infd.edu.ar\/sitio\/wp-json\/wp\/v2\/types\/page"}],"author":[{"embeddable":true,"href":"https:\/\/isfd11-bue.infd.edu.ar\/sitio\/wp-json\/wp\/v2\/users\/2645"}],"replies":[{"embeddable":true,"href":"https:\/\/isfd11-bue.infd.edu.ar\/sitio\/wp-json\/wp\/v2\/comments?post=895"}],"version-history":[{"count":1,"href":"https:\/\/isfd11-bue.infd.edu.ar\/sitio\/wp-json\/wp\/v2\/pages\/895\/revisions"}],"predecessor-version":[{"id":3003,"href":"https:\/\/isfd11-bue.infd.edu.ar\/sitio\/wp-json\/wp\/v2\/pages\/895\/revisions\/3003"}],"wp:attachment":[{"href":"https:\/\/isfd11-bue.infd.edu.ar\/sitio\/wp-json\/wp\/v2\/media?parent=895"}],"curies":[{"name":"wp","href":"https:\/\/api.w.org\/{rel}","templated":true}]}}