{"id":905,"date":"2018-06-29T18:59:46","date_gmt":"2018-06-29T21:59:46","guid":{"rendered":"https:\/\/isfd11-bue.infd.edu.ar\/sitio\/plan-de-estudios-5\/"},"modified":"2025-08-13T08:06:03","modified_gmt":"2025-08-13T11:06:03","slug":"plan-de-estudios-5","status":"publish","type":"page","link":"https:\/\/isfd11-bue.infd.edu.ar\/sitio\/profesorado-en-ingles\/plan-de-estudios-5\/","title":{"rendered":"Plan de Estudios"},"content":{"rendered":"<h2 style=\"text-align: center;\"><a href=\"https:\/\/isfd52-bue.infd.edu.ar\/sitio\/nuevo-diseno-curricular-profesorado-de-ingles-2018\/upload\/anexo_disen_o_ingles.pdf\" target=\"_blank\" rel=\"noopener\">DISE\u00d1O CURRICULAR AQU\u00cd<\/a><\/h2>\n<p style=\"text-align: center;\"><a href=\"https:\/\/isfd11-bue.infd.edu.ar\/sitio\/wp-content\/uploads\/2022\/12\/PROFESORADO-DE-INGLES-1.docx\"><strong>PROFESORADO DE INGL\u00c9S -CONSIDERACIONES SOBRE LA CARRERA<\/strong><\/a><\/p>\n<p style=\"text-align: center;\"><strong><u>PLAN DE ESTUDIOS PROFESORADO DE INGL\u00c9S- ISFD 11<\/u><\/strong><\/p>\n<p><strong>RES. 1860\/2017<\/strong><\/p>\n<p><strong>1er A\u00d1O. Eje: Sujetos y contextos de realizaci\u00f3n de las pr\u00e1cticas educativas<\/strong><\/p>\n<p>PEDAGOG\u00cdA \/ 2HS<\/p>\n<p>PROBLEMAS SOCIO INSTITUCIONALES \/ 2HS<\/p>\n<p>DID\u00c1CTICA GENERAL \/ 2 HS<\/p>\n<p>PR\u00c1CTICAS DISCURSIVAS DE LA COMUNICACI\u00d3N ORAL I \/4 HS<\/p>\n<p>PR\u00c1CTICAS DISCURSIVAS DE LA COMUNICACI\u00d3N ESCRITA I \/ 4HS<\/p>\n<p>PR\u00c1CTICAS DISCURSIVAS DEL \u00c1MBITO ACAD\u00c9MICO EN ESPA\u00d1OL \/ 2 HS<\/p>\n<p>INTRODUCCI\u00d3N AL INGL\u00c9S CON FINES ACAD\u00c9MICOS \/ 2 HS<\/p>\n<p>ESTUDIOS INTERCULTURALES EN LENGUA INGLESA I \/ 2 HS<\/p>\n<p>CAMPO DE LA FORMACI\u00d3N EN LA PR\u00c1CTICA PROFESIONAL DE PRIMER A\u00d1O \/ 3 HS<\/p>\n<p><strong>2do A\u00d1O. Eje: La construcci\u00f3n de la tarea docente en la escuela primaria y secundaria<\/strong><\/p>\n<p>HISTORIA Y POL\u00cdTICA DE LA EDUCACI\u00d3N ARGENTINA \/ 2 HS<\/p>\n<p>ENSE\u00d1AR CON TECNOLOG\u00cdAS \/ 2 HS<\/p>\n<p>PERSPECTIVAS ACERCA DE LOS SUJETOS DE LA EDUCACI\u00d3N \/ 2 HS<\/p>\n<p>PR\u00c1CTICAS DISCURSIVAS DE LA COMUNICACI\u00d3N ORAL II \/ 4 HS<\/p>\n<p>PR\u00c1CTICAS DISCURSIVAS DE LA COMUNICACI\u00d3N ESCRITA II \/ 4 HS<\/p>\n<p>FUNDAMENTOS DE LA ENSE\u00d1ANZA Y APRENDIZAJE DEL INGL\u00c9S I \/ 2 HS<\/p>\n<p>LITERATURA EN LENGUA INGLESA Y NI\u00d1EZ \/ 2 HS<\/p>\n<p>ESTUDIOS INTERCULTURALES EN LENGUA INGLESA II \/ 2 HS<\/p>\n<p>CAMPO DE LA FORMACI\u00d3N EN LA PRACTICA PROFESIONAL DE SEGUNDO A\u00d1O \/ 4 HS<\/p>\n<p><strong>3er A\u00d1O. Eje: La construcci\u00f3n de la tarea docente en la ense\u00f1anza del\u00a0 nivel primario: configuraci\u00f3n de las decisiones did\u00e1cticas.<\/strong><\/p>\n<p>EDUCACI\u00d3N PARA LA DIVERSIDAD \/ 2 HS<\/p>\n<p>LA EVALUACI\u00d3N DE LOS APRENDIZAJES \/ 2 HS<\/p>\n<p>FILOSOF\u00cdA Y EDUCACI\u00d3N \/ 2 HS<\/p>\n<p>OFERTA DE UNIDADES CURRICULARES OPTATIVAS PARA EL ESTUDIANTE: Segunda lengua extranjera \/ 2hs.\u00a0 Oratoria y ret\u00f3rica Docente \/ 2 hs<\/p>\n<p>PR\u00c1CTICAS DISCURSIVAS DE LA COMUNICACI\u00d3N ORAL III \/ 4 HS<\/p>\n<p>PR\u00c1CTICAS DISCURSIVAS DE LA COMUNICACI\u00d3N ESCRITA III \/ 4 HS<\/p>\n<p>FUNDAMENTOS DE LA ENSE\u00d1ANZA Y APRENDIZAJE DEL INGL\u00c9S II \/ 2 HS<\/p>\n<p>LITERATURA EN LENGUA INGLESA Y JUVENTUD \/ 2 HS<\/p>\n<p>ESTUDIOS INTERCULTURALES EN LENGUA INGLESA III \/ 2 HS<\/p>\n<p>CAMPO DE LA FORMACI\u00d3N EN LA PR\u00c1CTICA PROFESIONAL DE TERCER A\u00d1O \/ 5 HS<\/p>\n<p><strong>4to A\u00d1O. Eje. La construcci\u00f3n de la tarea docente en la ense\u00f1anza en el nivel secundario: configuraci\u00f3n de las decisiones did\u00e1cticas.<\/strong><\/p>\n<p>ANALISIS E INTERVENCI\u00d3N EN SITUACIONES DE CONVIVENCIA ESCOLAR \/ 2 HS<\/p>\n<p>TUTOR\u00cdAS Y ORIENTACI\u00d3N ESCOLAR \/ 2 HS<\/p>\n<p>ESPACIO DE DEFINICI\u00d3N INSTITUCIONAL \/ 2HS<\/p>\n<p>PR\u00c1CTICAS DISCURSIVAS DE LA COMUNICACI\u00d3N ORAL IV \/ 5 HS<\/p>\n<p>PR\u00c1CTICAS DISCURSIVAS DE LA COMUNICACI\u00d3N ESCRITA IV \/ 5 HS<\/p>\n<p>FUNDAMENTOS DE LA ENSE\u00d1ANZA Y APRENDIZAJE DEL INGL\u00c9S III \/ 3 HS<\/p>\n<p>ESTUDIOS INTERCULTURALES EN LENGUA INGLESA IV \/ 2 HS<\/p>\n<p>CAMPO DE LA FORMACI\u00d3N EN LA PR\u00c1CTICA PROFESIONAL DE CUARTO A\u00d1O \/ 5 HS<\/p>\n","protected":false},"excerpt":{"rendered":"<p>DISE\u00d1O CURRICULAR AQU\u00cd PROFESORADO DE INGL\u00c9S -CONSIDERACIONES SOBRE LA CARRERA PLAN DE ESTUDIOS PROFESORADO DE INGL\u00c9S- ISFD 11 RES. 1860\/2017 1er A\u00d1O. Eje: Sujetos y contextos de realizaci\u00f3n de las pr\u00e1cticas educativas PEDAGOG\u00cdA \/ 2HS PROBLEMAS SOCIO INSTITUCIONALES \/ 2HS DID\u00c1CTICA GENERAL \/ 2 HS PR\u00c1CTICAS DISCURSIVAS DE LA COMUNICACI\u00d3N ORAL I \/4 HS PR\u00c1CTICAS &#8230; <a title=\"Plan de Estudios\" class=\"read-more\" href=\"https:\/\/isfd11-bue.infd.edu.ar\/sitio\/profesorado-en-ingles\/plan-de-estudios-5\/\" aria-label=\"More on Plan de Estudios\">[+]<\/a><\/p>\n","protected":false},"author":2645,"featured_media":0,"parent":865,"menu_order":0,"comment_status":"closed","ping_status":"closed","template":"","meta":[],"acf":[],"_links":{"self":[{"href":"https:\/\/isfd11-bue.infd.edu.ar\/sitio\/wp-json\/wp\/v2\/pages\/905"}],"collection":[{"href":"https:\/\/isfd11-bue.infd.edu.ar\/sitio\/wp-json\/wp\/v2\/pages"}],"about":[{"href":"https:\/\/isfd11-bue.infd.edu.ar\/sitio\/wp-json\/wp\/v2\/types\/page"}],"author":[{"embeddable":true,"href":"https:\/\/isfd11-bue.infd.edu.ar\/sitio\/wp-json\/wp\/v2\/users\/2645"}],"replies":[{"embeddable":true,"href":"https:\/\/isfd11-bue.infd.edu.ar\/sitio\/wp-json\/wp\/v2\/comments?post=905"}],"version-history":[{"count":4,"href":"https:\/\/isfd11-bue.infd.edu.ar\/sitio\/wp-json\/wp\/v2\/pages\/905\/revisions"}],"predecessor-version":[{"id":5705,"href":"https:\/\/isfd11-bue.infd.edu.ar\/sitio\/wp-json\/wp\/v2\/pages\/905\/revisions\/5705"}],"up":[{"embeddable":true,"href":"https:\/\/isfd11-bue.infd.edu.ar\/sitio\/wp-json\/wp\/v2\/pages\/865"}],"wp:attachment":[{"href":"https:\/\/isfd11-bue.infd.edu.ar\/sitio\/wp-json\/wp\/v2\/media?parent=905"}],"curies":[{"name":"wp","href":"https:\/\/api.w.org\/{rel}","templated":true}]}}