{"id":917,"date":"2018-07-10T12:45:28","date_gmt":"2018-07-10T15:45:28","guid":{"rendered":"https:\/\/isfd11-bue.infd.edu.ar\/sitio\/?page_id=917"},"modified":"2026-03-03T20:33:39","modified_gmt":"2026-03-03T23:33:39","slug":"horarios-2026","status":"publish","type":"page","link":"https:\/\/isfd11-bue.infd.edu.ar\/sitio\/horarios-2026\/","title":{"rendered":"HORARIOS 2026"},"content":{"rendered":"\n<p class=\"has-text-color has-large-font-size\" style=\"color:#e716d7\"><strong>ATENCI\u00d3N: DEBIDO A LOS CAMBIOS DE PLANES DE ESTUDIOS Y REASIGNACIONES DOCENTES, LOS HORARIOS EST\u00c1N SUJETOS A MODIFICACIONES.<\/strong><\/p>\n\n\n\n<p class=\"has-base-3-color has-midnight-gradient-background has-text-color has-background\"><strong>Haciendo click <a href=\"https:\/\/docs.google.com\/spreadsheets\/d\/121LBVf-dp_G7oZ1lLj--4HZJ8auD7Y2P\/edit?usp=sharing&amp;ouid=108334370511891184581&amp;rtpof=true&amp;sd=true\">AQU\u00cd <\/a> podr\u00e1n acceder a<\/strong> l<strong>a grilla horaria. Deber\u00e1n buscar por pesta\u00f1as el turno y la carrera que desean.<\/strong> <\/p>\n\n\n\n<p class=\"has-base-3-color has-cool-to-warm-spectrum-gradient-background has-text-color has-background\">IMPORTANTE: Los horarios de los grupos de PR\u00c1CTICA DE LOS PROFESORADOS DE EDUCACI\u00d3N PRIMARIA E INICIAL ESTAR\u00c1N DISPONIBLES EN LA CARTELERA DEL INSTITUTO.<\/p>\n\n\n\n<p><\/p>\n\n\n\n<p><\/p>\n\n\n\n<p><\/p>\n\n\n\n<p> <\/p>\n\n\n\n<p><\/p>\n\n\n\n<p><\/p>\n\n\n\n<p><\/p>\n\n\n\n<p><\/p>\n\n\n\n<p><\/p>\n","protected":false},"excerpt":{"rendered":"<p>ATENCI\u00d3N: DEBIDO A LOS CAMBIOS DE PLANES DE ESTUDIOS Y REASIGNACIONES DOCENTES, LOS HORARIOS EST\u00c1N SUJETOS A MODIFICACIONES. Haciendo click AQU\u00cd podr\u00e1n acceder a la grilla horaria. Deber\u00e1n buscar por pesta\u00f1as el turno y la carrera que desean. IMPORTANTE: Los horarios de los grupos de PR\u00c1CTICA DE LOS PROFESORADOS DE EDUCACI\u00d3N PRIMARIA E INICIAL ESTAR\u00c1N &#8230; <a title=\"HORARIOS 2026\" class=\"read-more\" href=\"https:\/\/isfd11-bue.infd.edu.ar\/sitio\/horarios-2026\/\" aria-label=\"More on HORARIOS 2026\">[+]<\/a><\/p>\n","protected":false},"author":1787,"featured_media":0,"parent":0,"menu_order":0,"comment_status":"closed","ping_status":"closed","template":"","meta":[],"acf":[],"_links":{"self":[{"href":"https:\/\/isfd11-bue.infd.edu.ar\/sitio\/wp-json\/wp\/v2\/pages\/917"}],"collection":[{"href":"https:\/\/isfd11-bue.infd.edu.ar\/sitio\/wp-json\/wp\/v2\/pages"}],"about":[{"href":"https:\/\/isfd11-bue.infd.edu.ar\/sitio\/wp-json\/wp\/v2\/types\/page"}],"author":[{"embeddable":true,"href":"https:\/\/isfd11-bue.infd.edu.ar\/sitio\/wp-json\/wp\/v2\/users\/1787"}],"replies":[{"embeddable":true,"href":"https:\/\/isfd11-bue.infd.edu.ar\/sitio\/wp-json\/wp\/v2\/comments?post=917"}],"version-history":[{"count":23,"href":"https:\/\/isfd11-bue.infd.edu.ar\/sitio\/wp-json\/wp\/v2\/pages\/917\/revisions"}],"predecessor-version":[{"id":6268,"href":"https:\/\/isfd11-bue.infd.edu.ar\/sitio\/wp-json\/wp\/v2\/pages\/917\/revisions\/6268"}],"wp:attachment":[{"href":"https:\/\/isfd11-bue.infd.edu.ar\/sitio\/wp-json\/wp\/v2\/media?parent=917"}],"curies":[{"name":"wp","href":"https:\/\/api.w.org\/{rel}","templated":true}]}}