{"id":928,"date":"2018-06-29T18:59:56","date_gmt":"2018-06-29T21:59:56","guid":{"rendered":"https:\/\/isfd11-bue.infd.edu.ar\/sitio\/fotos-y-videos\/"},"modified":"2025-07-10T10:10:58","modified_gmt":"2025-07-10T13:10:58","slug":"fotos-y-videos","status":"publish","type":"page","link":"https:\/\/isfd11-bue.infd.edu.ar\/sitio\/fotos-y-videos\/","title":{"rendered":"Fotos y Videos"},"content":{"rendered":"\n<p>Gracias a la gesti\u00f3n de nuestras Bibliotecarias, Ana del Rizzo y Carolina Ayala, pudimos reflexionar sobre la formaci\u00f3n docente junto a la pedagoga Andrea Alliaud. Compartimos una jornada de mucho aprendizaje con estudiantes de todas nuestras carreras. <\/p>\n\n\n\n<figure class=\"wp-block-gallery has-nested-images columns-default is-cropped wp-block-gallery-1 is-layout-flex\">\n<figure class=\"wp-block-image size-large\"><img decoding=\"async\" loading=\"lazy\" width=\"960\" height=\"1280\" data-id=\"5677\"  src=\"https:\/\/isfd11-bue.infd.edu.ar\/sitio\/wp-content\/uploads\/2025\/07\/WhatsApp-Image-2025-06-25-at-12.25.57-1.jpeg\" alt=\"\" class=\"wp-image-5677\" srcset=\"https:\/\/isfd11-bue.infd.edu.ar\/sitio\/wp-content\/uploads\/2025\/07\/WhatsApp-Image-2025-06-25-at-12.25.57-1.jpeg 960w, https:\/\/isfd11-bue.infd.edu.ar\/sitio\/wp-content\/uploads\/2025\/07\/WhatsApp-Image-2025-06-25-at-12.25.57-1-750x1000.jpeg 750w, https:\/\/isfd11-bue.infd.edu.ar\/sitio\/wp-content\/uploads\/2025\/07\/WhatsApp-Image-2025-06-25-at-12.25.57-1-768x1024.jpeg 768w\" sizes=\"(max-width: 960px) 100vw, 960px\" \/><\/figure>\n<\/figure>\n\n\n\n<p>Compartimos fotos de las \u00faltimas salidas educativas de nuestros\/as estudiantes durante el mes de junio.<\/p>\n\n\n\n<p>Las estudiantes de Nivel Inicial compartieron una jornada de mucho aprendizaje en el Taller de ESI, con la participaci\u00f3n del Equipo T\u00e9cnico Regional del CIIE de Lan\u00fas. <\/p>\n\n\n<div class=\"wp-block-image\">\n<figure class=\"aligncenter size-full is-resized\"><img decoding=\"async\" loading=\"lazy\" src=\"https:\/\/isfd11-bue.infd.edu.ar\/sitio\/wp-content\/uploads\/2025\/07\/ESI-1.jpeg\" alt=\"\" class=\"wp-image-5674\" width=\"488\" height=\"366\" srcset=\"https:\/\/isfd11-bue.infd.edu.ar\/sitio\/wp-content\/uploads\/2025\/07\/ESI-1.jpeg 1600w, https:\/\/isfd11-bue.infd.edu.ar\/sitio\/wp-content\/uploads\/2025\/07\/ESI-1-1000x750.jpeg 1000w, https:\/\/isfd11-bue.infd.edu.ar\/sitio\/wp-content\/uploads\/2025\/07\/ESI-1-768x576.jpeg 768w, https:\/\/isfd11-bue.infd.edu.ar\/sitio\/wp-content\/uploads\/2025\/07\/ESI-1-1536x1152.jpeg 1536w\" sizes=\"(max-width: 488px) 100vw, 488px\" \/><\/figure><\/div>\n\n\n<p>Las alumnas de 4\u00ba 3\u00aa de Prof de Inicial, junto a sus Profesores Viviana Parody y Jonathan Di Paola, visitaron el Concejo Deliberante. Gracias a la gesti\u00f3n de Paola Castillo, Directora de Educaci\u00f3n del Honorable Concejo Deliberante y ex alumna de nuestro Instituto, pudimos conocer c\u00f3mo funciona el Concejo, visitar sus bloques, y comprender el proceso mediante el cual se arriba a la participaci\u00f3n ciudadana en materia de Legislaci\u00f3n local. Tambi\u00e9n se dio informaci\u00f3n respecto de las Direcciones de Discapacidad y G\u00e9nero, entre otras, que tanto hacen a la cotidianidad pedag\u00f3gica del nivel inicial.<\/p>\n\n\n<div class=\"wp-block-image\">\n<figure class=\"aligncenter size-full is-resized\"><img decoding=\"async\" loading=\"lazy\" src=\"https:\/\/isfd11-bue.infd.edu.ar\/sitio\/wp-content\/uploads\/2025\/07\/97b72cad-396a-4d92-9e5a-13c36aa88491.jpeg\" alt=\"\" class=\"wp-image-5670\" width=\"692\" height=\"389\" srcset=\"https:\/\/isfd11-bue.infd.edu.ar\/sitio\/wp-content\/uploads\/2025\/07\/97b72cad-396a-4d92-9e5a-13c36aa88491.jpeg 1599w, https:\/\/isfd11-bue.infd.edu.ar\/sitio\/wp-content\/uploads\/2025\/07\/97b72cad-396a-4d92-9e5a-13c36aa88491-1000x562.jpeg 1000w, https:\/\/isfd11-bue.infd.edu.ar\/sitio\/wp-content\/uploads\/2025\/07\/97b72cad-396a-4d92-9e5a-13c36aa88491-768x432.jpeg 768w, https:\/\/isfd11-bue.infd.edu.ar\/sitio\/wp-content\/uploads\/2025\/07\/97b72cad-396a-4d92-9e5a-13c36aa88491-1536x864.jpeg 1536w\" sizes=\"(max-width: 692px) 100vw, 692px\" \/><\/figure><\/div>\n\n\n<p><\/p>\n\n\n\n<p class=\"has-text-align-center\"><strong>CHARLA CON ATILIO BOR\u00d3N- SEPTIEMBRE 2021<\/strong><\/p>\n\n\n\n<figure class=\"wp-block-embed is-type-video is-provider-youtube wp-block-embed-youtube wp-embed-aspect-16-9 wp-has-aspect-ratio\"><div class=\"wp-block-embed__wrapper\">\n<iframe loading=\"lazy\" title=\"24 de Septiembre Atilio Boron en el ISFD 11\" width=\"1200\" height=\"675\" src=\"https:\/\/www.youtube.com\/embed\/dn3SirKy6Lk?feature=oembed\" frameborder=\"0\" allow=\"accelerometer; autoplay; clipboard-write; encrypted-media; gyroscope; picture-in-picture; web-share\" referrerpolicy=\"strict-origin-when-cross-origin\" allowfullscreen><\/iframe>\n<\/div><\/figure>\n\n\n\n<p><\/p>\n\n\n\n<p><\/p>\n\n\n\n<p class=\"has-text-align-center\"><strong>CHARLA CON ALCIRA ARGUMEDO &#8211; SEPTIEMBRE 2020<\/strong><\/p>\n\n\n\n<figure class=\"wp-block-embed is-type-video is-provider-youtube wp-block-embed-youtube wp-embed-aspect-16-9 wp-has-aspect-ratio\"><div class=\"wp-block-embed__wrapper\">\n<iframe loading=\"lazy\" title=\"DE &quot;CIVILIZACI\u00d3N Y BARBARIE&quot; AL HUMANISMO NACIONAL Y POPULAR\" width=\"1200\" height=\"675\" src=\"https:\/\/www.youtube.com\/embed\/I6NYzmAKYts?feature=oembed\" frameborder=\"0\" allow=\"accelerometer; autoplay; clipboard-write; encrypted-media; gyroscope; picture-in-picture; web-share\" referrerpolicy=\"strict-origin-when-cross-origin\" allowfullscreen><\/iframe>\n<\/div><\/figure>\n\n\n\n<p><\/p>\n\n\n\n<p class=\"has-text-align-center\"><strong>CHARLA CON MARIO OPORTO- JUNIO 2021<\/strong><\/p>\n\n\n\n<div style=\"width: 640px;\" class=\"wp-video\"><!--[if lt IE 9]><script>document.createElement('video');<\/script><![endif]-->\n<video class=\"wp-video-shortcode\" id=\"video-928-1\" width=\"640\" height=\"360\" preload=\"metadata\" controls=\"controls\"><source type=\"video\/mp4\" src=\"https:\/\/cdn.continuemosestudiando.abc.gob.ar\/uploads\/85b18571-de22-42e3-9109-db9d23cc9e35.mp4?_=1\" \/><a href=\"https:\/\/cdn.continuemosestudiando.abc.gob.ar\/uploads\/85b18571-de22-42e3-9109-db9d23cc9e35.mp4\">https:\/\/cdn.continuemosestudiando.abc.gob.ar\/uploads\/85b18571-de22-42e3-9109-db9d23cc9e35.mp4<\/a><\/video><\/div>\n\n\n<p><\/p>\n<p style=\"text-align: center;\"><span style=\"font-size: 24pt;\"><strong>NOVIEMBRE 2011\/12<\/strong><\/span><\/p>\n<p style=\"text-align: center;\">\n<\/p><p>&nbsp;<iframe loading=\"lazy\" src=\"https:\/\/www.youtube.com\/embed\/kgfhZiCofPg\" width=\"720\" height=\"359\" frameborder=\"0\" allowfullscreen=\"allowfullscreen\"><\/iframe><\/p>\n<p><\/p>\n<p><iframe loading=\"lazy\" src=\"https:\/\/www.youtube.com\/embed\/0UUMcpfIH_E?wmode=transparent\" width=\"724\" height=\"407\" frameborder=\"0\" allowfullscreen=\"allowfullscreen\"><\/iframe><\/p>\n<p><\/p>\n\n\n<p><\/p>\n","protected":false},"excerpt":{"rendered":"<p>Gracias a la gesti\u00f3n de nuestras Bibliotecarias, Ana del Rizzo y Carolina Ayala, pudimos reflexionar sobre la formaci\u00f3n docente junto a la pedagoga Andrea Alliaud. Compartimos una jornada de mucho aprendizaje con estudiantes de todas nuestras carreras. Compartimos fotos de las \u00faltimas salidas educativas de nuestros\/as estudiantes durante el mes de junio. Las estudiantes de &#8230; <a title=\"Fotos y Videos\" class=\"read-more\" href=\"https:\/\/isfd11-bue.infd.edu.ar\/sitio\/fotos-y-videos\/\" aria-label=\"More on Fotos y Videos\">[+]<\/a><\/p>\n","protected":false},"author":2645,"featured_media":0,"parent":0,"menu_order":0,"comment_status":"closed","ping_status":"closed","template":"","meta":[],"acf":[],"_links":{"self":[{"href":"https:\/\/isfd11-bue.infd.edu.ar\/sitio\/wp-json\/wp\/v2\/pages\/928"}],"collection":[{"href":"https:\/\/isfd11-bue.infd.edu.ar\/sitio\/wp-json\/wp\/v2\/pages"}],"about":[{"href":"https:\/\/isfd11-bue.infd.edu.ar\/sitio\/wp-json\/wp\/v2\/types\/page"}],"author":[{"embeddable":true,"href":"https:\/\/isfd11-bue.infd.edu.ar\/sitio\/wp-json\/wp\/v2\/users\/2645"}],"replies":[{"embeddable":true,"href":"https:\/\/isfd11-bue.infd.edu.ar\/sitio\/wp-json\/wp\/v2\/comments?post=928"}],"version-history":[{"count":8,"href":"https:\/\/isfd11-bue.infd.edu.ar\/sitio\/wp-json\/wp\/v2\/pages\/928\/revisions"}],"predecessor-version":[{"id":5680,"href":"https:\/\/isfd11-bue.infd.edu.ar\/sitio\/wp-json\/wp\/v2\/pages\/928\/revisions\/5680"}],"wp:attachment":[{"href":"https:\/\/isfd11-bue.infd.edu.ar\/sitio\/wp-json\/wp\/v2\/media?parent=928"}],"curies":[{"name":"wp","href":"https:\/\/api.w.org\/{rel}","templated":true}]}}