{"id":932,"date":"2018-06-29T18:59:58","date_gmt":"2018-06-29T21:59:58","guid":{"rendered":"https:\/\/isfd11-bue.infd.edu.ar\/sitio\/ciclo-lectivo-2018\/"},"modified":"2026-03-03T20:36:47","modified_gmt":"2026-03-03T23:36:47","slug":"pre-inscripcion-2026","status":"publish","type":"page","link":"https:\/\/isfd11-bue.infd.edu.ar\/sitio\/pre-inscripcion-2026\/","title":{"rendered":"PRE-INSCRIPCI\u00d3N  2026"},"content":{"rendered":"\n<p class=\"has-base-3-color has-text-color has-background has-medium-font-size\" style=\"background-color:#f27ef1\"><strong>ATENCI\u00d3N INGRESANTES AL PROFESORADO DE INGL\u00c9S<\/strong><\/p>\n\n\n\n<p>Ingresando al siguiente <a href=\"https:\/\/drive.google.com\/file\/d\/1af2LaPy86LQqPWIy8P6IAxx2Yxn0k43o\/view?usp=sharing\">LINK<\/a> podr\u00e1n encontrar su ubicaci\u00f3n en CUFBA o en 1\u00ba A\u00d1O 2026.<\/p>\n\n\n\n<p>Es absolutamente necesario que quienes se hayan pre-inscripto mediante el Sistema SIU GUARAN\u00cd, se acerquen hasta el pr\u00f3ximo 30\/12 entre las 9:00 y las 20:00, a completar la inscripci\u00f3n con la entrega de la documentaci\u00f3n requerida en formato papel.<\/p>\n\n\n\n<p>Quienes no se hayan presentado al examen de proficiencia y deseen ingresar a la carrera, podr\u00e1n hacerlo presentando toda la documentaci\u00f3n hasta el d\u00eda 30\/12.<\/p>\n\n\n\n<p class=\"has-text-align-center has-base-3-color has-light-green-cyan-to-vivid-green-cyan-gradient-background has-text-color has-background has-medium-font-size\"><strong>Se informa que el pr\u00f3ximo MI\u00c9RCOLES 17 DE DICIEMBRE a las 13:00 deber\u00e1n concurrir al Instituto a realizar el EXAMEN DE PROFICIENCIA para el ingreso a la carrera.<\/strong><\/p>\n\n\n\n<p><\/p>\n\n\n\n<p class=\"has-base-3-background-color has-background\">El examen consta de dos componentes:<\/p>\n\n\n\n<ul>\n<li>Una redacci\u00f3n de entre 120 y 150 palabras sobre un tema general que se presentar\u00e1 en el momento del examen.<\/li>\n\n\n\n<li>Una breve entrevista oral de la que participar\u00e1n 2 (dos) candidatos por vez.<\/li>\n<\/ul>\n\n\n\n<p>En el siguiente link podr\u00e1n encontrar actividades de pr\u00e1ctica para el examen:<\/p>\n\n\n\n<p><a href=\"https:\/\/ingles-ingresoycares.blogspot.com\/2020\/12\/interesting-videos.html\">https:\/\/ingles-ingresoycares.blogspot.com\/2020\/12\/interesting-videos.html<\/a><\/p>\n\n\n\n<p><strong>IMPORTANTE:<\/strong> El examen <strong><em>no es eliminatorio<\/em><\/strong>. Se trata de una <strong><em>instancia necesaria<\/em><\/strong> para determinar su ingreso a 1\u00ba a\u00f1o o a CUFBA (Curso de Formaci\u00f3n B\u00e1sica), seg\u00fan las habilidades ling\u00fc\u00edsticas de cada aspirante. &nbsp;El mismo tiene como finalidad determinar los conocimientos de la lengua inglesa del candidato y las posibilidades que tiene de desenvolverse en una clase de 1\u00ba a\u00f1o, aplicando lo que sabe.<\/p>\n\n\n\n<p>Los resultados ser\u00e1n comunicados alrededor del 22 de diciembre v\u00eda correo electr\u00f3nico. No se indicar\u00e1 nota num\u00e9rica, sino INGRESO A CUFBA\/INGRESO A 1\u00ba A\u00d1O.<\/p>\n\n\n\n<p><strong>DOCUMENTACI\u00d3N:<\/strong> <strong>El d\u00eda del examen<\/strong> <strong>los\/as candidatos\/as deber\u00e1n concurrir con:<\/strong><\/p>\n\n\n\n<ul>\n<li>DNI. Original y fotocopia de frente y reverso.<\/li>\n\n\n\n<li>T\u00cdTULO SECUNDARIO O CERTIFICADO DE ESTUDIOS. Original y copia de ambos lados.<\/li>\n\n\n\n<li>PLANILLA DE INSCRIPCI\u00d3N DESCARGABLE DEL SIU GUARAN\u00cd (Descargar, imprimir y adjuntar foto carnet)<\/li>\n\n\n\n<li><a href=\"https:\/\/drive.google.com\/file\/d\/1Owicbe8Rucq6MINdVS6Ir9IHwHrOhIW7\/view?usp=sharing\">FICHA DE SALUD<\/a> (Descargar, imprimir y completar)<\/li>\n\n\n\n<li>FOLIO con la documentaci\u00f3n solicitada.<\/li>\n\n\n\n<li>Bono contribuci\u00f3n Cooperadora (se puede abonar el mismo d\u00eda)<\/li>\n<\/ul>\n\n\n\n<p class=\"has-background\" style=\"background-color:#82edb6\">&nbsp;El <strong>PROFESORADO DE INGL\u00c9S<\/strong> se cursa solamente en el <strong>TURNO TARDE<\/strong> de lunes a viernes de 13:30 a 17:40.<\/p>\n\n\n\n<h2 class=\"wp-block-heading has-text-align-center has-base-3-color has-cool-to-warm-spectrum-gradient-background has-text-color has-background\"><strong>ATENCI\u00d3N INGRESANTES 2026<\/strong><\/h2>\n\n\n\n<p> <p class=\"has-accent-color has-text-color\">A partir del <strong>MI\u00c9RCOLES 3 DE DICIEMBRE<\/strong> ,y durante los d\u00edas subsiguientes, comenzar\u00e1n a recibir de manera INDIVIDUAL un <strong>CORREO ELECTR\u00d3NICO<\/strong> en el cual se les indicar\u00e1 la fecha en que deber\u00e1n presentar la <strong>DOCUMENTACI\u00d3N<\/strong> en formato papel en nuestro Instituto.<\/p>   <p class=\"has-accent-color has-text-color\"><strong>IMPORTANTE:<\/strong>  No todos recibir\u00e1n el correo al mismo tiempo, por lo tanto se les recomienda revisar sus casillas a diario. <\/p>   <p class=\"has-accent-color has-text-color\">En caso de no recibir ning\u00fan correo hasta el d\u00eda 15\/12, DEBER\u00c1N PRESENTARSE personalmente en el Instituto el d\u00eda 20\/12 con toda la documentaci\u00f3n.<\/p> <\/p>\n\n\n<h5><span style=\"font-size: 20px;\">La <span style=\"color: #3366ff;\"><strong>PRE-INSCRIPCI\u00d3N<\/strong> ON-LINE <\/span><\/span><span style=\"font-size: 20px;\">estar\u00e1 abierta a partir del <span style=\"color: #ff6600;\">3 de noviembre de 2025.<\/span><\/span><\/h5>\n<h5><span style=\"font-size: 20px;\">Se har\u00e1 ingresando por desde esta p\u00e1gina mediante el sistema <span style=\"color: #ff6600;\">SIU GUARAN\u00cd&nbsp;<span style=\"color: #3366ff;\"><span style=\"color: #000000;\">haciendo click<\/span> <a href=\"https:\/\/preinscripcion.guaranipba.siu.edu.ar\/\">AQU\u00cd<\/a>.<\/span><\/span><\/span><\/h5>\n<h5><strong>La <span style=\"color: #800080;\">INSCRIPCI\u00d3N<\/span> se completar\u00e1 con la entrega de la documentaci\u00f3n en formato <span style=\"color: #00ccff;\">PAPEL en el INSTITUTO<\/span>&nbsp; a partir del mes de diciembre. <\/strong><\/h5>\n<h5><strong>Recibir\u00e1n un correo en el cual se les indicar\u00e1 d\u00eda y horario de presentaci\u00f3n de documentaci\u00f3n.&nbsp;<\/strong><\/h5>\n<p>CUOTA ANUAL DE COOPERADORA: $30.000<\/p>\n<p style=\"text-align: center;\"><span style=\"color: #ff0000;\">\u00a1No te pierdas las charlas informativas para conocer la OFERTA DE CARRERAS y LA MODALIDAD DE INSCRIPCI\u00d3N!<\/span><\/p>\n<p style=\"text-align: center;\">Haciendo click<a href=\"https:\/\/www.youtube.com\/watch?v=1sd8rDHb0nk\"> AQU\u00cd<\/a> podr\u00e1s ingresar al tutorial y conocer todo sobre la pre-inscripci\u00f3n on-line.<\/p>\n<div>\n<table dir=\"ltr\" style=\"height: 594px;\" border=\"1\" width=\"5\" cellspacing=\"0\" cellpadding=\"0\">\n<tbody>\n<tr>\n<td style=\"text-align: center;\" colspan=\"3\" rowspan=\"1\"><span style=\"color: #0000ff;\">ISFD N\u00ba 11<\/span><\/td>\n<\/tr>\n<tr>\n<td><span style=\"color: #ff0000;\">CARRERAS<\/span><\/td>\n<td><span style=\"color: #ff0000;\">COMIENZO DE PREINSCRIPCI\u00d3N<\/span><\/td>\n<td><span style=\"color: #ff0000;\">HORA<\/span><\/td>\n<\/tr>\n<tr>\n<td>Profesor\/a de Educaci\u00f3n Secundaria en Ciencia Pol\u00edtica<\/td>\n<td>03\/11\/2025<\/td>\n<td>09:00 HS.<\/td>\n<\/tr>\n<tr>\n<td>Profesor\/a de Educaci\u00f3n Secundaria en Econom\u00eda<\/td>\n<td>04\/11\/2025<\/td>\n<td>09:00 HS.<\/td>\n<\/tr>\n<tr>\n<td>Profesor\/a de Educaci\u00f3n Inicial<\/td>\n<td>10\/11\/2025<\/td>\n<td>09:00 HS.<\/td>\n<\/tr>\n<tr>\n<td>Profesor\/a de Educaci\u00f3n Primaria<\/td>\n<td>12\/11\/2025<\/td>\n<td>09:00 HS.<\/td>\n<\/tr>\n<tr>\n<td>Profesor\/a de Ingl\u00e9s<\/td>\n<td>19\/11\/2025<\/td>\n<td>09:00 HS.<\/td>\n<\/tr>\n<tr>\n<td>Profesor\/a de Educaci\u00f3n Secundaria en Matem\u00e1tica<\/td>\n<td>01\/12\/2025<\/td>\n<td>09:00 HS.<\/td>\n<\/tr>\n<\/tbody>\n<\/table>\n<\/div>\n<div>&nbsp;<\/div>\n<p style=\"text-align: center;\"><span style=\"color: #ff0000;\"><img decoding=\"async\" loading=\"lazy\" class=\"alignnone  wp-image-5950\" src=\"https:\/\/isfd11-bue.infd.edu.ar\/sitio\/wp-content\/uploads\/2025\/10\/charlas-info-706x1000.jpeg\" alt=\"\" width=\"304\" height=\"431\" srcset=\"https:\/\/isfd11-bue.infd.edu.ar\/sitio\/wp-content\/uploads\/2025\/10\/charlas-info-706x1000.jpeg 706w, https:\/\/isfd11-bue.infd.edu.ar\/sitio\/wp-content\/uploads\/2025\/10\/charlas-info-768x1087.jpeg 768w, https:\/\/isfd11-bue.infd.edu.ar\/sitio\/wp-content\/uploads\/2025\/10\/charlas-info.jpeg 904w\" sizes=\"(max-width: 304px) 100vw, 304px\" \/> <img decoding=\"async\" loading=\"lazy\" class=\"alignnone  wp-image-5953\" src=\"https:\/\/isfd11-bue.infd.edu.ar\/sitio\/wp-content\/uploads\/2025\/10\/WhatsApp-Image-2025-10-30-at-13.44.10-819x1000.jpeg\" alt=\"\" width=\"347\" height=\"423\" srcset=\"https:\/\/isfd11-bue.infd.edu.ar\/sitio\/wp-content\/uploads\/2025\/10\/WhatsApp-Image-2025-10-30-at-13.44.10-819x1000.jpeg 819w, https:\/\/isfd11-bue.infd.edu.ar\/sitio\/wp-content\/uploads\/2025\/10\/WhatsApp-Image-2025-10-30-at-13.44.10-768x938.jpeg 768w, https:\/\/isfd11-bue.infd.edu.ar\/sitio\/wp-content\/uploads\/2025\/10\/WhatsApp-Image-2025-10-30-at-13.44.10-1258x1536.jpeg 1258w, https:\/\/isfd11-bue.infd.edu.ar\/sitio\/wp-content\/uploads\/2025\/10\/WhatsApp-Image-2025-10-30-at-13.44.10.jpeg 1290w\" sizes=\"(max-width: 347px) 100vw, 347px\" \/><\/span><\/p>\n<h6>&nbsp;<\/h6>","protected":false},"excerpt":{"rendered":"<p>ATENCI\u00d3N INGRESANTES AL PROFESORADO DE INGL\u00c9S Ingresando al siguiente LINK podr\u00e1n encontrar su ubicaci\u00f3n en CUFBA o en 1\u00ba A\u00d1O 2026. Es absolutamente necesario que quienes se hayan pre-inscripto mediante el Sistema SIU GUARAN\u00cd, se acerquen hasta el pr\u00f3ximo 30\/12 entre las 9:00 y las 20:00, a completar la inscripci\u00f3n con la entrega de la &#8230; <a title=\"PRE-INSCRIPCI\u00d3N  2026\" class=\"read-more\" href=\"https:\/\/isfd11-bue.infd.edu.ar\/sitio\/pre-inscripcion-2026\/\" aria-label=\"More on PRE-INSCRIPCI\u00d3N  2026\">[+]<\/a><\/p>\n","protected":false},"author":5369,"featured_media":0,"parent":0,"menu_order":0,"comment_status":"closed","ping_status":"closed","template":"","meta":[],"acf":[],"_links":{"self":[{"href":"https:\/\/isfd11-bue.infd.edu.ar\/sitio\/wp-json\/wp\/v2\/pages\/932"}],"collection":[{"href":"https:\/\/isfd11-bue.infd.edu.ar\/sitio\/wp-json\/wp\/v2\/pages"}],"about":[{"href":"https:\/\/isfd11-bue.infd.edu.ar\/sitio\/wp-json\/wp\/v2\/types\/page"}],"author":[{"embeddable":true,"href":"https:\/\/isfd11-bue.infd.edu.ar\/sitio\/wp-json\/wp\/v2\/users\/5369"}],"replies":[{"embeddable":true,"href":"https:\/\/isfd11-bue.infd.edu.ar\/sitio\/wp-json\/wp\/v2\/comments?post=932"}],"version-history":[{"count":57,"href":"https:\/\/isfd11-bue.infd.edu.ar\/sitio\/wp-json\/wp\/v2\/pages\/932\/revisions"}],"predecessor-version":[{"id":6219,"href":"https:\/\/isfd11-bue.infd.edu.ar\/sitio\/wp-json\/wp\/v2\/pages\/932\/revisions\/6219"}],"wp:attachment":[{"href":"https:\/\/isfd11-bue.infd.edu.ar\/sitio\/wp-json\/wp\/v2\/media?parent=932"}],"curies":[{"name":"wp","href":"https:\/\/api.w.org\/{rel}","templated":true}]}}