{"id":939,"date":"2018-06-29T19:00:00","date_gmt":"2018-06-29T22:00:00","guid":{"rendered":"https:\/\/isfd11-bue.infd.edu.ar\/sitio\/beca-compromiso-docente-2018-infod\/"},"modified":"2024-05-05T17:38:06","modified_gmt":"2024-05-05T20:38:06","slug":"cipe","status":"publish","type":"page","link":"https:\/\/isfd11-bue.infd.edu.ar\/sitio\/cipe\/","title":{"rendered":"CIPE-COORDINADOR INSTITUCIONAL POL\u00cdTICAS ESTUDIANTILES"},"content":{"rendered":"\n<p><\/p>\n\n\n\n<p class=\"has-text-align-center\"><\/p>\n\n\n\n<p><\/p>\n\n\n\n<p>&#8212;&#8212;&#8212;&#8212;&#8212;&#8212;&#8212;&#8212;&#8212;&#8212;&#8212;&#8212;&#8212;&#8212;&#8212;&#8212;&#8212;&#8212;&#8212;&#8212;&#8212;&#8212;&#8212;&#8212;&#8212;&#8212;&#8212;&#8212;&#8212;&#8212;&#8212;&#8212;&#8212;&#8212;&#8212;&#8212;&#8212;&#8212;&#8212;&#8212;&#8212;&#8212;&#8212;&#8212;&#8212;&#8212;&#8212;&#8212;&#8212;&#8212;&#8212;&#8212;&#8212;&#8212;&#8212;&#8212;&#8212;&#8212;&#8212;&#8212;&#8212;&#8212;&#8212;&#8212;&#8212;&#8212;&#8212;&#8212;&#8212;&#8212;&#8212;&#8212;-<\/p>\n\n\n\n<p><\/p>\n\n\n\n<p><\/p>\n\n\n\n<p><\/p>\n\n\n\n<p><\/p>\n\n\n\n<h2 class=\"wp-block-heading has-text-align-center\">Organizado por el centro de estudiantes, el d\u00eda s\u00e1bado,&nbsp; 15 de abril,&nbsp; realizamos una jornada de mejoramiento de espacios en ambas sedes. Entre otras tareas se reemplazaron luminarias, se repararon puertas, pisos y realiz\u00f3 limpieza integral de espacios comunes y de aulas.<br>Agradecemos a Directivos, Docentes, miembros del CAI, ex estudiantes, delegados y estudiantes por el compromiso.<br>Como dice Francisco \u00abNadie se salva solo\u00bb.<br>Ninguno de nosotros es mejor que todos juntos.<\/h2>\n\n\n\n<figure class=\"wp-block-gallery has-nested-images columns-default is-cropped wp-block-gallery-1 is-layout-flex\">\n<figure class=\"wp-block-image size-large\"><img decoding=\"async\" loading=\"lazy\" width=\"940\" height=\"788\" data-id=\"3836\"  src=\"https:\/\/isfd11-bue.infd.edu.ar\/sitio\/wp-content\/uploads\/2023\/04\/WhatsApp-Image-2023-04-16-at-21.38.58.jpeg\" alt=\"\" class=\"wp-image-3836\" srcset=\"https:\/\/isfd11-bue.infd.edu.ar\/sitio\/wp-content\/uploads\/2023\/04\/WhatsApp-Image-2023-04-16-at-21.38.58.jpeg 940w, https:\/\/isfd11-bue.infd.edu.ar\/sitio\/wp-content\/uploads\/2023\/04\/WhatsApp-Image-2023-04-16-at-21.38.58-768x644.jpeg 768w\" sizes=\"(max-width: 940px) 100vw, 940px\" \/><\/figure>\n<\/figure>\n\n\n\n<p class=\"has-medium-font-size\">EN LA JORNADA DEL S\u00c1BADO 08 DE ABRIL, ESTUDIANTES Y DOCENTES EGRESADAS\/OS DE NUESTRO INSTITUTO SE ENCONTRARON PARA FORTALECER LAS TRAYECTORIAS ESTUDIANTILES EN EL \u00c1REA DE MATEM\u00c1TICA&#8230;.A LO LARGO DEL A\u00d1O SEGUIREMOS ACOMPA\u00d1ANDO Y OFRECIENDO M\u00c1S PROPUESTAS DE FORTALECIMIENTO&#8230;&#8230;<\/p>\n\n\n\n<p class=\"has-text-align-center has-medium-font-size\">EQUIPO DIRECTIVO-ISFD 11- CIPE<\/p>\n\n\n<div class=\"wp-block-image\">\n<figure class=\"aligncenter size-full\"><img decoding=\"async\" loading=\"lazy\" width=\"899\" height=\"1599\" src=\"https:\/\/isfd11-bue.infd.edu.ar\/sitio\/wp-content\/uploads\/2023\/04\/WhatsApp-Image-2023-04-08-at-12.46.06.jpeg\" alt=\"\" class=\"wp-image-3822\" srcset=\"https:\/\/isfd11-bue.infd.edu.ar\/sitio\/wp-content\/uploads\/2023\/04\/WhatsApp-Image-2023-04-08-at-12.46.06.jpeg 899w, https:\/\/isfd11-bue.infd.edu.ar\/sitio\/wp-content\/uploads\/2023\/04\/WhatsApp-Image-2023-04-08-at-12.46.06-562x1000.jpeg 562w, https:\/\/isfd11-bue.infd.edu.ar\/sitio\/wp-content\/uploads\/2023\/04\/WhatsApp-Image-2023-04-08-at-12.46.06-768x1366.jpeg 768w, https:\/\/isfd11-bue.infd.edu.ar\/sitio\/wp-content\/uploads\/2023\/04\/WhatsApp-Image-2023-04-08-at-12.46.06-864x1536.jpeg 864w\" sizes=\"(max-width: 899px) 100vw, 899px\" \/><\/figure><\/div>\n\n\n<p><\/p>\n\n\n<div class=\"wp-block-image\">\n<figure class=\"aligncenter size-full\"><img decoding=\"async\" loading=\"lazy\" width=\"553\" height=\"888\" src=\"https:\/\/isfd11-bue.infd.edu.ar\/sitio\/wp-content\/uploads\/2023\/03\/WhatsApp-Image-2023-03-14-at-19.58.12.jpeg\" alt=\"\" class=\"wp-image-3735\"\/><\/figure><\/div>\n\n\n<p><\/p>\n","protected":false},"excerpt":{"rendered":"<p>&#8212;&#8212;&#8212;&#8212;&#8212;&#8212;&#8212;&#8212;&#8212;&#8212;&#8212;&#8212;&#8212;&#8212;&#8212;&#8212;&#8212;&#8212;&#8212;&#8212;&#8212;&#8212;&#8212;&#8212;&#8212;&#8212;&#8212;&#8212;&#8212;&#8212;&#8212;&#8212;&#8212;&#8212;&#8212;&#8212;&#8212;&#8212;&#8212;&#8212;&#8212;&#8212;&#8212;&#8212;&#8212;&#8212;&#8212;&#8212;&#8212;&#8212;&#8212;&#8212;&#8212;&#8212;&#8212;&#8212;&#8212;&#8212;&#8212;&#8212;&#8212;&#8212;&#8212;&#8212;&#8212;&#8212;&#8212;&#8212;&#8212;&#8212;&#8212;&#8212;- Organizado por el centro de estudiantes, el d\u00eda s\u00e1bado,&nbsp; 15 de abril,&nbsp; realizamos una jornada de mejoramiento de espacios en ambas sedes. Entre otras tareas se reemplazaron luminarias, se repararon puertas, pisos y realiz\u00f3 limpieza integral de espacios comunes y de aulas.Agradecemos a Directivos, Docentes, miembros del CAI, ex estudiantes, delegados y estudiantes por &#8230; <a title=\"CIPE-COORDINADOR INSTITUCIONAL POL\u00cdTICAS ESTUDIANTILES\" class=\"read-more\" href=\"https:\/\/isfd11-bue.infd.edu.ar\/sitio\/cipe\/\" aria-label=\"More on CIPE-COORDINADOR INSTITUCIONAL POL\u00cdTICAS ESTUDIANTILES\">[+]<\/a><\/p>\n","protected":false},"author":1787,"featured_media":0,"parent":0,"menu_order":0,"comment_status":"closed","ping_status":"closed","template":"","meta":[],"acf":[],"_links":{"self":[{"href":"https:\/\/isfd11-bue.infd.edu.ar\/sitio\/wp-json\/wp\/v2\/pages\/939"}],"collection":[{"href":"https:\/\/isfd11-bue.infd.edu.ar\/sitio\/wp-json\/wp\/v2\/pages"}],"about":[{"href":"https:\/\/isfd11-bue.infd.edu.ar\/sitio\/wp-json\/wp\/v2\/types\/page"}],"author":[{"embeddable":true,"href":"https:\/\/isfd11-bue.infd.edu.ar\/sitio\/wp-json\/wp\/v2\/users\/1787"}],"replies":[{"embeddable":true,"href":"https:\/\/isfd11-bue.infd.edu.ar\/sitio\/wp-json\/wp\/v2\/comments?post=939"}],"version-history":[{"count":23,"href":"https:\/\/isfd11-bue.infd.edu.ar\/sitio\/wp-json\/wp\/v2\/pages\/939\/revisions"}],"predecessor-version":[{"id":4650,"href":"https:\/\/isfd11-bue.infd.edu.ar\/sitio\/wp-json\/wp\/v2\/pages\/939\/revisions\/4650"}],"wp:attachment":[{"href":"https:\/\/isfd11-bue.infd.edu.ar\/sitio\/wp-json\/wp\/v2\/media?parent=939"}],"curies":[{"name":"wp","href":"https:\/\/api.w.org\/{rel}","templated":true}]}}